{"id":427,"date":"2009-11-23T00:00:00","date_gmt":"2009-11-22T23:00:00","guid":{"rendered":"http:\/\/www.grappa.no\/albums\/uncategorized\/my-heart-is-ever-present\/"},"modified":"2019-02-22T15:54:05","modified_gmt":"2019-02-22T14:54:05","slug":"my-heart-is-ever-present","status":"publish","type":"product","link":"https:\/\/grappa.no\/no\/albums\/simax-classics\/my-heart-is-ever-present\/","title":{"rendered":"My Heart is Ever Present"},"content":{"rendered":"<p><\/p>\n<p>Tine spiller julen inn<\/p>\n<p>Tine Thing Helseth er noe s\u00e5 sjeldent som en norsk verdensstjerne, er solist med flere av de beste orkestrene i verden og og har mottatt en rekke priser. P\u00e5 \u2018Mitt Hjerte Alltid Vanker\u2019 er det musikken rundt juleh\u00f8ytiden som st\u00e5r i fokus, musikk som ligger Tines hjerte n\u00e6r. En nydelig klassisk utgivelse for alle.<\/p>\n<p>Tines CD-debut i 2007 gjorde henne fortjent til utnevnelsen \u00c5rets Ut\u00f8ver av Spellemannkommiteen, som f\u00f8rste klassiske ut\u00f8ver noen sinne. Utgivelsen har s\u00e5 langt solgt n\u00e6rmere 16 000 eksemplarer verden over, og mottatt flotte kritikker.<\/p>\n<p>\u2013 Julen betyr sv\u00e6rt mye for meg, derfor er dette et dr\u00f8mmeprosjekt. Det har v\u00e6rt ekstra morsomt \u00e5 komponere en egen julesang!, sier Helseth, som p\u00e5 platen kan presentere sin egen komposisjon Engledans. Juleplata byr ogs\u00e5 p\u00e5 flere spor som ikke er direkte knyttet til julen, som de tradisjonsrike salmene Kirken den er et gammelt hus og Eg veit i himmelrik ei borg, samt klassiske verker av H\u00e4ndel og Torelli som med sitt storsl\u00e5tte h\u00f8ytids- og gledespreg ogs\u00e5 gjerne forbindes med juleh\u00f8ytiden.<\/p>\n<p><!--more--><\/p>\n<p>22 \u00e5r gamle Tine Thing Helseth er noe s\u00e5 sjeldent som en norsk verdensstjerne, er solist med flere av de beste orkestrene i verden og og har mottatt en rekke priser. P\u00e5 sin nye CD \u2018Mitt Hjerte Alltid Vanker\u2019 er det musikken rundt juleh\u00f8ytiden som st\u00e5r i fokus, musikk som ligger Tines hjerte n\u00e6r. En nydelig klassisk utgivelse for alle.<\/p>\n<h4>Julens musikk<\/h4>\n<p>Tines CD-debut i 2007 gjorde henne fortjent til utnevnelsen \u00c5rets Ut\u00f8ver av Spellemannkommiteen, som f\u00f8rste klassiske ut\u00f8ver noen sinne. Utgivelsen har s\u00e5 langt solgt n\u00e6rmere 16 000 eksemplarer verden over, og mottatt fantastiske kritikker.<\/p>\n<h4>Egen komposisjon til dr\u00f8mmeprosjektet<\/h4>\n<p>\u2013 Jeg er veldig opptatt av julen, s\u00e5 dette er en plate jeg brenner for, sier den 22 \u00e5r gamle trompetartisten, som debuterte som solist allerede som 10-\u00e5ring, nettopp i jula. Musikken p\u00e5 plata er ukonvensjonell og valgt ut fra Tines kj\u00e6rlighet til nettopp disse julesangene, salmene og klassiske verkene og julesangene. Deriblant den julesangen som for aller f\u00f8rste gang introduserte Tine som trompesolist; i V\u00e5lerenga kirke i Oslo julen 1997, O Helga Natt. Den gang skulle 10-\u00e5ringen bare steppe inn for moren sin!<\/p>\n<h4>Om Tine Thing Helseth<\/h4>\n<p>22 \u00e5r gamle Tine Thing Helset regnes blant de fremste klassiske solistene i sin generasjon i verden i dag, og avtaleboka hennes er full ut 2010, med konserter i bl.a. Tyskland, England, USA og Asia. Hun har f\u00e5tt en rekke priser, deriblant Borletti Buitoni fellowship i London, den prestisjefylte svensk-norske \u00abPrins Eugens Kulturpris\u00bb av HKH Kronprinsesse Victoria i Stockholm. I tillegg mottok hun Kissinger Sommer-festivals \u2018Luitpold-prisen\u2019 som \u201d\u00e5rets beste og mest interessante unge kunstner\u201d. Hennes store gjennombrudd som soloartist var i 2006 under Eurovision Young Musician Finale i Wien, som ble kringkastet over hele Europa.<\/p>\n<p><\/p>","protected":false},"excerpt":{"rendered":"<p>P\u00e5 \u2018Mitt Hjerte Alltid Vanker\u2019 er det musikken rundt juleh\u00f8ytiden som st\u00e5r i fokus, musikk som ligger Tines hjerte n\u00e6r.<\/p>\n","protected":false},"featured_media":27668,"comment_status":"closed","ping_status":"open","template":"","meta":[],"product_brand":[],"product_cat":[180],"product_tag":[],"class_list":{"0":"post-427","1":"product","2":"type-product","3":"status-publish","4":"has-post-thumbnail","6":"product_cat-simax-classics","7":"product_shipping_class-cddvd-shipping","8":"uni_artist_tag-adolphe-adam","9":"uni_artist_tag-bachgounod","10":"uni_artist_tag-birgitte-volan-havik","11":"uni_artist_tag-christian-kjos","12":"uni_artist_tag-elise-batnes","13":"uni_artist_tag-georg-friedrich-handel","14":"uni_artist_tag-giuseppe-torelli","15":"uni_artist_tag-gustav-holst","16":"uni_artist_tag-henry-thomas-smart","17":"uni_artist_tag-isa-katharina-gericke","18":"uni_artist_tag-johann-sebastian-bach","19":"uni_artist_tag-johannes-klotz","20":"uni_artist_tag-jorn-pedersen","21":"uni_artist_tag-max-reger","22":"uni_artist_tag-nils-larsen","23":"uni_artist_tag-norwegian-chamber-orchestra","24":"uni_artist_tag-tine-thing-helseth","25":"uni_artist_tag-trad","26":"uni_main_artist_tag-tine-thing-helseth","27":"uni_artist_genre-brass","28":"uni_artist_genre-christmas-music","29":"uni_artist_genre-classical","30":"uni_artist_genre-young-norwegian","32":"first","33":"instock","34":"taxable","35":"shipping-taxable","36":"purchasable","37":"product-type-simple"},"_links":{"self":[{"href":"https:\/\/grappa.no\/no\/wp-json\/wp\/v2\/product\/427","targetHints":{"allow":["GET"]}}],"collection":[{"href":"https:\/\/grappa.no\/no\/wp-json\/wp\/v2\/product"}],"about":[{"href":"https:\/\/grappa.no\/no\/wp-json\/wp\/v2\/types\/product"}],"replies":[{"embeddable":true,"href":"https:\/\/grappa.no\/no\/wp-json\/wp\/v2\/comments?post=427"}],"wp:featuredmedia":[{"embeddable":true,"href":"https:\/\/grappa.no\/no\/wp-json\/wp\/v2\/media\/27668"}],"wp:attachment":[{"href":"https:\/\/grappa.no\/no\/wp-json\/wp\/v2\/media?parent=427"}],"wp:term":[{"taxonomy":"product_brand","embeddable":true,"href":"https:\/\/grappa.no\/no\/wp-json\/wp\/v2\/product_brand?post=427"},{"taxonomy":"product_cat","embeddable":true,"href":"https:\/\/grappa.no\/no\/wp-json\/wp\/v2\/product_cat?post=427"},{"taxonomy":"product_tag","embeddable":true,"href":"https:\/\/grappa.no\/no\/wp-json\/wp\/v2\/product_tag?post=427"}],"curies":[{"name":"wp","href":"https:\/\/api.w.org\/{rel}","templated":true}]}}