{"id":426,"date":"2012-01-27T00:00:00","date_gmt":"2012-01-26T23:00:00","guid":{"rendered":"http:\/\/www.grappa.no\/albums\/uncategorized\/gustav-merkel-organ-works-vol-3\/"},"modified":"2019-02-22T15:54:00","modified_gmt":"2019-02-22T14:54:00","slug":"gustav-merkel-organ-works-vol-3","status":"publish","type":"product","link":"https:\/\/grappa.no\/no\/albums\/simax-classics\/gustav-merkel-organ-works-vol-3\/","title":{"rendered":"Gustav Merkel organ works, vol. 3"},"content":{"rendered":"<p><\/p>\n<p>Merkel vol. 3<\/p>\n<p>Dette er volum tre av fire i Halgeir Schiagers store serie med orgelmusikk av Gustav Merkel (1827- 1885). Han representerer en saksisk orgeltradisjon med tyngdepunkt i Dresden og Leipzig, godt integrert i en midttysk tradisjon.<\/p>\n<p>Mens Merkels komposisjonsformer er preget av konservativ forsiktighet, er hans utnyttelse av orgelet mer nyansert enn mange samtidige komponisters. Dette skyldes innflytelsen fra samtidens orgler som i sin klanglige oppbygning var p\u00e5virket av orkesterklangen p\u00e5 1800-tallet. Det gjorde seg utslag i flere orkesterimiterende, mer volumin\u00f8se og mindre overtonerike stemmer. Samtidig ble det vanlig med stadig registreringsendringer under spill, noe Merkel benyttet seg av i sine orgelkomposisjoner.<\/p>\n<p><!--more--><\/p>\n<p>Halgeir Schiager fortsetter sitt store prosjekt med Merkels orgelverker, her er volum tre av fire.<\/p>\n<h4>Stor produksjon<\/h4>\n<p>Merkels produksjon best\u00e5r av 183 opus, og den inneholder i hovedsak komposisjoner for klaver og orgel, inklusive verker for harmonium, som var et popul\u00e6rt instrument p\u00e5 denne tiden. Av disse var det orgelverkene som hadde st\u00f8rst gjennomslagskraft. Bortsett fra en upublisert ouverture fra studietiden i Bautzen, finnes ikke orkesterverker av Merkel. Hans orgelverker kan inndeles i frie og kirkelige verker. Blant frie verker er det s\u00e6rlig grunn til \u00e5 fremheve hans ni sonater, fem fantasier, variasjonsverker, pastoraler og verker med forskjellige titler.<\/p>\n<h4>Utnyttet orglene til det maksimale<\/h4>\n<p>Mens Merkels komposisjonsformer er preget av konservativ forsiktighet, er hans utnyttelse av orgelet mer nyansert enn mange samtidige komponisters. Dette skyldes innflytelsen fra samtidens orgler som i sin klanglige oppbygning var p\u00e5virket av orkesterklangen p\u00e5 1800-tallet. Det gjorde seg utslag i flere orkesterimiterende, mer volumin\u00f8se og mindre overtonerike stemmer. Samtidig ble det vanlig med stadig registreringsendringer under spill, noe Merkel benyttet seg av i sine orgelkomposisjoner.<\/p>\n<h4>Halgeir Schiager<\/h4>\n<p>Halgeir Schiager er f\u00f8dt i 1955 p\u00e5 Biri ved Gj\u00f8vik og tok organisteksamen ved Norges musikkh\u00f8gskole<br \/>\ni 1979. Han har deltatt i flere kritikerroste CD-produksjoner med bl. a. verker av Leif Solberg og Kjell M\u00f8rk Karlsen. Han har spilt inn samtlige orgelverker av den tsjekkiske komponisten Petr Eben p\u00e5 Hyperion fordelt p\u00e5 5 CD\u2019er. For sin tolkning av Petr Ebens \u00abFaust\u00bb og sitt arbeid med Leif Solbergs orgelverker mottok han Kritikerprisen 2001. Han har ogs\u00e5 v\u00e6rt jurymedlem i internasjonale orgelkonkurranser. I 2008 tok han doktorgraden ved Norges musikkh\u00f8gskole med en avhandling over interpretatoriske aspekter i Gustav Merkels orgelverker. Schiager er for tiden kantor ved Sofienberg kirke i Oslo.<\/p>\n<p><\/p>","protected":false},"excerpt":{"rendered":"<p>\u2013 Schiager st\u00e5r for det h\u00f8yreiste  \u2013 her, som alltid: en vibrerende sans for orgelets fargekombinasjoner, orgelets voldsomme velde, og for melodiene, som ligger i veven, ofte gjemt, ved f\u00f8rste \u00f8rekast. [Olav Egil Aune \/ V\u00e5rt Land]<\/p>\n","protected":false},"featured_media":27667,"comment_status":"closed","ping_status":"open","template":"","meta":[],"product_brand":[],"product_cat":[180],"product_tag":[],"class_list":{"0":"post-426","1":"product","2":"type-product","3":"status-publish","4":"has-post-thumbnail","6":"product_cat-simax-classics","7":"product_shipping_class-cddvd-shipping","8":"uni_artist_tag-gustav-merkel","9":"uni_artist_tag-halgeir-schiager","10":"uni_main_artist_tag-halgeir-schiager","11":"uni_artist_genre-classical","12":"uni_artist_genre-organ","13":"uni_artist_genre-world-premiere-recording","15":"first","16":"instock","17":"taxable","18":"shipping-taxable","19":"purchasable","20":"product-type-simple"},"_links":{"self":[{"href":"https:\/\/grappa.no\/no\/wp-json\/wp\/v2\/product\/426","targetHints":{"allow":["GET"]}}],"collection":[{"href":"https:\/\/grappa.no\/no\/wp-json\/wp\/v2\/product"}],"about":[{"href":"https:\/\/grappa.no\/no\/wp-json\/wp\/v2\/types\/product"}],"replies":[{"embeddable":true,"href":"https:\/\/grappa.no\/no\/wp-json\/wp\/v2\/comments?post=426"}],"wp:featuredmedia":[{"embeddable":true,"href":"https:\/\/grappa.no\/no\/wp-json\/wp\/v2\/media\/27667"}],"wp:attachment":[{"href":"https:\/\/grappa.no\/no\/wp-json\/wp\/v2\/media?parent=426"}],"wp:term":[{"taxonomy":"product_brand","embeddable":true,"href":"https:\/\/grappa.no\/no\/wp-json\/wp\/v2\/product_brand?post=426"},{"taxonomy":"product_cat","embeddable":true,"href":"https:\/\/grappa.no\/no\/wp-json\/wp\/v2\/product_cat?post=426"},{"taxonomy":"product_tag","embeddable":true,"href":"https:\/\/grappa.no\/no\/wp-json\/wp\/v2\/product_tag?post=426"}],"curies":[{"name":"wp","href":"https:\/\/api.w.org\/{rel}","templated":true}]}}