{"id":42511,"date":"2026-04-28T11:02:09","date_gmt":"2026-04-28T10:02:09","guid":{"rendered":"https:\/\/grappa.no\/?post_type=product&#038;p=42511"},"modified":"2026-04-28T11:02:09","modified_gmt":"2026-04-28T10:02:09","slug":"geirr-tveitt","status":"publish","type":"product","link":"https:\/\/grappa.no\/no\/albums\/simax-classics\/geirr-tveitt\/","title":{"rendered":"Geirr Tveitt"},"content":{"rendered":"<p><\/p>\n<p><strong>Da Leif Ove Andsnes spilte inn Geirr Tveitts Pianosonate nr. 29, \u00abSonata etere\u00bb (op. 129) i Londons St. Jude-on-the-Hill sommeren 2025, markerte det kulminasjonen p\u00e5 et intenst, to \u00e5r langt kunstnerisk samliv med et av de mest s\u00e6regne og ambisi\u00f8se verkene i norsk musikkhistorie.<span class=\"Apple-converted-space\">\u00a0<\/span><\/strong><\/p>\n<p><!--more--><\/p>\n<p><i>Sonata etere <\/i>har en helt spesiell plass i Geirr Tveitts produksjon. Av komponistens i alt 36 pianosonater er dette den eneste som er bevart etter brannen p\u00e5 Tveitt-g\u00e5rden i 1970, der anslagsvis 70\u201380 prosent av hans samlede verker gikk tapt. Heldigvis var denne sonaten, som var den Tveitt selv satte h\u00f8yest, allerede sendt til trykk hos Norsk Musikforlag. At dette verket overlevde, gj\u00f8r det til et s\u00e6rskilt vitnesbyrd om komponistens kunstnerskap.<span class=\"Apple-converted-space\">\u00a0<\/span><\/p>\n<p><i>For Andsnes er sonaten et helt unikt verk: \u00abEn stort anlagt sonate, kanskje det mest episke som er skrevet for solo piano i Norge. Sonaten er fantastisk fargerikt skrevet for instrumentet, full av spenning i oppbygning, harmonikk og rytmikk\u00bb forteller Leif Ove Andsnes.<span class=\"Apple-converted-space\">\u00a0<\/span><\/i><\/p>\n<p>Her m\u00f8tes franskinspirerte klangfarger og suggererende rytmer \u00e0 la Prokofjev i et uttrykk som samtidig er helt Tveitts eget. I kjernen av komposisjonen ligger to folketoneaktige temaer som hele verket er bygget p\u00e5. Denne enkle, nesten arketypiske strukturen skaper en klarhet midt i det storslagne, og gj\u00f8r musikken direkte kommuniserende og tilgjengelig for lytteren.<span class=\"Apple-converted-space\">\u00a0<\/span><\/p>\n<p>&#8211; For meg finnes det ikke noe mer ambisi\u00f8st norsk solopianoverk enn Sonata etere. For en <i>kompositorisk ambisjon! Skrive et s\u00e5nt verk, la det st\u00e5 til med disse to enkle temaene, og f\u00e5 det til virkelig \u00e5 holde \u2013 jeg er fryktelig glad for at jeg \u00f8vde det inn.<span class=\"Apple-converted-space\">\u00a0<\/span><\/i><\/p>\n<p>Andsnes har fremf\u00f8rt <i>Sonata etere <\/i>ved rundt 35 konserter verden over, og erfart hvordan verket fanger publikum med sitt uopph\u00f8rlige samspill mellom klang, rytme og form. En av disse konsertene fant sted i Wigmore Hall i London \u2013 samme sal der Tveitt selv spilte Katalognummer: PSC1418 \/ PSLP1418 EAN: 7033662014187 \/ 7033661014188<span class=\"Apple-converted-space\">\u00a0<\/span><\/p>\n<p>sonaten i 1947. Et halvt \u00e5r senere vendte Andsnes tilbake til byen for \u00e5 spille inn verket i den akustisk lovpriste kirken St. Jude-on-the-Hill i Hampstead, et rom han kjente godt fra tidligere innspillinger. Hans fremf\u00f8ring av Geirr Tveitt\u2019s Sonata No. 29 i Carnegie Hall fikk utmerkelsen \u2018Best Classical Performances of 2025\u2019 av The New York Times.<span class=\"Apple-converted-space\">\u00a0<\/span><\/p>\n<p>Albumet rommer i tillegg et utvalg pinanostykker fra <b>Femti folkatonar fr\u00e5o Hardanger<\/b>, samt sanger med Tveitts melodier til dikt av norske lyrikere, fremf\u00f8rt av <b>Solveig Andsnes <\/b>med Leif Ove Andsnes som akkompagnat\u00f8r. Samlet tegner albumet et helhetlig bilde av en komponist som forener elementer fra norsk folkemusikk med str\u00f8mninger fra europeisk modernisme i et helt eget tonespr\u00e5k.<span class=\"Apple-converted-space\">\u00a0<\/span><\/p>\n<p>Med <i>Geirr Tveitt <\/i>l\u00f8fter Leif Ove Andsnes frem et avgj\u00f8rende, men fortsatt underbelyst kapittel i norsk musikkhistorie \u2013 og gir nytt liv til et verk som for mange fremst\u00e5r som det mest betydningsfulle som er skrevet for solo piano i Norge<b>. <\/b>Leif Ove Andsnes\u2019 tolkninger er preget av stor frihet, dynamisk spenn og en levende dialog med materialet \u2013 i full tillit til b\u00e5de verkets \u00e5penhet og komponistens radikale visjon.<span class=\"Apple-converted-space\">\u00a0<\/span><\/p>\n<p>Albumet er innspilt i St.Jude on the Hill i London, med J\u00f8rn Pedersen som produsent og Arne Akselberg som tekniker. Albumet utgis p\u00e5 CD, og en begrenset utgave p\u00e5 LP, samt digitalt og i Dolby Atmos den 24.april 2026.<span class=\"Apple-converted-space\">\u00a0<\/span><\/p>\n<p>","protected":false},"excerpt":{"rendered":"<p data-start=\"124\" data-end=\"483\">Leif Ove Andsnes presenterer Geirr Tveitts monumentale <em data-start=\"179\" data-end=\"214\">Pianosonate nr. 29 \u00abSonata etere\u00bb<\/em>\u00a0 &#8211; et av de mest ambisi\u00f8se verkene i norsk musikkhistorie og den eneste av Tveitts 36 pianosonater som overlevde den katastrofale brannen i 1970. Innspillingen, gjort i St. Jude-on-the-Hill i London, er resultatet av et n\u00e6rt kunstnerisk arbeid med verket over flere \u00e5r.<\/p>\n<p data-start=\"485\" data-end=\"792\">Albumet rommer ogs\u00e5 et utvalg fra <em data-start=\"519\" data-end=\"552\">Femti folkatonar fr\u00e5o Hardanger<\/em>, samt sanger med tekster av norske lyrikere, fremf\u00f8rt av Solveig Andsnes med Leif Ove Andsnes som akkompagnat\u00f8r. Samlet gir utgivelsen et rikt og helhetlig bilde av Tveitts unike tonespr\u00e5k, der norsk folkemusikk m\u00f8ter europeisk modernisme.<\/p>\n<p data-start=\"485\" data-end=\"792\">\n","protected":false},"featured_media":42514,"comment_status":"open","ping_status":"closed","template":"","meta":[],"product_brand":[],"product_cat":[180],"product_tag":[8149,8040,8150],"class_list":{"0":"post-42511","1":"product","2":"type-product","3":"status-publish","4":"has-post-thumbnail","6":"product_cat-simax-classics","7":"product_tag-geirr-tveitt","8":"product_tag-leif-ove-andsnes","9":"product_tag-solveig-andsnes","10":"uni_artist_tag-leif-ove-andsnes","11":"uni_artist_tag-solveig-andsnes","12":"uni_main_artist_tag-leif-ove-andsnes","13":"uni_artist_genre-klassisk","15":"first","16":"instock","17":"taxable","18":"shipping-taxable","19":"purchasable","20":"product-type-variable"},"_links":{"self":[{"href":"https:\/\/grappa.no\/no\/wp-json\/wp\/v2\/product\/42511","targetHints":{"allow":["GET"]}}],"collection":[{"href":"https:\/\/grappa.no\/no\/wp-json\/wp\/v2\/product"}],"about":[{"href":"https:\/\/grappa.no\/no\/wp-json\/wp\/v2\/types\/product"}],"replies":[{"embeddable":true,"href":"https:\/\/grappa.no\/no\/wp-json\/wp\/v2\/comments?post=42511"}],"wp:featuredmedia":[{"embeddable":true,"href":"https:\/\/grappa.no\/no\/wp-json\/wp\/v2\/media\/42514"}],"wp:attachment":[{"href":"https:\/\/grappa.no\/no\/wp-json\/wp\/v2\/media?parent=42511"}],"wp:term":[{"taxonomy":"product_brand","embeddable":true,"href":"https:\/\/grappa.no\/no\/wp-json\/wp\/v2\/product_brand?post=42511"},{"taxonomy":"product_cat","embeddable":true,"href":"https:\/\/grappa.no\/no\/wp-json\/wp\/v2\/product_cat?post=42511"},{"taxonomy":"product_tag","embeddable":true,"href":"https:\/\/grappa.no\/no\/wp-json\/wp\/v2\/product_tag?post=42511"}],"curies":[{"name":"wp","href":"https:\/\/api.w.org\/{rel}","templated":true}]}}