{"id":42484,"date":"2026-03-06T20:28:58","date_gmt":"2026-03-06T19:28:58","guid":{"rendered":"https:\/\/grappa.no\/?post_type=product&#038;p=42484"},"modified":"2026-03-06T20:28:58","modified_gmt":"2026-03-06T19:28:58","slug":"lars-anders-tomter-1b1-wallin-part-hallgrimsson","status":"publish","type":"product","link":"https:\/\/grappa.no\/no\/albums\/simax-classics\/lars-anders-tomter-1b1-wallin-part-hallgrimsson\/","title":{"rendered":"Lars Anders Tomter \/ 1B1 &#8211; Wallin, P\u00e4rt, Hallgr\u00edmsson"},"content":{"rendered":"<p style=\"font-weight: 400;\"><strong><\/strong><\/p>\n<p style=\"font-weight: 400;\"><strong>1B1 og Lars Anders Tomter lanserer nytt album med nordiske verk for bratsj og strykeorkester. <\/strong><strong>En musikalsk reise gjennom nordiske uttrykk \u2013 fra byens pulserende overflate til skyggenes landskap og sorgens stille sang.<\/strong><\/p>\n<ol start=\"13\">\n<li style=\"font-weight: 400;\">mars 2026\u00a0utgis et nytt album p\u00e5\u00a0<strong>Simax Classics<\/strong>med fire sentrale verk for bratsj og strykere, fremf\u00f8rt av\u00a0<strong>Lars Anders Tomter<\/strong>og strykeorkesteret\u00a0<strong>1B1<\/strong>, under ledelse av\u00a0<strong>Jan Bj\u00f8ranger<\/strong>.<\/li>\n<\/ol>\n<p style=\"font-weight: 400;\">Utgivelsen samler musikk av\u00a0<strong>Rolf Wallin<\/strong>,\u00a0<strong>Haflidi Hallgr\u00edmsson<\/strong>\u00a0og\u00a0<strong>Arvo P\u00e4rt<\/strong>, og presenterer bratsjen som et instrument med en egenartet stemme: innadvendt, varm og dypt menneskelig \u2013 et uttrykk som stadig flere komponister trekkes mot i v\u00e5r tid.<\/p>\n<p style=\"font-weight: 400;\">Tomter forteller: <em>\u201cKomponistene er i forskjellige aldre, men alle sprell levende!<\/em><\/p>\n<p style=\"font-weight: 400;\"><em>Jeg har gjennom noen ti\u00e5r bestilt og urfremf\u00f8rt atskillige konserterende verker for bratsj og orkester. En utfordring mange komponister har tatt med b\u00e5de nysgjerrighet og litt n\u00f8len.<\/em><\/p>\n<p style=\"font-weight: 400;\"><em>Bratsjens grunnkarakter er kanskje mer innadvendt enn deklamatorisk, den preges mer av et Mona Lisa-smil enn av teatralske geberder. Dette har gjort bratsjen til et mindre\u00a0 brukt soloinstrument gjennom tidene, men nettopp dette gj\u00f8r den kanskje desto mer attraktiv for dagens komponister, mulighetene f\u00f8les ikke utt\u00f8mt.\u201d<\/em><\/p>\n<p style=\"font-weight: 400;\"><strong>To store bratsjkonserter<\/strong><\/p>\n<p style=\"font-weight: 400;\"><strong>Rolf Wallin:\u00a0<em>Under City Skin<\/em><\/strong><\/p>\n<p style=\"font-weight: 400;\">Middelalderens l\u00e6reb\u00f8ker i zoologi er merkelig lesning. Havfruer og kentaurer er like selvf\u00f8lgelige som l\u00f8ver og hester, og man kan lese at &#8220;blodet fra en hanngeit oppl\u00f8ser diamanter&#8221; og at &#8220;en hund som krysser skyggen av en hyene mister stemmen&#8221;.<\/p>\n<p style=\"font-weight: 400;\">I v\u00e5r moderne tid vet vi bedre, ikke sant? Eller kanskje vi mennesker innerst inne er mytologiske? Kanskje det vi opplever rundt oss i v\u00e5r hverdag har skjulte betydninger av makt, frykt, lengsler og salighet? Wallin vever sammen bratsj, strykere og urbane klanger og tar oss med p\u00e5 en mytologisk reise i den moderne lydjungelen, der r\u00e5dhusklokker, et lokomotiv, en kvinnes h\u00f8yh\u00e6lte sko og en skrensende Mercedez blir til underlige mytologiske skapninger.<\/p>\n<p style=\"font-weight: 400;\"><strong>Haflidi Hallgr\u00edmsson:\u00a0<em>Ombra<\/em><br \/>\n<\/strong>Der Wallin skildrer metropolen, \u00e5pner Hallgr\u00edmsson et annet landskap: goldt, t\u00e5kelagt og tidl\u00f8st.\u00a0<em>Ombra<\/em>\u00a0beveger seg fra m\u00f8rke og ru klanger mot et mer virtuost og lysende uttrykk \u2013 som en dr\u00f8m som strekker seg mot klarhet. Hallgr\u00edmsson, selv cellist og komponist med sterk sans for strykeinstrumentets kroppslige resonans, skriver musikk der bratsjen blir b\u00e5de skygge og stemme, ensomhet og sang.<\/p>\n<p style=\"font-weight: 400;\"><strong>To kortere verk i nye arrangementer<\/strong><\/p>\n<p>Rolf Wallin:\u00a0<em>Elegi<\/em><\/p>\n<p style=\"font-weight: 400;\">Da Wallins s\u00f8ster Erna d\u00f8de i altfor ung alder i 1979 skrev han Elegi for trompet og orgel, og han spilte den selv under hennes begravelse i Lom stavkirke. Siden det har stykket blitt spilt utallige ganger verden over, og Wallin sier at han er dypt r\u00f8rt over dette, at Erna p\u00e5 en m\u00e5te fortsetter \u00e5 v\u00e6re blant oss.<\/p>\n<p style=\"font-weight: 400;\"><strong>Arvo P\u00e4rt:\u00a0<em>Fratres<\/em>\u00a0(arr. Tomter)<br \/>\n<\/strong><em>Fratres<\/em>\u00a0\u2013 \u00abbr\u00f8dre\u00bb \u2013 er blant P\u00e4rts mest kjente verk og et tidlig hovedverk i tintinnabuli-stilen. Med sin krystallinske ro og tidl\u00f8se puls skaper musikken et rom mellom \u00f8yeblikk og evighet.<\/p>\n<p style=\"font-weight: 400;\">Tomters arrangement lar bratsjen tre frem som en s\u00e5rbar og s\u00f8kende solostemme.<\/p>\n<p style=\"font-weight: 400;\"><strong>En nordisk utgivelse i bratsjens tegn<br \/>\n<\/strong>Albumet rommer fire verk som p\u00e5 ulike m\u00e5ter binder sammen det vi kjenner og det vi bare kan ane: byen og \u00f8demarken, sorgen og stillheten, kroppen og det hinsidige.<br \/>\n\u2013 \u201c<em>Det er en sterk opplevelse \u00e5 f\u00e5 v\u00e6re med p\u00e5 avdukningen av et skaperverk i sanntid<\/em>,\u201d\u00a0sier Lars Anders Tomter. \u201c<em>Jeg h\u00e5per at lytterne finner glede i denne musikken, og at bratsijster vil ta verkene opp og gj\u00f8re sine versjoner av dem<\/em>\u201d.<\/p>\n<p style=\"font-weight: 400;\">Orkesteret\u00a0<strong>1B1<\/strong>\u00a0har v\u00e6rt et ungt og inspirerende f\u00f8lge, og produsent\u00a0<strong>Sean Lewis<\/strong>\u00a0st\u00e5r bak innspillingen.<\/p>\n<p>","protected":false},"excerpt":{"rendered":"<p style=\"font-weight: 400;\"><strong><\/strong><\/p>\n<p style=\"font-weight: 400;\"><strong>1B1 og Lars Anders Tomter lanserer nytt album med nordiske verk for bratsj og strykeorkester. <\/strong><strong>En musikalsk reise gjennom nordiske uttrykk \u2013 fra byens pulserende overflate til skyggenes landskap og sorgens stille sang.<\/strong><\/p>\n","protected":false},"featured_media":42485,"comment_status":"open","ping_status":"closed","template":"","meta":[],"product_brand":[],"product_cat":[180],"product_tag":[8144,8148,8147,8145,8146],"class_list":{"0":"post-42484","1":"product","2":"type-product","3":"status-publish","4":"has-post-thumbnail","6":"product_cat-simax-classics","7":"product_tag-1b1","8":"product_tag-arvo-part","9":"product_tag-haflidi-hallgrimsson","10":"product_tag-lars-anders-tomter","11":"product_tag-rolf-wallin","12":"product_shipping_class-cddvd-shipping","13":"uni_artist_tag-1b1","14":"uni_artist_tag-lars-anders-tomter","15":"uni_main_artist_tag-1b1","16":"uni_main_artist_tag-lars-anders-tomter","17":"uni_artist_genre-klassisk","19":"first","20":"instock","21":"taxable","22":"shipping-taxable","23":"purchasable","24":"product-type-simple"},"_links":{"self":[{"href":"https:\/\/grappa.no\/no\/wp-json\/wp\/v2\/product\/42484","targetHints":{"allow":["GET"]}}],"collection":[{"href":"https:\/\/grappa.no\/no\/wp-json\/wp\/v2\/product"}],"about":[{"href":"https:\/\/grappa.no\/no\/wp-json\/wp\/v2\/types\/product"}],"replies":[{"embeddable":true,"href":"https:\/\/grappa.no\/no\/wp-json\/wp\/v2\/comments?post=42484"}],"wp:featuredmedia":[{"embeddable":true,"href":"https:\/\/grappa.no\/no\/wp-json\/wp\/v2\/media\/42485"}],"wp:attachment":[{"href":"https:\/\/grappa.no\/no\/wp-json\/wp\/v2\/media?parent=42484"}],"wp:term":[{"taxonomy":"product_brand","embeddable":true,"href":"https:\/\/grappa.no\/no\/wp-json\/wp\/v2\/product_brand?post=42484"},{"taxonomy":"product_cat","embeddable":true,"href":"https:\/\/grappa.no\/no\/wp-json\/wp\/v2\/product_cat?post=42484"},{"taxonomy":"product_tag","embeddable":true,"href":"https:\/\/grappa.no\/no\/wp-json\/wp\/v2\/product_tag?post=42484"}],"curies":[{"name":"wp","href":"https:\/\/api.w.org\/{rel}","templated":true}]}}