{"id":42482,"date":"2026-02-27T15:33:57","date_gmt":"2026-02-27T14:33:57","guid":{"rendered":"https:\/\/grappa.no\/?post_type=product&#038;p=42482"},"modified":"2026-02-27T15:33:58","modified_gmt":"2026-02-27T14:33:58","slug":"te-deum-with-5-poems-and-a-hymn-by-jon-fosse","status":"publish","type":"product","link":"https:\/\/grappa.no\/no\/albums\/simax-classics\/te-deum-with-5-poems-and-a-hymn-by-jon-fosse\/","title":{"rendered":"Te Deum with 5 Poems and a Hymn by Jon Fosse"},"content":{"rendered":"<p style=\"font-weight: 400;\"><strong><\/strong><\/p>\n<p style=\"font-weight: 400;\"><strong>Et monumentalt nytt album som forener middelalderens r\u00f8tter med samtidens klangverden<\/strong><\/p>\n<p style=\"font-weight: 400;\">Europeisk kunstmusikk er bygget p\u00e5 tradisjoner som strekker seg over tusen \u00e5r. Likevel er mye av musikkens levende arv skjult \u2013 glemt, forstummet eller oversett. I dette spenningsfeltet mellom fortid og n\u00e5tid trer komponist\u00a0<strong>Henrik \u00d8degaard <\/strong>frem som en sjelden stemme: en kunstner som b\u00e5de forvalter og fornyer. Med albumet\u00a0<strong><em>Te Deum with 5 Poems and a Hymn by Jon Fosse<\/em><\/strong>\u00a0presenterer han et av sine mest storsl\u00e5tte og uttrykksfulle verk \u2013 et moderne oratorium der gregoriansk sang, fossesk poesi, kormusikk, orgel og horn smelter sammen i et \u00e5ndelig og tidl\u00f8st musikalsk univers.<\/p>\n<p style=\"font-weight: 400;\"><strong><br \/>\n<\/strong>Tittelverket\u00a0<strong><em>Te Deum<\/em><\/strong>\u00a0er en 45 minutter lang komposisjon for to solister, blandet kor, kirkeorgel og fire horn. Verket veksler mellom den tradisjonelle latinske\u00a0<em>Te Deum<\/em>-teksten og fem dikt samt en salme av\u00a0Jon Fosse, og skaper en rik dialog mellom middelalderens liturgi og moderne poesi. Verket kan beskrives som et moderne oratorium i femten deler: majestetisk, mystisk, fylt av str\u00e5lende skj\u00f8nnhet.<\/p>\n<p style=\"font-weight: 400;\">Musikken \u00e5pner i et arkaisk landskap: fire naturhorn setter scenen med klanger som peker mot noe urgammelt og tidl\u00f8st. Herfra vokser verket i kraft, energi og \u00e5ndelig intensitet. \u00d8degaard benytter melodiske og rytmiske elementer fra gregoriansk sang, men integrerer dem som en organisk del av sin egen musikalske stemme \u2013 ikke som sitat, men som levende byggesteiner. Resultatet er et uttrykk der gammel sang og nye klangflater sameksisterer p\u00e5 samme m\u00e5te som moderne kunst kan finne hjem i gotiske kirkerom.<\/p>\n<p style=\"font-weight: 400;\"><em>Te Deum<\/em>\u00a0ble komponert i 2019, st\u00f8ttet av Kulturr\u00e5det og bestilt av T\u00f8nsberg Domkor og Nina T. Karlsen. Det st\u00e5r som en milep\u00e6l i norsk kirkemusikk\u2014et modent og str\u00e5lende verk, og et glimrende eksempel p\u00e5 en symbiose mellom det gamle og det nye.<\/p>\n<p style=\"font-weight: 400;\">Albumet omfatter ogs\u00e5 tre av \u00d8degaards sentrale instrumentalminiatyrer som er et samspill mellom opprinnelige gregorianske melodier og nyskrevne instrumentale miniatyrer \u2013 <em>Antiphona IV<\/em>\u00a0(2007) for bratsj solo,\u00a0<em>Antiphona VI<\/em>\u00a0(2008) for trompet solo, og\u00a0<em>Antiphona VIII<\/em>\u00a0(2010) for eufonium solo. Hver begynner med den gregorianske sangen, etterfulgt av komponistens instrumentale parafrase. Sangene som brukes, kommer fra de eldste lagene av gregoriansk tradisjon: Introitus\u00a0<em>Ad te levavi<\/em>\u00a0(Salme 24) for 1. s\u00f8ndag i advent (<em>Antiphona IV<\/em>), Alleluia\u00a0<em>Ascendit Deus in iubilatione<\/em>\u00a0(Salme 46) for Kristi himmelfartsdag (<em>Antiphona VI<\/em>), og Introitus\u00a0<em>Rorate c\u00e6li <\/em>(Jesaja 45:8) for 4. s\u00f8ndag i advent (<em>Antiphona VIII<\/em>).<\/p>\n<p style=\"font-weight: 400;\">\u00c5 f\u00f8re gregoriansk sang inn i moderne musikalsk kultur er en enorm utfordring som krever stor sensibilitet, smak og talent. Henrik \u00d8degaard har alle disse kvalitetene -og mer til. Han har studert gregoriansk sang siden ungdommen, kjenner den ut og inn og elsker den lidenskapelig.<\/p>\n<p style=\"font-weight: 400;\"><strong>Henrik \u00d8degaard<\/strong>\u00a0(f. 1955) er komponist, organist og dirigent med bakgrunn fra Oslo, Utrecht og Paris, hvor han blant annet studerte gregoriansk sang med Louis-Marie Vigne. Han har skrevet en omfattende produksjon av vokal- og kirkemusikk og er s\u00e6rlig kjent for \u00e5 integrere gregoriansk sang og norsk tradisjonsmusikk i et moderne tonespr\u00e5k preget av mikrotonalitet og modale strukturer.<\/p>\n<p style=\"font-weight: 400;\">\u00d8degaards musikk er fremf\u00f8rt av ledende ensembler som Oslo-Filharmonien, Nordic Voices, Oslo Kammerkor og Estonian National Male Choir, og hans verker har blitt spilt p\u00e5 festivaler i Europa, Asia, Afrika og Nord-Amerika. Han er prisbel\u00f8nt i en rekke internasjonale konkurranser, og musikken hans er utgitt p\u00e5 ECM, Aurora og Euridice.<\/p>\n<p style=\"font-weight: 400;\"><strong>Ensemble 96<\/strong> er kjent for sin sterke profil innen samtidsmusikk og for to GRAMMY-nominasjoner (2006 og 2011). Koret har urfremf\u00f8rt verk av en lang rekke norske og internasjonale komponister og regnes som et av Norges fremste profesjonelle korensembler.<\/p>\n<p style=\"font-weight: 400;\">Ensemblet ledes av\u00a0<strong>Nina T. Karlsen<\/strong>, dirigent, pedagog og tidligere domkantor i T\u00f8nsberg. Hun har v\u00e6rt kunstnerisk leder for Ensemble 96 siden 2011 og er kjent for sitt presise, lyriske og nyskapende korarbeid.<\/p>\n<p style=\"font-weight: 400;\"><strong>Vox Clamantis<\/strong>, ledet av\u00a0<strong>Jaan-Eik Tulve<\/strong> er internasjonalt anerkjent som blant verdens fremste ut\u00f8vere av gregoriansk sang og tidlig polyfoni, og har mottatt en GRAMMY-pris for albumet\u00a0<em>Adam\u2019s Lament<\/em>\u00a0(2014). Vox Clamantis turnerer globalt og er kjent for samarbeid med store internasjonale komponister og artister \u2013 inkludert Arvo P\u00e4rt, Helena Tulve og Marco Ambrosini.<\/p>\n<p>","protected":false},"excerpt":{"rendered":"<p style=\"font-weight: 400;\"><strong><\/strong><\/p>\n<p style=\"font-weight: 400;\"><strong>Henrik \u00d8degaard &#8211; Te Deum &#8211; Et monumentalt nytt album som forener middelalderens r\u00f8tter med samtidens klangverden<\/strong><\/p>\n","protected":false},"featured_media":42483,"comment_status":"open","ping_status":"closed","template":"","meta":[],"product_brand":[],"product_cat":[180],"product_tag":[8140,8139,8142,8141],"class_list":{"0":"post-42482","1":"product","2":"type-product","3":"status-publish","4":"has-post-thumbnail","6":"product_cat-simax-classics","7":"product_tag-ensemble-96","8":"product_tag-henrik-odegaard","9":"product_tag-te-deum","10":"product_tag-vox-clamantis","11":"product_shipping_class-cddvd-shipping","12":"uni_artist_tag-ensemble-96","13":"uni_artist_tag-henrik-odegaard","14":"uni_artist_tag-vox-clamantis","15":"uni_main_artist_tag-henrik-odegaard","16":"uni_artist_genre-klassisk","18":"first","19":"instock","20":"taxable","21":"shipping-taxable","22":"purchasable","23":"product-type-simple"},"_links":{"self":[{"href":"https:\/\/grappa.no\/no\/wp-json\/wp\/v2\/product\/42482","targetHints":{"allow":["GET"]}}],"collection":[{"href":"https:\/\/grappa.no\/no\/wp-json\/wp\/v2\/product"}],"about":[{"href":"https:\/\/grappa.no\/no\/wp-json\/wp\/v2\/types\/product"}],"replies":[{"embeddable":true,"href":"https:\/\/grappa.no\/no\/wp-json\/wp\/v2\/comments?post=42482"}],"wp:featuredmedia":[{"embeddable":true,"href":"https:\/\/grappa.no\/no\/wp-json\/wp\/v2\/media\/42483"}],"wp:attachment":[{"href":"https:\/\/grappa.no\/no\/wp-json\/wp\/v2\/media?parent=42482"}],"wp:term":[{"taxonomy":"product_brand","embeddable":true,"href":"https:\/\/grappa.no\/no\/wp-json\/wp\/v2\/product_brand?post=42482"},{"taxonomy":"product_cat","embeddable":true,"href":"https:\/\/grappa.no\/no\/wp-json\/wp\/v2\/product_cat?post=42482"},{"taxonomy":"product_tag","embeddable":true,"href":"https:\/\/grappa.no\/no\/wp-json\/wp\/v2\/product_tag?post=42482"}],"curies":[{"name":"wp","href":"https:\/\/api.w.org\/{rel}","templated":true}]}}