{"id":42476,"date":"2026-02-27T15:25:21","date_gmt":"2026-02-27T14:25:21","guid":{"rendered":"https:\/\/grappa.no\/?post_type=product&#038;p=42476"},"modified":"2026-02-27T15:25:21","modified_gmt":"2026-02-27T14:25:21","slug":"langeleik","status":"publish","type":"product","link":"https:\/\/grappa.no\/no\/albums\/hubro\/langeleik\/","title":{"rendered":"Langeleik"},"content":{"rendered":"<p><\/p>\n<p style=\"font-weight: 400;\"><strong>P\u00e5\u00a0<em>Langeleik<\/em>\u00a0m\u00f8tes to pionerer innen alternativ pedal steel &#8211; over hav, tid og temperament. Den norske multiinstrumentalisten\u00a0Geir Sundst\u00f8l<\/strong>\u00a0<strong>og den London-baserte pedal steel-gitaristen\u00a0Joe Harvey-Whyte\u00a0forener instrumentets svevende klang med feltopptak, ambiente droner og gamle synther. Resultatet er et lydbilde som f\u00f8les like flytende og levende som elvene som inspirerte det.<\/strong><\/p>\n<p style=\"font-weight: 400;\"><strong>\u00a0<\/strong><\/p>\n<p style=\"font-weight: 400;\">Geir og Joe ble kjent i 2016, da Joe, p\u00e5 jakt etter nye musikalske landskap, oppdaget Geirs debutalbum\u00a0<em>Furulund<\/em>. Fanget av de hypnotiske slide-melodiene tok han kontakt, og et musikalsk vennskap vokste frem gjennom samtaler, utveksling av musikalske kuriositeter og bes\u00f8k i hverandres studioer i Oslo og London.<\/p>\n<p style=\"font-weight: 400;\">I august 2024, under en pause fra turn\u00e9 med Susanne Sundf\u00f8r, reiste Joe til Oslo. Det som startet som fem dager for \u00e5 \u00abgj\u00f8re noe med to pedalsteel-gitarer\u00bb i\u00a0Studio Intim, utviklet seg raskt til et fullverdig album. \u201cVi bestemte nesten ingenting p\u00e5 forh\u00e5nd,\u201d forteller Joe. \u201cVi bare begynte \u00e5 spille.\u201d<\/p>\n<p style=\"font-weight: 400;\">For Geir, som vanligvis bruker halvannet \u00e5r p\u00e5 et album, ble denne intuitive og raske prosessen en \u00e5penbaring. \u201cJoe jobber spontant. Jeg pleier \u00e5 pusle og pirke med sm\u00e5 detaljer i dagevis. Begge tiln\u00e6rminger har sin verdi, antar jeg, du vinner noe, og du mister noe ved \u00e5 jobbe med en sang over flere m\u00e5neder\u201d sier han.<\/p>\n<p style=\"font-weight: 400;\">Mesteparten av musikken ble til i studio, gjennom improvisasjon og lytting. \u201cN\u00e5r du spiller med en musiker som er en s\u00e5 god lytter som Geir, kan magiske ting skje,\u201d sier Joe. \u201cEn slik lytting gj\u00f8r deg s\u00e5 til stede i \u00f8yeblikket at du kan l\u00e5se opp musikkens egne mysterier idet den str\u00f8mmer ut av deg\u201d.<\/p>\n<p style=\"font-weight: 400;\">Duoen utforsket Geirs skattekammer av instrumenter: Moog-synther, gamle forsterkere, trommemaskiner, et antikt Optigan-orgel og utallige venstrehendte gitarer. Musikken beveger seg fritt mellom filmatiske droner, skj\u00f8re folketoner og subtile rytmiske str\u00f8mninger.<\/p>\n<p style=\"font-weight: 400;\">Flere av komposisjonene er oppkalt etter elver &#8211; steder der lyd og bevegelse m\u00f8tes. Joe hentet inspirasjon fra reiser i Lofoten og langs elva Lea i \u00d8st-London. \u201cN\u00e5r jeg h\u00f8rer platen, h\u00f8rer jeg havet og elvene,\u201d sier han.<\/p>\n<p style=\"font-weight: 400;\">\u201cJeg har alltid hatt en dyp kj\u00e6rlighet til Norge. Fra da jeg haiket fra London til Troms\u00f8 som 18-\u00e5ring for \u00e5 se nordlyset, til turneer med Susanne Sundf\u00f8r, eventyr i Lofoten og n\u00e5 dette albumet i Oslo med Geir. Jeg har f\u00e5tt sterke b\u00e5nd til landet, menneskene og landskapet. Musikalsk f\u00f8les denne platen mindre \u00abambient\u00bb eller \u00abamericana\u00bb enn tidligere utgivelser. Den f\u00f8les norsk for meg.\u201d sier Joe.<\/p>\n<p style=\"font-weight: 400;\">L\u00e5ten\u00a0<strong>\u00abR\u00f8rvikelva\u00bb<\/strong>\u00a0er spesielt viktig for begge. Joe hadde et tema p\u00e5 Optigan-orgel, og Geir la p\u00e5 et steel-intro, men f\u00f8lte at noe manglet. \u201cDa kom jeg p\u00e5 at jeg hadde et ubrukt opptak av poeten\u00a0<strong>Ivar Orvedal<\/strong>, som passet perfekt,\u201d forteller Geir. <em>\u00abSangen som berre s\u00e5vidt unngjekk \u00e5 bli h\u00f8rd\u00bb<\/em><\/p>\n<p style=\"font-weight: 400;\">\u201cIvars opplesning p\u00e5\u00a0<em>R\u00f8rvikelva<\/em>\u00a0r\u00f8rte meg dypt,\u201d sier Joe. \u201cHans stemme og ord passet perfekt til den litt tilfeldige, nesten forkastede opprinnelsen til l\u00e5ten. Plutselig fikk den nytt liv.\u201d<\/p>\n<p style=\"font-weight: 400;\">Fra lyden av byens m\u00f8rke smug og urbane elvel\u00f8p til stille vann og b\u00f8lgende droner, hele albumet b\u00e6rer en f\u00f8lelse av bevegelse og tilstedev\u00e6relse. \u201cDet oppmuntrer til den samme dype lyttingen som var n\u00f8dvendig for \u00e5 skape det,\u201d sier Joe. \u201cDette er ikke en plate for umiddelbar tilfredsstillelse. Det er en plate \u00e5 gj\u00f8re ingenting med. En f\u00f8lgesvenn for dagdr\u00f8mmene.\u201d<\/p>\n<p style=\"font-weight: 400;\">Med gjesteopptredener fra\u00a0<strong>Erland Dahlen<\/strong>,\u00a0<strong>Jo Berger Myhre<\/strong>,\u00a0<strong>Anders Engen<\/strong>\u00a0og\u00a0<strong>Ivar Orvedal<\/strong>, fanger\u00a0<em>Langeleik<\/em>\u00a0den sjeldne kjemien mellom to musikere som har laget en plate som l\u00e5ter mer som naturen selv &#8211; sakteflytende, pustende og full av liv.<\/p>\n<p>&nbsp;<\/p>\n<p>","protected":false},"excerpt":{"rendered":"<p style=\"font-weight: 400;\"><strong>P\u00e5\u00a0<em>Langeleik<\/em>\u00a0m\u00f8tes to pionerer innen alternativ pedal steel &#8211; over hav, tid og temperament. Den norske multiinstrumentalisten\u00a0Geir Sundst\u00f8l<\/strong>\u00a0<strong>og den London-baserte pedal steel-gitaristen\u00a0Joe Harvey-Whyte\u00a0forener instrumentets svevende klang med feltopptak, ambiente droner og gamle synther. Resultatet er et lydbilde som f\u00f8les like flytende og levende som elvene som inspirerte det.<\/strong><\/p>\n<p>&nbsp;<\/p>\n","protected":false},"featured_media":42478,"comment_status":"open","ping_status":"closed","template":"","meta":[],"product_brand":[],"product_cat":[36],"product_tag":[8110,8136],"class_list":{"0":"post-42476","1":"product","2":"type-product","3":"status-publish","4":"has-post-thumbnail","6":"product_cat-hubro","7":"product_tag-geir-sundstol","8":"product_tag-joe-harvey-whyte","9":"uni_artist_tag-geir-sundstol","10":"uni_artist_tag-joe-harvey-whyte","11":"uni_main_artist_tag-joe-harvey-whyte-geir-sundstol","12":"uni_artist_genre-ambient","13":"uni_artist_genre-americana","14":"uni_artist_genre-jazz","16":"first","17":"instock","18":"taxable","19":"shipping-taxable","20":"purchasable","21":"product-type-variable"},"_links":{"self":[{"href":"https:\/\/grappa.no\/no\/wp-json\/wp\/v2\/product\/42476","targetHints":{"allow":["GET"]}}],"collection":[{"href":"https:\/\/grappa.no\/no\/wp-json\/wp\/v2\/product"}],"about":[{"href":"https:\/\/grappa.no\/no\/wp-json\/wp\/v2\/types\/product"}],"replies":[{"embeddable":true,"href":"https:\/\/grappa.no\/no\/wp-json\/wp\/v2\/comments?post=42476"}],"wp:featuredmedia":[{"embeddable":true,"href":"https:\/\/grappa.no\/no\/wp-json\/wp\/v2\/media\/42478"}],"wp:attachment":[{"href":"https:\/\/grappa.no\/no\/wp-json\/wp\/v2\/media?parent=42476"}],"wp:term":[{"taxonomy":"product_brand","embeddable":true,"href":"https:\/\/grappa.no\/no\/wp-json\/wp\/v2\/product_brand?post=42476"},{"taxonomy":"product_cat","embeddable":true,"href":"https:\/\/grappa.no\/no\/wp-json\/wp\/v2\/product_cat?post=42476"},{"taxonomy":"product_tag","embeddable":true,"href":"https:\/\/grappa.no\/no\/wp-json\/wp\/v2\/product_tag?post=42476"}],"curies":[{"name":"wp","href":"https:\/\/api.w.org\/{rel}","templated":true}]}}