{"id":424,"date":"2009-08-17T00:00:00","date_gmt":"2009-08-16T23:00:00","guid":{"rendered":"http:\/\/www.grappa.no\/albums\/uncategorized\/gustav-merkel-organ-works-vol-1\/"},"modified":"2019-02-22T15:53:53","modified_gmt":"2019-02-22T14:53:53","slug":"gustav-merkel-organ-works-vol-1","status":"publish","type":"product","link":"https:\/\/grappa.no\/no\/albums\/simax-classics\/gustav-merkel-organ-works-vol-1\/","title":{"rendered":"Gustav Merkel organ works, vol. 1"},"content":{"rendered":"<p><\/p>\n<p>Ukjent tysk romantisk orgelmusikk<br \/>\nDen norske organisten Halgeir Schiager har gjort den tyske komponisten Gustav Merkel til sin hovedsak de siste \u00e5rene. Det har resultert i doktorgrad og fire CD-innspillinger.<\/p>\n<p>Gustav Merkel var en av de virkelig store romantiske orgelkomponistene og virtuosene p\u00e5 1800-tallet, men er i dag s\u00e5 godt som ukjent. Den anerkjente organisten Halgeir Schiager har gjennom sitt doktorarbeid g\u00e5tt dypt inn i Merkels orgelverker. Schiager har ogs\u00e5 fulgt i orgelvirtuosens fotspor, og presenterer her den f\u00f8rste av i alt 4 utgivelser innspilt p\u00e5 orgeltyper komponisten selv briljerte p\u00e5. Merkel var i sin samtid en av de mest popul\u00e6re orgelkomponister i Europa og Amerika. <\/p>\n<p>I 2008 disputerte organisten Halgeir Schiager ved Norges musikkh\u00f8gskole med et pionerarbeid omkring tolkningsaspekter ved Merkels orkelverker. I den forbindelse spilte han inn en stor del av komponistens musikk p\u00e5 orgeltyper som Merkel selv trakterte. Materialet kommer n\u00e5 p\u00e5 4 CD-plater, inklusive mye stoff som aldri har v\u00e6rt tilgjengelig f\u00f8r. Halgeir Schiager er f\u00f8dt i 1955 p\u00e5 Biri ved Gj\u00f8vik og tok organisteksamen ved Norges musikkh\u00f8gskole i 1979, og videre studier brakte ham til M\u00fcnchen og Strassbourg, der han studerte med henholdsvis professor Franz Lehrndorfer og professor Daniel Roth. Han har spilt inn samtlige orgelverker av den tsjekkiske komponisten Petr Eben p\u00e5 Hyperion fordelt p\u00e5 5 CD-er. Schiager mottok kritikerprisen i 2001.<\/p>\n<p><!--more--><\/p>\n<p>Den norske organisten Halgeir Schiager har gjort den tyske komponisten Gustav Merkel til sin hovedsak de siste \u00e5rene. Det har resultert i doktorgrad og fire CD-innspillinger.<\/p>\n<h4>Gustav Merkel (1827-1885): Fra popularitet til glemsel<\/h4>\n<p>Merkel var i sin samtid en av de mest popul\u00e6re orgelkomponister i Europa og Amerika. Som nyutdannet l\u00e6rer i Dresden kom han i kontakt med Robert Schumann og medvirket i hans Forening for Korsang. I tillegg fikk han ogs\u00e5 orgelundervisning hos J. G. Schneider, som stod i en levende orgeltradisjon med r\u00f8tter tilbake til J.S. Bach. I 1860 fikk han sin f\u00f8rste betydelige stilling som organist ved Kreuzkirche \u2013 med et av Dresdens beste orgler til disposisjon. I 1864 ble han, p\u00e5 tross av sin lutherske bakgrunn, ansatt som organist i katolske Hofkirche. <\/p>\n<p>N\u00f8kkelen til Merkels suksess var interessen fra gode noteforlag og dediseringer til tidens mest toneangivende organister i inn- og utland. Oppmerksomheten rundt Merkels musikk sank dramatisk utover p\u00e5 1900-tallet, da voksende interesse for \u00e5 gjenskape renessansens og barokkens orgler og musikk helt overskygget samtiden.<\/p>\n<h4>Verkene p\u00e5 vol. 1<\/h4>\n<p>I den tidlige Fantasi og Fuge h\u00f8rer vi et rikt tonespr\u00e5k der komponisten knyter an til b\u00e5de til Mendelssohns mer lyriske satser og til Bach. Sistnevne komponist ble p\u00e5 denne tiden for alvor gjenoppdaget, og tradisjonen etter Bach f\u00f8lges ogs\u00e5 opp i Koralforspillene, Sonate nr. 2 og 3, og selvf\u00f8lgelig i Fuge over B-A-C-H. Den firhendige Sonate, op. 30 speiler den store populariteten firhendig orgelspill hadde i Sachsen i denne perioden, og er det eneste av Merkels verker som har holdt seg i konsertrepertoaret.<\/p>\n<h4>Halgeir Schiagers doktorarbeid p\u00e5 Merkels orgelverker<\/h4>\n<p>I 2008 disputerte organisten Halgeir Schiager ved Norges musikkh\u00f8gskole med et pionerarbeid omkring tolkningsaspekter ved Merkels orkelverker. I den forbindelse spilte han inn en stor del av komponistens musikk p\u00e5 orgeltyper som Merkel selv trakterte. Materialet kommer n\u00e5 p\u00e5 4 CD-plater, inklusive mye stoff som aldri har v\u00e6rt tilgjengelig f\u00f8r. Halgeir Schiager er f\u00f8dt i 1955 p\u00e5 Biri ved Gj\u00f8vik og tok organisteksamen ved Norges musikkh\u00f8gskole i 1979, og videre studier brakte ham til M\u00fcnchen og Strassbourg, der han studerte med henholdsvis professor Franz Lehrndorfer og professor Daniel Roth. Han har spilt inn samtlige orgelverker av den tsjekkiske komponisten Petr Eben p\u00e5 Hyperion fordelt p\u00e5 5 CD-er. Schiager mottok kritikerprisen i 2001.<\/p>\n<p><\/p>","protected":false},"excerpt":{"rendered":"<p>\u2013 This well performed and recorded set is a significant contribution to the romantic organ catalogue, and will hopefully give a justified boost to this composer\u2019s wider representation in today\u2019s concert programmes. [Dominy Clements \/ MusicWeb]<\/p>\n","protected":false},"featured_media":27665,"comment_status":"closed","ping_status":"open","template":"","meta":[],"product_brand":[],"product_cat":[180],"product_tag":[],"class_list":{"0":"post-424","1":"product","2":"type-product","3":"status-publish","4":"has-post-thumbnail","6":"product_cat-simax-classics","7":"product_shipping_class-cddvd-shipping","8":"uni_artist_tag-bjorn-boysen","9":"uni_artist_tag-gustav-merkel","10":"uni_artist_tag-halgeir-schiager","11":"uni_main_artist_tag-halgeir-schiager","12":"uni_artist_genre-classical","13":"uni_artist_genre-organ","15":"first","16":"instock","17":"taxable","18":"shipping-taxable","19":"purchasable","20":"product-type-simple"},"_links":{"self":[{"href":"https:\/\/grappa.no\/no\/wp-json\/wp\/v2\/product\/424","targetHints":{"allow":["GET"]}}],"collection":[{"href":"https:\/\/grappa.no\/no\/wp-json\/wp\/v2\/product"}],"about":[{"href":"https:\/\/grappa.no\/no\/wp-json\/wp\/v2\/types\/product"}],"replies":[{"embeddable":true,"href":"https:\/\/grappa.no\/no\/wp-json\/wp\/v2\/comments?post=424"}],"wp:featuredmedia":[{"embeddable":true,"href":"https:\/\/grappa.no\/no\/wp-json\/wp\/v2\/media\/27665"}],"wp:attachment":[{"href":"https:\/\/grappa.no\/no\/wp-json\/wp\/v2\/media?parent=424"}],"wp:term":[{"taxonomy":"product_brand","embeddable":true,"href":"https:\/\/grappa.no\/no\/wp-json\/wp\/v2\/product_brand?post=424"},{"taxonomy":"product_cat","embeddable":true,"href":"https:\/\/grappa.no\/no\/wp-json\/wp\/v2\/product_cat?post=424"},{"taxonomy":"product_tag","embeddable":true,"href":"https:\/\/grappa.no\/no\/wp-json\/wp\/v2\/product_tag?post=424"}],"curies":[{"name":"wp","href":"https:\/\/api.w.org\/{rel}","templated":true}]}}