{"id":42354,"date":"2025-09-17T17:14:34","date_gmt":"2025-09-17T16:14:34","guid":{"rendered":"https:\/\/grappa.no\/?post_type=product&#038;p=42354"},"modified":"2025-09-17T17:14:34","modified_gmt":"2025-09-17T16:14:34","slug":"minnesota","status":"publish","type":"product","link":"https:\/\/grappa.no\/no\/albums\/hubro\/minnesota\/","title":{"rendered":"Minnesota"},"content":{"rendered":"<p><\/p>\n<p style=\"font-weight: 400;\"><strong>Med Minnesota videreutvikler Trond Kallev\u00e5g sitt unike, billedrike sound \u2013 et varmt og lengtende univers der norsk kystkultur m\u00f8ter amerikanske dr\u00f8mmer. Inspirert av tradisjonsmusikk, jazz, ambient folk, utvandringsfortellinger og sjeldne fotografier fra et kunstneropphold p\u00e5 Tr\u00e6na, vever han musikk med r\u00f8tter i vest \u2013 men med blikket vendt vestover.<\/strong><\/p>\n<p style=\"font-weight: 400;\"><em>Minnesota<\/em> er Kallev\u00e5gs fjerde album p\u00e5 Hubro, etter <em>Bedehus &amp; Hawaii<\/em> (2019), <em>Fengselsfugl<\/em> (2021) og <em>Amerikab\u00e5ten<\/em>(2023). Ogs\u00e5 denne gangen kombinerer han historisk nysgjerrighet med personlig tilstedev\u00e6relse \u2013 og leverer instrumental fortellerkunst p\u00e5 h\u00f8yt niv\u00e5.<\/p>\n<p style=\"font-weight: 400;\"><em>Som om Ry Cooder, Daniel Lanois og David Lynch satte seg i samme rob\u00e5t en disig morgen p\u00e5 Vestlandet.<\/em><\/p>\n<p style=\"font-weight: 400;\">Med seg har han tre av landets mest profilerte musikere \u2013 Gard Nilssen (trommer), Mats Eilertsen (bass) og Tuva Halse (fiolin) \u2013 i tillegg til egen gitar og pedal steel, samt produksjon, miks og p\u00e5legg. Sammen skaper de et klanglig univers som henter like mye fra amerikansk folkemusikk og filmatisk jazz som fra vestnorsk andaktsmusikk og n\u00f8ysomhet.<\/p>\n<p>Albumet videref\u00f8rer Kallev\u00e5gs fascinasjon for forbindelsene mellom det vestnorske og Amerika \u2013 et landskap av cowboyviser, murder ballads, immigranthistorier og kystnorske skjebner som aldri vendte hjem. Denne tematikken f\u00e5r ogs\u00e5 et annet blikk i l\u00e5tene <em>Edward Curtis Portraits<\/em> og <em>Pine Ridge<\/em>, inspirert av fotografen Edward Curtis\u2019 ikoniske portretter av det amerikanske urfolket.<\/p>\n<p style=\"font-weight: 400;\">Omslaget prydes av et fotografi av Rune Johansen \u2013 <em>Jeg var s\u00e5 forbanna lykkelig<\/em> \u2013 et bilde som setter tonen for albumets emosjonelle kjerne.<\/p>\n<p style=\"font-weight: 400;\"><em>Minnesota<\/em> springer ut av et bestillingsverk for Sildajazz i 2022, men mye av musikken ble videreutviklet under Kallev\u00e5gs m\u00e5nedslange opphold p\u00e5 Tr\u00e6na h\u00f8sten 2024. Her skapte han prosjektet <em>Tr\u00e6na Hawaii<\/em>, inspirert av gamle brev og fotografier sendt mellom Alma Sand\u00f8y og hennes bror p\u00e5 Hawaii \u2013 et m\u00f8te som aldri fant sted, men som likevel fikk leve videre i bilder og minner.<\/p>\n<p style=\"font-weight: 400;\">I 2025 er det 200 \u00e5r siden de f\u00f8rste organiserte norske utvandrerne dro fra Stavanger til New York med sluppen Restauration. Mange slo seg ned i Minnesota. Albumet er ingen historisk markering, men b\u00e6rer spor av bevegelsene mellom her og der \u2013 mellom minner, migrasjon og lengsel.<\/p>\n<p style=\"font-weight: 400;\">\u00abJeg elsker denne kombinasjonen \u2013 \u00e5 v\u00e6re til stede i \u00f8yeblikket med musikerne, hvor avgj\u00f8relsene m\u00e5 tas der og da, og samtidig f\u00e5 vende tilbake til materialet i etterkant. Jeg har i enda st\u00f8rre grad enn f\u00f8r kost meg som produsent og lekt meg med mix og subtile p\u00e5legg i ettertid. Det var g\u00f8y \u00e5 kombinere den klassiske \u2018live i studio\u2019-f\u00f8lelsen \u2013 hvor man m\u00e5 ta raske valg \u2013 med friheten til \u00e5 forme lydbildet videre i etterkant. Det er i dette spenningsfeltet jeg trives best: mellom det spontane og det dr\u00f8mmende.\u00bb<\/p>\n<p>&nbsp;<\/p>\n<p>","protected":false},"excerpt":{"rendered":"<p style=\"font-weight: 400;\"><strong>Med Minnesota videreutvikler Trond Kallev\u00e5g sitt unike, billedrike sound \u2013 et varmt og lengtende univers der norsk kystkultur m\u00f8ter amerikanske dr\u00f8mmer. Inspirert av tradisjonsmusikk, jazz, ambient folk, utvandringsfortellinger og sjeldne fotografier fra et kunstneropphold p\u00e5 Tr\u00e6na, vever han musikk med r\u00f8tter i vest \u2013 men med blikket vendt vestover.<\/strong><\/p>\n","protected":false},"featured_media":42357,"comment_status":"open","ping_status":"closed","template":"","meta":[],"product_brand":[],"product_cat":[36],"product_tag":[8135,7925],"class_list":{"0":"post-42354","1":"product","2":"type-product","3":"status-publish","4":"has-post-thumbnail","6":"product_cat-hubro","7":"product_tag-minnesota","8":"product_tag-trond-kallevag","9":"uni_artist_tag-trond-kallevag","10":"uni_main_artist_tag-trond-kallevag","11":"uni_artist_genre-americana","12":"uni_artist_genre-indie","13":"uni_artist_genre-instrumental","14":"uni_artist_genre-jazz","16":"first","17":"instock","18":"taxable","19":"shipping-taxable","20":"purchasable","21":"product-type-variable"},"_links":{"self":[{"href":"https:\/\/grappa.no\/no\/wp-json\/wp\/v2\/product\/42354","targetHints":{"allow":["GET"]}}],"collection":[{"href":"https:\/\/grappa.no\/no\/wp-json\/wp\/v2\/product"}],"about":[{"href":"https:\/\/grappa.no\/no\/wp-json\/wp\/v2\/types\/product"}],"replies":[{"embeddable":true,"href":"https:\/\/grappa.no\/no\/wp-json\/wp\/v2\/comments?post=42354"}],"wp:featuredmedia":[{"embeddable":true,"href":"https:\/\/grappa.no\/no\/wp-json\/wp\/v2\/media\/42357"}],"wp:attachment":[{"href":"https:\/\/grappa.no\/no\/wp-json\/wp\/v2\/media?parent=42354"}],"wp:term":[{"taxonomy":"product_brand","embeddable":true,"href":"https:\/\/grappa.no\/no\/wp-json\/wp\/v2\/product_brand?post=42354"},{"taxonomy":"product_cat","embeddable":true,"href":"https:\/\/grappa.no\/no\/wp-json\/wp\/v2\/product_cat?post=42354"},{"taxonomy":"product_tag","embeddable":true,"href":"https:\/\/grappa.no\/no\/wp-json\/wp\/v2\/product_tag?post=42354"}],"curies":[{"name":"wp","href":"https:\/\/api.w.org\/{rel}","templated":true}]}}