{"id":42328,"date":"2025-09-03T16:28:28","date_gmt":"2025-09-03T15:28:28","guid":{"rendered":"https:\/\/grappa.no\/?post_type=product&#038;p=42328"},"modified":"2026-03-11T13:47:02","modified_gmt":"2026-03-11T12:47:02","slug":"himmel-over-hav","status":"publish","type":"product","link":"https:\/\/grappa.no\/no\/albums\/grappa\/himmel-over-hav\/","title":{"rendered":"Himmel over hav"},"content":{"rendered":"<p><strong><\/strong><\/p>\n<p style=\"font-weight: 400;\">Hanna Paulsberg har med sitt genuine og varme uttrykk markert seg som en viktig stemme p\u00e5 den norske jazzscenen i l\u00f8pet av de siste 15\u00a0\u00a0\u00e5rene. Hun er en ettertraktet musiker som har en stor uttrykksmessig bredde i prosjektene hun er aktiv med, alt fra pop\/soul\/jazztrioen GURLS som hun er initiativtaker og l\u00e5tskriver for, til kvartetten Flukten, hvis uttrykk spenner fra frijazz til folkemusikk, samt Dexter Gordon hyllest med Karin Krog, og et tosifret antall prosjekter med Trondheim Jazzorkester, derav med blant annet Chick Corea og Marius Neset. Det musikalske hjertebarnet hennes har derimot alltid v\u00e6rt kvartetten Hanna Paulsberg Concept.<\/p>\n<p style=\"font-weight: 400;\">Hanna Paulsberg Concept slipper sin femte plate &#8220;Himmel over Hav&#8221;\u00a0 i september, denne gangen med vokalist Elin Rosseland som gjest.<\/p>\n<p style=\"font-weight: 400;\">Hanna Paulsberg har hatt et forhold til Elin Rosseland hele livet, mye p\u00e5 grunn av at faren hennes spilte i bandet Kix med Rosseland p\u00e5 80-tallet og fortalte historier til Hanna og viste opptak fra konserter, og det har lenge v\u00e6rt en dr\u00f8m for Paulsberg \u00e5 f\u00e5 gjort et prosjekt med Elin og egenkomponert musikk. Hanna Paulsberg sier:\u00a0<em>&#8211; Elin er en vokalist i s\u00e6rklasse! Klangen i stemmen hennes treffer meg midt i hjerterota og hun er utrolig sterk b\u00e5de rytmisk og improvisatorisk.<\/em><\/p>\n<p style=\"font-weight: 400;\">Plata ble spilt inn i Propeller Studio etter en turn\u00e9 p\u00e5 norske jazzklubber h\u00f8sten 2023.<\/p>\n<p style=\"font-weight: 400;\">Hanna Paulsberg Concept har spilt sammen i over 15 \u00e5r med samme besetning som da de m\u00f8ttes p\u00e5 jazzlinja i Trondheim. Dette er f\u00f8rste gangen de samarbeider med en vokalist. Hanna fortsetter: <em>&#8211; De siste \u00e5rene har l\u00e5tskriving blitt en st\u00f8rre del av det jeg jobber med og jeg \u00f8nsket \u00e5 utfordre kvartetten til \u00e5 spille mer gjennomkomponerte l\u00e5ter.<\/em><\/p>\n<p style=\"font-weight: 400;\">Resultatet har blitt en variert plate med duvende groover, vakre ballader og til og med innslag av pop. Bandet forteller:\u00a0<em>&#8211; Det f\u00f8les som en ganske moden plate. Og kanskje en litt bl\u00e5 plate, hvis det gir noen mening!<\/em><\/p>\n<p>","protected":false},"excerpt":{"rendered":"<p><strong><\/strong><\/p>\n<p>Hanna Paulsberg Concept slipper sin femte plate &#8220;Himmel over Hav&#8221;, denne gangen med vokalist Elin Rosseland som gjest.<\/p>\n","protected":false},"featured_media":42329,"comment_status":"open","ping_status":"closed","template":"","meta":[],"product_brand":[],"product_cat":[6],"product_tag":[8127,8126],"class_list":{"0":"post-42328","1":"product","2":"type-product","3":"status-publish","4":"has-post-thumbnail","6":"product_cat-grappa","7":"product_tag-elin-rosseland","8":"product_tag-hanna-paulsberg-concept","9":"product_shipping_class-cddvd-shipping","10":"uni_artist_tag-hanna-paulsberg-concept","11":"uni_main_artist_tag-hanna-paulsberg-concept-elin-rosseland","12":"uni_artist_genre-contemporary-jazz","13":"uni_artist_genre-jazz","15":"first","16":"instock","17":"taxable","18":"shipping-taxable","19":"purchasable","20":"product-type-simple"},"_links":{"self":[{"href":"https:\/\/grappa.no\/no\/wp-json\/wp\/v2\/product\/42328","targetHints":{"allow":["GET"]}}],"collection":[{"href":"https:\/\/grappa.no\/no\/wp-json\/wp\/v2\/product"}],"about":[{"href":"https:\/\/grappa.no\/no\/wp-json\/wp\/v2\/types\/product"}],"replies":[{"embeddable":true,"href":"https:\/\/grappa.no\/no\/wp-json\/wp\/v2\/comments?post=42328"}],"wp:featuredmedia":[{"embeddable":true,"href":"https:\/\/grappa.no\/no\/wp-json\/wp\/v2\/media\/42329"}],"wp:attachment":[{"href":"https:\/\/grappa.no\/no\/wp-json\/wp\/v2\/media?parent=42328"}],"wp:term":[{"taxonomy":"product_brand","embeddable":true,"href":"https:\/\/grappa.no\/no\/wp-json\/wp\/v2\/product_brand?post=42328"},{"taxonomy":"product_cat","embeddable":true,"href":"https:\/\/grappa.no\/no\/wp-json\/wp\/v2\/product_cat?post=42328"},{"taxonomy":"product_tag","embeddable":true,"href":"https:\/\/grappa.no\/no\/wp-json\/wp\/v2\/product_tag?post=42328"}],"curies":[{"name":"wp","href":"https:\/\/api.w.org\/{rel}","templated":true}]}}