{"id":42323,"date":"2025-09-03T16:12:31","date_gmt":"2025-09-03T15:12:31","guid":{"rendered":"https:\/\/grappa.no\/?post_type=product&#038;p=42323"},"modified":"2025-09-03T16:12:32","modified_gmt":"2025-09-03T15:12:32","slug":"norwegian-electronic-folk-music","status":"publish","type":"product","link":"https:\/\/grappa.no\/no\/albums\/heilo\/norwegian-electronic-folk-music\/","title":{"rendered":"Norwegian Electronic Folk Music"},"content":{"rendered":"<p style=\"font-weight: 400;\"><strong><\/strong><\/p>\n<p style=\"font-weight: 400;\"><strong>Etter suksessen med det kritikerroste albumet\u00a0<em>Snu hver stein<\/em>\u00a0(2023), er Kenneth Lien og Center of the Universe tilbake med et nytt album som videref\u00f8rer deres unike prosjekt: \u00c5 skape elektronisk folkemusikk med dype r\u00f8tter i den norske tradisjonen.<\/strong><\/p>\n<p style=\"font-weight: 400;\">P\u00e5 dette albumet tar duoen et langt steg videre, etter \u00e5 ha spilt sin karakteristiske musikk p\u00e5 scener over hele landet. Resultatet er en plate som f\u00e5r det til \u00e5 h\u00f8res ut som om norsk folkemusikk alltid har v\u00e6rt elektronisk \u2013 og kanskje\u00a0<em>kunne <\/em>den v\u00e6rt det?<\/p>\n<p style=\"font-weight: 400;\">Gjennom sporet av electro-halling, disko-gangar og springar drum\u2019n\u2019bass utforsker Lien og Center of the Universe ideen: Hva hvis elektronisk folkemusikk faktisk\u00a0<em>var<\/em>\u00a0en ubrutt tradisjon, helt fra eksperimentene p\u00e5 60-tallet med Folque, Saft og Sigbj\u00f8rn Bernhoft Osa \u2013 og videre til Annbj\u00f8rg Liens tidlige utgivelser\u00a0&#8211;\u00a0og\u00a0inn i den n\u00e5 blomstrende interessen for norsk folkemusikk,\u00a0r\u00f8tter og tradisjon?<\/p>\n<p style=\"font-weight: 400;\">Duoens nye album kombinerer\u00a0tradisjonelle sl\u00e5tter og\u00a0danserytmene fra gangar, springar og halling med\u00a0tradisjonelle instrumenter som\u00a0munnharpe og hardingfele til\u00a0gjengangere fra house og techno\u00a0som\u00a0TB-303 og Roland 909. Det er en musikk som ikke bare kan lyttes til, men danses til \u2013 og som s\u00f8ker \u00e5 forlenge tradisjonen heller enn \u00e5 bryte med den. Dette er ikke et fors\u00f8k p\u00e5 en\u00a0nostalgisk reise, men et levende eksperiment i hvordan elektronisk produksjon kan v\u00e6re med p\u00e5 \u00e5 forsterke og revitalisere den norske folkemusikken.<\/p>\n<p style=\"font-weight: 400;\">Kenneth Lien er en multiinstrumentalist med r\u00f8tter i black metal og improvisert rock. Han trakterer en rekke folkeinstrumenter som for eksempel fele, hardingfele, seljefl\u00f8yte og ikke minst munnharpe. Han er mest kjent fra trioen \u00c6vestaden men har ogs\u00e5 bemerket seg p\u00e5 kappleikscenen med flere munnharpeseiere.<\/p>\n<p style=\"font-weight: 400;\">J\u00f8rgen Skjulstad er en musiker og DJ som og er ogs\u00e5 kjent som Center of the Universe eller DJ Sissyfus. J\u00f8rgen har gitt ut ca 20 plater under eget navn og bidratt p\u00e5 kanskje noen hundre som remikser og produsent.<\/p>\n<p style=\"font-weight: 400;\">Dette albumet er b\u00e5de en inngangsport for nye lyttere og en dypdykk for dem som allerede elsker norsk folkemusikk \u2013\u00a0i en helt unik form.<\/p>\n<p style=\"font-weight: 400;\">Albumet er produsert at J\u00f8rgen Skjulstad og mastret av Christian Obermayer.<\/p>\n<p>","protected":false},"excerpt":{"rendered":"<p style=\"font-weight: 400;\"><strong><\/strong><\/p>\n<p style=\"font-weight: 400;\"><strong>Kenneth Lien og Center of the Universe tilbake med et nytt album som videref\u00f8rer deres unike prosjekt: \u00c5 skape elektronisk folkemusikk med dype r\u00f8tter i den norske tradisjonen.<\/strong><\/p>\n","protected":false},"featured_media":42326,"comment_status":"open","ping_status":"closed","template":"","meta":[],"product_brand":[],"product_cat":[35],"product_tag":[8125,8124],"class_list":{"0":"post-42323","1":"product","2":"type-product","3":"status-publish","4":"has-post-thumbnail","6":"product_cat-heilo","7":"product_tag-center-of-the-universe","8":"product_tag-kenneth-lien","9":"product_shipping_class-cddvd-shipping","10":"uni_artist_tag-kenneth-lien-center-of-the-universe","11":"uni_main_artist_tag-kenneth-lien-center-of-the-universe","12":"uni_artist_genre-electronic","13":"uni_artist_genre-folk-music","15":"first","16":"instock","17":"taxable","18":"shipping-taxable","19":"purchasable","20":"product-type-variable"},"_links":{"self":[{"href":"https:\/\/grappa.no\/no\/wp-json\/wp\/v2\/product\/42323","targetHints":{"allow":["GET"]}}],"collection":[{"href":"https:\/\/grappa.no\/no\/wp-json\/wp\/v2\/product"}],"about":[{"href":"https:\/\/grappa.no\/no\/wp-json\/wp\/v2\/types\/product"}],"replies":[{"embeddable":true,"href":"https:\/\/grappa.no\/no\/wp-json\/wp\/v2\/comments?post=42323"}],"wp:featuredmedia":[{"embeddable":true,"href":"https:\/\/grappa.no\/no\/wp-json\/wp\/v2\/media\/42326"}],"wp:attachment":[{"href":"https:\/\/grappa.no\/no\/wp-json\/wp\/v2\/media?parent=42323"}],"wp:term":[{"taxonomy":"product_brand","embeddable":true,"href":"https:\/\/grappa.no\/no\/wp-json\/wp\/v2\/product_brand?post=42323"},{"taxonomy":"product_cat","embeddable":true,"href":"https:\/\/grappa.no\/no\/wp-json\/wp\/v2\/product_cat?post=42323"},{"taxonomy":"product_tag","embeddable":true,"href":"https:\/\/grappa.no\/no\/wp-json\/wp\/v2\/product_tag?post=42323"}],"curies":[{"name":"wp","href":"https:\/\/api.w.org\/{rel}","templated":true}]}}