{"id":42318,"date":"2025-09-03T16:01:14","date_gmt":"2025-09-03T15:01:14","guid":{"rendered":"https:\/\/grappa.no\/?post_type=product&#038;p=42318"},"modified":"2026-03-11T13:47:02","modified_gmt":"2026-03-11T12:47:02","slug":"dognville","status":"publish","type":"product","link":"https:\/\/grappa.no\/no\/albums\/hubro\/dognville\/","title":{"rendered":"D\u00f8gnville"},"content":{"rendered":"<p><strong><\/strong><\/p>\n<div>\n<p><strong>Liv Andrea Hauge Trio <\/strong>slipper<span class=\"apple-converted-space\">\u00a0<\/span>sitt tredje album<span class=\"apple-converted-space\">\u00a0<\/span><em>D\u00f8gnville<\/em><span class=\"apple-converted-space\">\u00a0<\/span>p\u00e5 plateselskapet<span class=\"apple-converted-space\">\u00a0<\/span><strong>Hubro<\/strong>. Albumet utforsker tilstanden av \u00e5 v\u00e6re \u00abd\u00f8gnvill\u00bb \u2013 et begrep som beskriver f\u00f8lelsen av \u00e5 v\u00e6re ute av takt med tid og virkelighet, som ved jetlag eller s\u00f8vnl\u00f8shet. Musikken beveger seg i dette rommet mellom struktur og frihet, bevissthet og dr\u00f8m.<\/p>\n<\/div>\n<div>\n<p>Halvparten av l\u00e5tene ble skrevet mens pianist og komponist<span class=\"apple-converted-space\">\u00a0<\/span><strong>Liv Andrea Hauge<\/strong><span class=\"apple-converted-space\">\u00a0<\/span>l\u00e5 syk med h\u00f8y feber \u2013 i en dr\u00f8mmelignende, halvv\u00e5ken tilstand. Resten ble til i forkant av trioens turn\u00e9 gjennom Europa h\u00f8sten 2024. Resultatet er en sammensmelting av ferske ideer og l\u00e5ter som har vokst fram gjennom liveopptredener \u2013 et uttrykk b\u00e5de for spontanitet og modning.<\/p>\n<\/div>\n<div>\n<p>Siden oppstarten i 2022 har trioen som best\u00e5r av <strong>Liv Andrea Hauge<\/strong><span class=\"apple-converted-space\">\u00a0<\/span>\u2013 piano, <strong>Georgia Wartel Collins<\/strong><span class=\"apple-converted-space\">\u00a0<\/span>\u2013 bass, <strong>August Gl\u00e4nnestrand<\/strong><span class=\"apple-converted-space\">\u00a0<\/span>\u2013 trommer markert seg som en spennende stemme innen moderne, akustisk jazz. Gjennom omfattende konsertvirksomhet i inn- og utland, og to tidligere albumutgivelser, har bandet utviklet et sterkt, intuitivt samspill.<span class=\"apple-converted-space\">\u00a0<\/span><em>D\u00f8gnville<\/em><span class=\"apple-converted-space\">\u00a0<\/span>gjenspeiler dette \u2013 med musikk som fremst\u00e5r mer alvorlig og reflektert enn tidligere utgivelser, i takt med en tid preget av uro og ettertanke.<\/p>\n<\/div>\n<div>\n<p>F\u00f8rste singel,<span class=\"apple-converted-space\">\u00a0<\/span><strong>&#8220;Natt natt natt&#8221;<\/strong>, ble sluppet 20. juni. Andre singel,<span class=\"apple-converted-space\">\u00a0<\/span><strong>&#8220;Karja&#8221;<\/strong>, med slipp 1. august \u2013 en beatdrevet l\u00e5t med kompleks harmonikk, inspirert av artister som<span class=\"apple-converted-space\">\u00a0<\/span><strong>Kaja Draksler<\/strong><span class=\"apple-converted-space\">\u00a0<\/span>og<span class=\"apple-converted-space\">\u00a0<\/span><strong>Kirke Karja<\/strong><b>,<\/b> som viser en ny side av trioen.<\/p>\n<\/div>\n<div>\n<p>Liv forteller: \u201cNoen ganger kommer l\u00e5tene raskt \u2013 som\u00a0<i>Karja<\/i>, som ble skrevet rett etter en konsert med Kirke Karja p\u00e5 Victoria. Andre ganger kommer ideene litt etter litt, og vi kan sammen sette dem sammen til l\u00e5ter p\u00e5 \u00f8ving\u201d.<\/p>\n<\/div>\n<div>\n<p>Musikalsk henter trioen inspirasjon fra et bredt spekter \u2013 fra<span class=\"apple-converted-space\">\u00a0<\/span><strong>Keith Jarrett<\/strong><b>,<\/b><span class=\"apple-converted-space\"><b>\u00a0<\/b><\/span><strong>Kit Downes<\/strong><span class=\"apple-converted-space\">\u00a0<\/span>og<span class=\"apple-converted-space\">\u00a0<\/span><strong>Mats Eilertsen Trio<\/strong><b>,<\/b> til<span class=\"apple-converted-space\">\u00a0<\/span><strong>Close Erase<\/strong><b>,<\/b><span class=\"apple-converted-space\"><b>\u00a0<\/b><\/span><strong>Caroline Polacheck<\/strong><span class=\"apple-converted-space\">\u00a0<\/span>og<span class=\"apple-converted-space\">\u00a0<\/span><strong>Little Simz<\/strong><b>.<\/b> Komposisjonene vokser ofte fram p\u00e5 \u00f8vingsrommet \u2013 gjennom kollektivt arbeid, lek og improvisasjon. Arrangementene formes i fellesskap, og mange ideer oppst\u00e5r spontant etter konserter eller p\u00e5 reise.<\/p>\n<\/div>\n<div>\n<p><em>D\u00f8gnville<\/em><span class=\"apple-converted-space\">\u00a0<\/span>ble spilt inn i l\u00f8pet av tre dager i april 2025 i<span class=\"apple-converted-space\">\u00a0<\/span><strong>Newtone Studio<\/strong><span class=\"apple-converted-space\">\u00a0<\/span>utenfor Oslo, med<span class=\"apple-converted-space\">\u00a0<\/span><strong>Leif Johansen<\/strong><span class=\"apple-converted-space\">\u00a0<\/span>som tekniker. Hele albumet ble spilt inn live i samme rom \u2013 for \u00e5 bevare det spontane samspillet og gi rom for kollektiv improvisasjon, ogs\u00e5 i studioversjonene.<\/p>\n<\/div>\n<div>\n<p>Noen l\u00e5ter p\u00e5 albumet representerer nye musikalske retninger, mens andre videref\u00f8rer trioens kjente uttrykk.<span class=\"apple-converted-space\">\u00a0<\/span><strong>&#8220;Mange av oss&#8221;<\/strong><span class=\"apple-converted-space\">\u00a0<\/span>er en intern favoritt \u2013 en energisk, feel-good-l\u00e5t som alltid l\u00f8fter konsertene.<span class=\"apple-converted-space\">\u00a0<\/span><em>Karja<\/em><span class=\"apple-converted-space\">\u00a0<\/span>er en annen livefavoritt, med sin utfordrende rytmikk og s\u00e6regne driv.<\/p>\n<\/div>\n<div>\n<p>Trioen ble etablert i forbindelse med Hauges<span class=\"apple-converted-space\">\u00a0<\/span><strong>Footprints-turn\u00e9<\/strong><span class=\"apple-converted-space\">\u00a0<\/span>i 2022. Etter kun fire dagers \u00f8ving spilte de inn debutalbumet<span class=\"apple-converted-space\">\u00a0<\/span><em>Live from St. Hanshaugen<\/em><span class=\"apple-converted-space\">\u00a0<\/span>\u2013 starten p\u00e5 et musikalsk eventyr som har tatt dem til Portugal, Japan, Romania og store deler av Norge.<\/p>\n<\/div>\n<div>\n<p>Albumslippet markeres med en<span class=\"apple-converted-space\">\u00a0<\/span><strong>turn\u00e9 i september 2025<\/strong><b>,<\/b> med konserter i<span class=\"apple-converted-space\">\u00a0<\/span><strong>Harstad, Oslo, Stockholm og Hameln (Tyskland)<\/strong><b>.<\/b> Til v\u00e5ren 2026 venter konserter i \u00d8sterrike, Frankrike og rundt i Norge, samt en DKS-turn\u00e9 p\u00e5 Helgeland. P\u00e5 turneen vil du oppleve basspillet til Kertu Aer som er ny bassist fra h\u00f8sten 2025, da Wartel Collins flytter permanent til USA. Kertu har gjort seg bemerket i band som Lightning Trio, Mona Krogstad Kvartett og When I Return, og spiller ogs\u00e5 med musikere som Hans Hulb\u00e6kmo og Emil B\u00f8. August og Liv beskriver henne som en bassist med en enormt smittende energi p\u00e5 scenen, tydelig, inspirerende spill og en utrolig fin personlighet &#8211; de gleder seg skikkelig til \u00e5 spille masse med henne fremover og se hvordan musikken utvikler seg sammen med henne.<\/p>\n<\/div>\n<p>&nbsp;<\/p>\n<p>","protected":false},"excerpt":{"rendered":"<p><strong><\/strong><\/p>\n<div>\n<p><strong>Liv Andrea Hauge Trio <\/strong>slipper<span class=\"apple-converted-space\">\u00a0<\/span>sitt tredje album<span class=\"apple-converted-space\">\u00a0<\/span><em>D\u00f8gnville.<\/em>\u00a0Albumet utforsker tilstanden av \u00e5 v\u00e6re \u00abd\u00f8gnvill\u00bb \u2013 et begrep som beskriver f\u00f8lelsen av \u00e5 v\u00e6re ute av takt med tid og virkelighet, som ved jetlag eller s\u00f8vnl\u00f8shet. Musikken beveger seg i dette rommet mellom struktur og frihet, bevissthet og dr\u00f8m<\/p>\n","protected":false},"featured_media":42321,"comment_status":"open","ping_status":"closed","template":"","meta":[],"product_brand":[],"product_cat":[6984,36],"product_tag":[8123,7947],"class_list":{"0":"post-42318","1":"product","2":"type-product","3":"status-publish","4":"has-post-thumbnail","6":"product_cat-uncategorized","7":"product_cat-hubro","8":"product_tag-liv-andrea-hauge","9":"product_tag-liv-andrea-hauge-trio","10":"product_shipping_class-cddvd-shipping","11":"uni_artist_tag-liv-andrea-hauge-trio","12":"uni_main_artist_tag-liv-andrea-hauge-trio","13":"uni_artist_genre-contemporary-jazz","14":"uni_artist_genre-jazz","16":"first","17":"instock","18":"taxable","19":"shipping-taxable","20":"purchasable","21":"product-type-variable"},"_links":{"self":[{"href":"https:\/\/grappa.no\/no\/wp-json\/wp\/v2\/product\/42318","targetHints":{"allow":["GET"]}}],"collection":[{"href":"https:\/\/grappa.no\/no\/wp-json\/wp\/v2\/product"}],"about":[{"href":"https:\/\/grappa.no\/no\/wp-json\/wp\/v2\/types\/product"}],"replies":[{"embeddable":true,"href":"https:\/\/grappa.no\/no\/wp-json\/wp\/v2\/comments?post=42318"}],"wp:featuredmedia":[{"embeddable":true,"href":"https:\/\/grappa.no\/no\/wp-json\/wp\/v2\/media\/42321"}],"wp:attachment":[{"href":"https:\/\/grappa.no\/no\/wp-json\/wp\/v2\/media?parent=42318"}],"wp:term":[{"taxonomy":"product_brand","embeddable":true,"href":"https:\/\/grappa.no\/no\/wp-json\/wp\/v2\/product_brand?post=42318"},{"taxonomy":"product_cat","embeddable":true,"href":"https:\/\/grappa.no\/no\/wp-json\/wp\/v2\/product_cat?post=42318"},{"taxonomy":"product_tag","embeddable":true,"href":"https:\/\/grappa.no\/no\/wp-json\/wp\/v2\/product_tag?post=42318"}],"curies":[{"name":"wp","href":"https:\/\/api.w.org\/{rel}","templated":true}]}}