{"id":42317,"date":"2025-09-05T13:57:46","date_gmt":"2025-09-05T12:57:46","guid":{"rendered":"https:\/\/grappa.no\/?post_type=product&#038;p=42317"},"modified":"2026-01-06T22:43:32","modified_gmt":"2026-01-06T21:43:32","slug":"kassandra","status":"publish","type":"product","link":"https:\/\/grappa.no\/no\/albums\/grappa\/kassandra\/","title":{"rendered":"Kassandra"},"content":{"rendered":"<p><strong> <\/strong><\/p>\n<p><strong><span class=\"TextRun Highlight MacChromeBold SCXW160400456 BCX0\" lang=\"NB-NO\" xml:lang=\"NB-NO\" data-contrast=\"none\"><span class=\"NormalTextRun SCXW160400456 BCX0\">D<\/span><\/span><\/strong><span class=\"TextRun MacChromeBold SCXW160400456 BCX0\" lang=\"NB-NO\" xml:lang=\"NB-NO\" data-contrast=\"none\"><strong><span class=\"NormalTextRun SCXW160400456 BCX0\">e to uvanlig grensesprengende og sjangerfrie artistene Juliana Venter og Rolf-Erik Nystr\u00f8m, opprinnelig fra hver sin ende av kloden, slipper sitt etterlengtede <\/span><span class=\"NormalTextRun SpellingErrorV2Themed SCXW160400456 BCX0\">debutalbum<\/span><\/strong><span class=\"NormalTextRun SCXW160400456 BCX0\"><strong><em> Kassandra.<\/em> Her tar duoen oss med inn i sitt unike musikalske univers og presenterer oss for sitt mange\u00e5rige samarbeid og intime samspill <span class=\"NormalTextRun SCXW43780435 BCX0\" data-ccp-parastyle=\"Normal (Web)\">mellom stemme og <\/span><span class=\"NormalTextRun SpellingErrorV2Themed SCXW43780435 BCX0\" data-ccp-parastyle=\"Normal (Web)\">saxofon<\/span>.<\/strong>\u00a0<\/span><\/span><\/p>\n<p><span class=\"TextRun SCXW28998419 BCX0\" lang=\"NB-NO\" xml:lang=\"NB-NO\" data-contrast=\"none\"><span class=\"NormalTextRun SCXW28998419 BCX0\" data-ccp-parastyle=\"Normal (Web)\">P\u00e5 albumet finner vi ogs\u00e5 eksklusive gjesteopptredener av noen av deres n\u00e6rmeste musikalske samarbeidspartnere over mange \u00e5r, ledende personligheter p\u00e5 den internasjonalt anerkjente norske musikkscenen i flere ti\u00e5r, Paal Nilssen-Love p\u00e5 gonger og trommer, Nils \u00d8kland fiolin og hardingfele og Mats Eilertsen p\u00e5 kontrabass. Platen er produsert av komponisten Rolf Wallin, mikset av K\u00e5re Vestrheim og innspilt av Morten <\/span><span class=\"NormalTextRun SpellingErrorV2Themed SCXW28998419 BCX0\" data-ccp-parastyle=\"Normal (Web)\">Qvenild<\/span><span class=\"NormalTextRun SCXW28998419 BCX0\" data-ccp-parastyle=\"Normal (Web)\">, noe som gj\u00f8r dette til en plate av uvanlige m\u00f8ter mellom musikalske kraftsentre, der noen jobber sammen for aller f\u00f8rste gang.<\/span><\/span><span class=\"EOP SCXW28998419 BCX0\" data-ccp-props=\"{&quot;134233117&quot;:false,&quot;134233118&quot;:true,&quot;335559738&quot;:240}\">\u00a0<\/span><\/p>\n<p><span data-contrast=\"none\">Platen er titulert Kassandra etter den greske legenden om prinsessen fra Troja som av den forelskede Apollon ble gitt evnen til \u00e5 se framtiden, men som etter \u00e5 ha avvist hans tiln\u00e6rmelser p\u00e5dro seg forbannelsen om aldri \u00e5 bli trodd. P\u00e5 platen finner vi ogs\u00e5 musikk de har laget over dikt av Georg Trakl og s\u00f8rafrikanske Wopko Jensma, og Rolf Wallins remix av alle musikerne p\u00e5 platens tolkning av Tsjaikovskijs smertelig vakre Kjerubens Hymne. Platecoveret er et originalt maleri av Wayne Barker, en av S\u00f8r-Afrikas mest anerkjente kunstnere. Juliana Venter m\u00f8tte saxofonisten Rolf-Erik Nystr\u00f8m i Cape Town i 2012. Siden da har de fremf\u00f8rt utallige konserter sammen i Europa og S\u00f8r-Afrika, men ogs\u00e5 i Marokko, Libanon, USA, Kina og Japan.\u202f<\/span><span data-ccp-props=\"{&quot;134233117&quot;:false,&quot;134233118&quot;:true,&quot;335559738&quot;:240}\">\u00a0<\/span><\/p>\n<p><span data-contrast=\"none\">Duoen vant ogs\u00e5 Gullstolen for beste film, der de improviserte dialog og musikk, under Den Internasjonale Kortfilmfestivalen i Grimstad 2024 foran 3500 andre filmer, og har nylig framf\u00f8rt et bestillingsverk p\u00e5 en konsert eksklusivt for Haruki Murakami, Liv Ullmann, Ji\u0159\u00ed Kyli\u00e1n, Mikhail Baryshnikov og Dronning Sonja.<\/span><\/p>\n<p><span data-contrast=\"none\"><span class=\"NormalTextRun SCXW130025916 BCX0\" data-ccp-parastyle=\"Normal (Web)\">Gjennom sine studier og musikalske oppdagelsesreiser rundt i verden, ofte i Afrika, Asia og S\u00f8r-Amerika, har de over tid tilegnet seg et naturlig forhold til en lang rekke musikalske stiluttrykk, og p\u00e5 platen kan man oppleve musikk fra den tidlige barokken, jazz p\u00e5 sitt mest intime, musikk utledet av antikkens greske myter, musikernes egen musikkarv fra henholdsvis norsk og s\u00f8rafrikansk tradisjonsmusikk, men ogs\u00e5 musikk avledet fra eldgamle kinesiske og japanske stiluttrykk, samtidsmusikk og dadaistisk poesi. Selv fuglesang er en tilbakevendende inspirasjon, av og til stille, andre ganger som eksploderende kaskader av lyd og interferens. Men uttrykket de innehar er alltid bemerkelsesverdig deres <\/span><span class=\"NormalTextRun SpellingErrorV2Themed SCXW130025916 BCX0\" data-ccp-parastyle=\"Normal (Web)\">eget.<\/span><\/span><\/p>\n<p><span data-contrast=\"none\"><br \/>","protected":false},"excerpt":{"rendered":"<p><strong><span class=\"TextRun Highlight MacChromeBold SCXW160400456 BCX0\" lang=\"NB-NO\" xml:lang=\"NB-NO\" data-contrast=\"none\"><span class=\"NormalTextRun SCXW160400456 BCX0\"><br \/>\n<\/span><\/span><\/strong><\/p>\n<p><strong><span class=\"TextRun Highlight MacChromeBold SCXW160400456 BCX0\" lang=\"NB-NO\" xml:lang=\"NB-NO\" data-contrast=\"none\"><span class=\"NormalTextRun SCXW160400456 BCX0\">D<\/span><\/span><\/strong><span class=\"TextRun MacChromeBold SCXW160400456 BCX0\" lang=\"NB-NO\" xml:lang=\"NB-NO\" data-contrast=\"none\"><strong><span class=\"NormalTextRun SCXW160400456 BCX0\">e to uvanlig grensesprengende og sjangerfrie artistene Juliana Venter og Rolf-Erik Nystr\u00f8m, opprinnelig fra hver sin ende av kloden, slipper sitt etterlengtede <\/span><span class=\"NormalTextRun SpellingErrorV2Themed SCXW160400456 BCX0\">debutalbum<\/span><\/strong><span class=\"NormalTextRun SCXW160400456 BCX0\"><strong><em> Kassandra.<\/em> Her tar duoen oss med inn i sitt unike musikalske univers og presenterer oss for sitt mange\u00e5rige samarbeid og intime samspill <span class=\"NormalTextRun SCXW43780435 BCX0\" data-ccp-parastyle=\"Normal (Web)\">mellom stemme og <\/span><span class=\"NormalTextRun SpellingErrorV2Themed SCXW43780435 BCX0\" data-ccp-parastyle=\"Normal (Web)\">saxofon<\/span>.<\/strong>\u00a0<\/span><\/span><\/p>\n<p><span data-contrast=\"none\"><\/p>\n","protected":false},"featured_media":42336,"comment_status":"open","ping_status":"closed","template":"","meta":[],"product_brand":[],"product_cat":[6],"product_tag":[8130,8129,8131],"class_list":{"0":"post-42317","1":"product","2":"type-product","3":"status-publish","4":"has-post-thumbnail","6":"product_cat-grappa","7":"product_tag-juliana-venter","8":"product_tag-juliana-venter-rolf-erik-nystrom","9":"product_tag-rolf-erik-nystrom","10":"product_shipping_class-cddvd-shipping","11":"uni_artist_tag-juliana-venter-rolf-erik-nystrom","12":"uni_main_artist_tag-juliana-venter-rolf-erik-nystrom","13":"uni_artist_genre-art-music","14":"uni_artist_genre-contemporary","15":"uni_artist_genre-contemporary-classical","16":"uni_artist_genre-contemporary-jazz","17":"uni_artist_genre-jazz","19":"first","20":"instock","21":"taxable","22":"shipping-taxable","23":"purchasable","24":"product-type-variable"},"_links":{"self":[{"href":"https:\/\/grappa.no\/no\/wp-json\/wp\/v2\/product\/42317","targetHints":{"allow":["GET"]}}],"collection":[{"href":"https:\/\/grappa.no\/no\/wp-json\/wp\/v2\/product"}],"about":[{"href":"https:\/\/grappa.no\/no\/wp-json\/wp\/v2\/types\/product"}],"replies":[{"embeddable":true,"href":"https:\/\/grappa.no\/no\/wp-json\/wp\/v2\/comments?post=42317"}],"wp:featuredmedia":[{"embeddable":true,"href":"https:\/\/grappa.no\/no\/wp-json\/wp\/v2\/media\/42336"}],"wp:attachment":[{"href":"https:\/\/grappa.no\/no\/wp-json\/wp\/v2\/media?parent=42317"}],"wp:term":[{"taxonomy":"product_brand","embeddable":true,"href":"https:\/\/grappa.no\/no\/wp-json\/wp\/v2\/product_brand?post=42317"},{"taxonomy":"product_cat","embeddable":true,"href":"https:\/\/grappa.no\/no\/wp-json\/wp\/v2\/product_cat?post=42317"},{"taxonomy":"product_tag","embeddable":true,"href":"https:\/\/grappa.no\/no\/wp-json\/wp\/v2\/product_tag?post=42317"}],"curies":[{"name":"wp","href":"https:\/\/api.w.org\/{rel}","templated":true}]}}