{"id":423,"date":"2009-10-19T00:00:00","date_gmt":"2009-10-18T23:00:00","guid":{"rendered":"http:\/\/www.grappa.no\/albums\/uncategorized\/mahler-symphony-no-7\/"},"modified":"2019-02-22T15:53:49","modified_gmt":"2019-02-22T14:53:49","slug":"mahler-symphony-no-7","status":"publish","type":"product","link":"https:\/\/grappa.no\/no\/albums\/simax-classics\/mahler-symphony-no-7\/","title":{"rendered":"Mahler Symphony No. 7"},"content":{"rendered":"<p><\/p>\n<p>Oslo-Filharmonien og Mariss Jansons\u2019 utgivelse av Mahlers symfoni nr. 1 og 9 har etablert seg som en klassiker, den mottok til og med Toblacher Preiz i 2003 som \u00e5rets beste Mahler-tolkning. Som en del av orkesterets 90-\u00e5rs jubileum og oppkj\u00f8ringen til Mahler-\u00e5ret kommer n\u00e5 symfoni nr. 7 \u2013 ogs\u00e5 den spilt inn i l\u00f8pet av to konserter med v\u00e5rt fremste orkester og deres sjef gjennom 22 \u00e5r, Mariss Jansons.<\/p>\n<p>I dag er Mariss Jansons kanskje det mest ettertraktede dirigentnavnet i verden. Gjennom sitt lange samarbeid utviklet Jansons og OFO en unik musikalsk kommunikasjon, og spesielt i det store romantiske repertoaret kan man h\u00f8re hvordan dirigent og orkester sammen oppn\u00e5r fantastiske resultater.<\/p>\n<p>Tidlig p\u00e5 2000-tallet gjorde OFO og Mariss en rekke konserter med Mahlers symfonier, alle planlagt ogs\u00e5 for utgivelse p\u00e5 CD. Kj\u00e6rlighetsforholdet mellom dirigent og musikere var kanskje aldri s\u00e5 h\u00f8rbart som i Mahlers musikk, der den vidunderlige usensurerte urkraften i Jansons musisering treffer for fullt. Sammen skaper orkester og dirigent denne rene, naturlige og naive stemningen som Mahlers musikk er fullstendig avhengig av.<\/p>\n<p><!--more--><\/p>\n<p>Oslo-Filharmonien og Mariss Jansons\u2019 utgivelse av Mahlers symfoni nr. 1 og 9 har etablert seg som en klassiker, den mottok til og med Toblacher Preiz i 2003 som \u00e5rets beste Mahler-tolkning. Som en del av orkesterets 90-\u00e5rs jubileum og oppkj\u00f8ringen til Mahler-\u00e5ret kommer n\u00e5 symfoni nr. 7 \u2013 ogs\u00e5 den spilt inn i l\u00f8pet av to konserter med v\u00e5rt fremste orkester og deres sjef gjennom 22 \u00e5r, Mariss Jansons.<\/p>\n<h4>Den mystiske syvende<\/h4>\n<p>Av alle Mahlers symfonier st\u00e5r den syvende kanskje som den mest g\u00e5tefulle. Orkesteret som helhet er litt mindre enn det Mahler brukte i sjette symfoni, men han legger til noen uvanlige instrumenter, blant annet tenorhorn og kornett i messingseksjonen, og ikke minst: mandolin og gitar i annen serenade.<\/p>\n<h4>Sp\u00f8kelser i natten?<\/h4>\n<p>Den midterste satsen i symfonien Schattenhaft (skyggeaktig) er en av de mest spesielle satsene i Mahlers produksjon. Musikken er sp\u00f8kelsesaktig og marerittlignende og vekker frykt og redsel; for m\u00f8rket, for gjenferd, hodeskaller og utydelige skikkelser som kommer til syne i natten. Likevel er det ikke helt alvorlig ment: Det er tydelig at Mahler morer seg med \u00e5 sende frysninger nedover ryggraden p\u00e5 publikum.<\/p>\n<h4>Mahler, Mariss og Oslo Filharmoniske Orkester<\/h4>\n<p>Tidlig p\u00e5 2000-tallet gjorde OFO og Mariss en rekke konserter med Mahlers symfonier, alle planlagt ogs\u00e5 for utgivelse p\u00e5 CD. Kj\u00e6rlighetsforholdet mellom dirigent og musikere var kanskje aldri s\u00e5 h\u00f8rbart som i Mahlers musikk, der den vidunderlige usensurerte urkraften i Jansons musisering treffer for fullt. Sammen skaper orkester og dirigent denne rene, naturlige og naive stemningen som Mahlers musikk er fullstendig avhengig av.<\/p>\n<p><\/p>","protected":false},"excerpt":{"rendered":"<p>&#8211; Dette er en innspilling p\u00e5 aller \u00f8verste hylle som setter standard. Gjort av et norsk orkester. Ikke d\u00e5rlig. [Bergens Tidende]<\/p>\n","protected":false},"featured_media":27663,"comment_status":"closed","ping_status":"open","template":"","meta":[],"product_brand":[],"product_cat":[180],"product_tag":[],"class_list":{"0":"post-423","1":"product","2":"type-product","3":"status-publish","4":"has-post-thumbnail","6":"product_cat-simax-classics","7":"product_shipping_class-cddvd-shipping","8":"uni_artist_tag-gustav-mahler","9":"uni_artist_tag-krzysztof-drab","10":"uni_artist_tag-mariss-jansons","11":"uni_artist_tag-oslo-philharmonic-orchestra","12":"uni_main_artist_tag-oslo-philharmonic-orchestra","13":"uni_artist_genre-orchestral","15":"first","16":"instock","17":"taxable","18":"shipping-taxable","19":"purchasable","20":"product-type-simple"},"_links":{"self":[{"href":"https:\/\/grappa.no\/no\/wp-json\/wp\/v2\/product\/423","targetHints":{"allow":["GET"]}}],"collection":[{"href":"https:\/\/grappa.no\/no\/wp-json\/wp\/v2\/product"}],"about":[{"href":"https:\/\/grappa.no\/no\/wp-json\/wp\/v2\/types\/product"}],"replies":[{"embeddable":true,"href":"https:\/\/grappa.no\/no\/wp-json\/wp\/v2\/comments?post=423"}],"wp:featuredmedia":[{"embeddable":true,"href":"https:\/\/grappa.no\/no\/wp-json\/wp\/v2\/media\/27663"}],"wp:attachment":[{"href":"https:\/\/grappa.no\/no\/wp-json\/wp\/v2\/media?parent=423"}],"wp:term":[{"taxonomy":"product_brand","embeddable":true,"href":"https:\/\/grappa.no\/no\/wp-json\/wp\/v2\/product_brand?post=423"},{"taxonomy":"product_cat","embeddable":true,"href":"https:\/\/grappa.no\/no\/wp-json\/wp\/v2\/product_cat?post=423"},{"taxonomy":"product_tag","embeddable":true,"href":"https:\/\/grappa.no\/no\/wp-json\/wp\/v2\/product_tag?post=423"}],"curies":[{"name":"wp","href":"https:\/\/api.w.org\/{rel}","templated":true}]}}