{"id":42277,"date":"2025-08-15T09:54:21","date_gmt":"2025-08-15T08:54:21","guid":{"rendered":"https:\/\/grappa.no\/?post_type=product&#038;p=42277"},"modified":"2025-08-15T10:00:06","modified_gmt":"2025-08-15T09:00:06","slug":"cooderland","status":"publish","type":"product","link":"https:\/\/grappa.no\/no\/albums\/grappa\/cooderland\/","title":{"rendered":"Cooderland"},"content":{"rendered":"<p><\/p>\n<p>Den 29.august slipper Frode Aln\u00e6s sitt nye album &#8220;Cooderland&#8221;, som er inspirert av en av hans gitarhelter. Sammen med et stjernelag av norske musikere, har han skapt optimistisk musikk med en helt unik og rik instrumentering.<br \/>\nFrode Aln\u00e6s g\u00e5r tilbake til r\u00f8ttene &#8211; tilbake til en av sine f\u00f8rste og st\u00f8rste inspirasjonskilder!<br \/>\nPlateprosjektet startet med en felles kj\u00e6rlighet til Ry Cooders musikalske univers fra b\u00e5de Frode Aln\u00e6s og tekstforfatter Morten Lorentzen. Og det kommende albumet er inspirert av amerikansk musikk, spesielt fra New Orleans. Frode forteller:<br \/>\n&#8211; Ry Cooder har alltid v\u00e6rt en av mine store forbilder, b\u00e5de som gitarist, l\u00e5tskriver og en stor representant for den amerikanske musikktradisjonen. Hans musikalske verden har alltid fascinert meg, med alt fra filmmusikk til samarbeid med andre gitarister og hans fantastiske produksjon generelt.<br \/>\nFrode Aln\u00e6s har laget all musikken til det kommende albumet \u00abCooderland\u00bb og Morten Lorentzen har skrevet tekstene. L\u00e5tene er ikke en gjendiktning eller en oversettelse av Ry Cooders musikk, men rett og slett helt nye l\u00e5ter p\u00e5 norsk. Frode Aln\u00e6s er selv vokalist og gitarist p\u00e5 alle l\u00e5tene og med seg i studio har han et stjernelag av norske musikere som alle har et forhold til denne musikken: Knut Reiersrud, David Wallumr\u00f8d, J\u00f8run B\u00f8geberg, Rune Arnesen og Kristin Skaare samt sv\u00e6rt dyktige sangere som Adam Douglas, Rikke Normann og Monica Rennan Hjelle p\u00e5 vokal\/kor. Bak spakene er en av Norges mest erfarne lydteknikere Alf Christian Hvidsteen. Frode fortsetter:<br \/>\n&#8211; Jeg har h\u00e5ndplukket musikere som jeg har dyp respekt for, og som har inng\u00e5ende kunnskap om denne sjangeren Dette materialet er ikke lett \u00e5 spille, og krever lang erfaring og kj\u00e6rlighet til stilarten. Et felles ord kan v\u00e6re New Orleans og musikktradisjonen der innen Blues og Rhytm &amp; Blues.<br \/>\nMeningen er at Frode og hans medmusikere vil dukke opp p\u00e5 diverse scener med disse nye og sterke l\u00e5tene om h\u00e5p, glede og kj\u00e6rlighet. Tekster og temaer er skrevet med glimt i \u00f8yet. Han avslutter:<br \/>\n&#8211; Det er humor og enkle hverdagsbetraktninger i tekstene, noe Morten Lorentzen er en mester p\u00e5. Da jeg jobbet med dette materialet var det et nytt landskap som \u00e5pnet seg. Dette er en annen type l\u00e5ter enn de jeg vanligvis skriver, og jeg h\u00e5per det kan gi andre glede ogs\u00e5!<\/p>\n<div>\n<div>\n<p>&nbsp;<\/p>\n<\/div>\n<\/div>","protected":false},"excerpt":{"rendered":"<p>Den 29.august slipper Frode Aln\u00e6s sitt nye album &#8220;Cooderland&#8221;, som er inspirert av en av hans gitarhelter. Sammen med et stjernelag av norske musikere, har han skapt optimistisk musikk med en helt unik og rik instrumentering.<\/p>\n","protected":false},"featured_media":42278,"comment_status":"open","ping_status":"closed","template":"","meta":[],"product_brand":[],"product_cat":[6],"product_tag":[8118],"class_list":{"0":"post-42277","1":"product","2":"type-product","3":"status-publish","4":"has-post-thumbnail","6":"product_cat-grappa","7":"product_tag-frode-alnaes","8":"product_shipping_class-cddvd-shipping","9":"uni_artist_tag-frode-alnaes","10":"uni_main_artist_tag-frode-alnaes","12":"first","13":"instock","14":"taxable","15":"shipping-taxable","16":"purchasable","17":"product-type-simple"},"_links":{"self":[{"href":"https:\/\/grappa.no\/no\/wp-json\/wp\/v2\/product\/42277","targetHints":{"allow":["GET"]}}],"collection":[{"href":"https:\/\/grappa.no\/no\/wp-json\/wp\/v2\/product"}],"about":[{"href":"https:\/\/grappa.no\/no\/wp-json\/wp\/v2\/types\/product"}],"replies":[{"embeddable":true,"href":"https:\/\/grappa.no\/no\/wp-json\/wp\/v2\/comments?post=42277"}],"wp:featuredmedia":[{"embeddable":true,"href":"https:\/\/grappa.no\/no\/wp-json\/wp\/v2\/media\/42278"}],"wp:attachment":[{"href":"https:\/\/grappa.no\/no\/wp-json\/wp\/v2\/media?parent=42277"}],"wp:term":[{"taxonomy":"product_brand","embeddable":true,"href":"https:\/\/grappa.no\/no\/wp-json\/wp\/v2\/product_brand?post=42277"},{"taxonomy":"product_cat","embeddable":true,"href":"https:\/\/grappa.no\/no\/wp-json\/wp\/v2\/product_cat?post=42277"},{"taxonomy":"product_tag","embeddable":true,"href":"https:\/\/grappa.no\/no\/wp-json\/wp\/v2\/product_tag?post=42277"}],"curies":[{"name":"wp","href":"https:\/\/api.w.org\/{rel}","templated":true}]}}