{"id":42273,"date":"2025-08-15T09:45:54","date_gmt":"2025-08-15T08:45:54","guid":{"rendered":"https:\/\/grappa.no\/?post_type=product&#038;p=42273"},"modified":"2025-11-10T11:50:12","modified_gmt":"2025-11-10T10:50:12","slug":"mirra","status":"publish","type":"product","link":"https:\/\/grappa.no\/no\/albums\/hubro\/mirra\/","title":{"rendered":"Mirra"},"content":{"rendered":"<p style=\"font-weight: 400;\"><strong><\/strong><\/p>\n<p>P\u00e5 albumet Mirra inviterer den nyskapende folkemusikeren<br \/>\nBenedicte Maurseth oss igjen med til den langstrakte Hardangervidda. Denne gang med fokus p\u00e5 villreinen.<br \/>\nDa Benedicte Maurseth gav ut albumet H\u00e1rr i 2022, ble den visjon\u00e6re felespilleren hyllet for \u00e5 ha skapt et mesterverk. Blandingen av hennes s\u00e6regne hardingfeleklang og bruk av konkret lyd fra dyreliv og tok lytterne med inn i et unikt lydlandskap.<br \/>\nFor verket H\u00e1rr vant hun den prestisjetunge Nordic Music Prize, og albumet ble ogs\u00e5 k\u00e5ret til et av \u00e5rets ti beste folkemusikkutgivelser i verden av The Guardian.<br \/>\nN\u00e5 slipper hun den etterlengtede oppf\u00f8lgeren Mirra, som i likhet med H\u00e1rr er et konseptalbum der bruk av konkret lyd er et b\u00e6rende element i komposisjonene. Denne gangen er det villreinen, som holder til i Maurseths hjemtrakter i Eidfjord i Hardanger, som st\u00e5r i sentrum. Verket f\u00f8lger deler av villreinens distinkte lyder og \u00e5rssyklus, som i \u00abKalven reiser seg\u00bb, \u00abSommarbeite\u00bb og \u00abJaktmarsj\u00bb, til dets adferd og mesterlig evne til \u00e5 tilpasse seg naturen den lever i samspill med.<br \/>\n\u00abMirra\u00bb er et eldre, glemt dialektord fra Hardanger, som beskriver n\u00e5r reinen springer samlet i en sirkulerende sirkel \u2013 b\u00e5de for \u00e5 holde varmen, men ogs\u00e5 for \u00e5 holde rovdyr unna. Uttrykket ble ogs\u00e5 brukt for \u00e5 beskrive at det &#8220;myldret&#8221; av rein.<br \/>\nMusikken er repeterende og preget av folkemusikkens suggererende gjentakelser, ogs\u00e5 inspirert av amerikansk minimalisme, krautrock og fri improvisert musikk.<br \/>\nKonsept og musikk er presentert og komponert av Benedicte Maurseth, og videreutviklet og arrangert i samarbeid med de enest\u00e5ende medmusikerne H\u00e5kon Stene p\u00e5 melodisk slagverk og perkusjon, Mats Eilertsen p\u00e5 bass og elektronikk, og Morten Qvenild p\u00e5 tangenter.<br \/>\nAlbumet er spilt inn ved Morten Qvenild i Ugla Lyd studio 2024, Nesodden, og er produsert av Benedicte Maurseth og J\u00f8rgen Tr\u00e6en.<br \/>\nBenedicte Maurseth forteller:<br \/>\n&#8211; Berre to gonger i heile mitt liv har eg sett villrein. Fyrste gongen var ein sv\u00e6r flokk. Truleg fleire hundre dyr. Dei sprang tett, samla, og med intens stir frametter i hurtig tempo, og gjekk n\u00e6rmast i eitt med det gr\u00e5brune landskapet kring dei ved Dyranut p\u00e5 Hardangervidda. D\u00e5 var eg sju \u00e5r. Mange \u00e5r seinare var eg vitne til dei ein einaste gong til, d\u00e5 ogs\u00e5 p\u00e5 slump, p\u00e5 veg aust ein v\u00e5rdag. Dette trass i at eg er oppvaksen i fjellet, p\u00e5 Maurset i Eidfjord, like ved foten til det enorme fjellplat\u00e5et kor eg har vandra i \u00e5revis i alle himmelretningar. Der ogs\u00e5 reinen har vandra, i fleirfaldige tusen \u00e5r. Dei har s\u00e5leis aldri vore langt borte, jamvel s\u00e5 uoppn\u00e5elege, og langt borte likevel. Dei er sky ovanfor menneska, og med rette.<br \/>\nDei grev heile vintrane med sine klovar etter mat under sn\u00f8en. Dei er i endelaus r\u00f8rsle. P\u00e5 vandring. N\u00e5r vinden om vinteren legg seg over landskapet, gjerne dagar om gongen, legg ogs\u00e5 reinen seg ned og ventar, utan ein lyd. Der kan han ligga, medan vinden piskar han p\u00e5 mulen og sn\u00f8en f\u00f8ykjer rundt han, og halda ut opp mot f\u00f8rti minus i sin veltilpassa, tjukke pels. Dei f\u00f8der kalvar kring kram sn\u00f8 om v\u00e5ren. Ein time og to etter reiser kalven seg, og spring etter simlemora. Om sommaren spring dei fr\u00e5 myggsvermar og nyt samstundes frodige bj\u00f8rkeskot, kvitkrull og sopp. Om hausten spring dei fr\u00e5 jegerane, men samlast deretter i brunsttida, f\u00f8r simler og bukkar igjen skil lag, og grev og grev vidare end\u00e5 ein vinter etter n\u00e6ring duld under alt det kvite. Dei kommuniserer med grynt og klikkelydar i klovane, same om det er fuktig myr eller hard is dei tr\u00f8r p\u00e5. Dei lever i flokk. Alt for \u00e5 meistra leva i dette tilsynelatande audslege landskapet, fylt av stein, isbrear og sn\u00f8, elvar, lyng og morenar. Det er her dei h\u00f8yrer til.<br \/>\nMirra er ei vidaref\u00f8ring av mitt f\u00f8rre verk H\u00e1rr (2022), med \u00f8kosofiens perspektiv som vardestein, og der reinen denne gong har hovudrolla. Dei er merkverdige, vakre dyr. Dei er \u00f2g truga. Av menneska, framfor alt, som avgrensar plassen deira litt og litt, \u00e5r for \u00e5r. Vaktar me oss ikkje, forsvinn villreinen p\u00e5 Hardangervidda kanskje for all tid.<br \/>\nYtterligere gjesteopptredener p\u00e5 albumet av andre truede dyrearter, som n\u00e5 eller tidligere har levd sammen med rein p\u00e5 Hardangervidda (spor 7): Sn\u00f8ugle, fjellrev, jerv, lappspurv, sm\u00e5spove, storspove, heilo, bergand, jaktfalk, amerikakrikkand, svartand, havelle, myrhauk.<\/p>\n<p>","protected":false},"excerpt":{"rendered":"<p><strong><\/strong><\/p>\n<p>P\u00e5 albumet Mirra inviterer den nyskapende folkemusikeren<br \/>\nBenedicte Maurseth oss igjen med til den langstrakte Hardangervidda. Denne gang med fokus p\u00e5 villreinen.<\/p>\n","protected":false},"featured_media":42276,"comment_status":"open","ping_status":"closed","template":"","meta":[],"product_brand":[],"product_cat":[36],"product_tag":[8117],"class_list":{"0":"post-42273","1":"product","2":"type-product","3":"status-publish","4":"has-post-thumbnail","6":"product_cat-hubro","7":"product_tag-benedicte-maurseth","8":"product_shipping_class-cddvd-shipping","9":"uni_artist_tag-benedicte-maurseth","10":"uni_main_artist_tag-benedicte-maurseth","11":"uni_artist_genre-contemporary-jazz","13":"first","14":"instock","15":"taxable","16":"shipping-taxable","17":"purchasable","18":"product-type-variable"},"_links":{"self":[{"href":"https:\/\/grappa.no\/no\/wp-json\/wp\/v2\/product\/42273","targetHints":{"allow":["GET"]}}],"collection":[{"href":"https:\/\/grappa.no\/no\/wp-json\/wp\/v2\/product"}],"about":[{"href":"https:\/\/grappa.no\/no\/wp-json\/wp\/v2\/types\/product"}],"replies":[{"embeddable":true,"href":"https:\/\/grappa.no\/no\/wp-json\/wp\/v2\/comments?post=42273"}],"wp:featuredmedia":[{"embeddable":true,"href":"https:\/\/grappa.no\/no\/wp-json\/wp\/v2\/media\/42276"}],"wp:attachment":[{"href":"https:\/\/grappa.no\/no\/wp-json\/wp\/v2\/media?parent=42273"}],"wp:term":[{"taxonomy":"product_brand","embeddable":true,"href":"https:\/\/grappa.no\/no\/wp-json\/wp\/v2\/product_brand?post=42273"},{"taxonomy":"product_cat","embeddable":true,"href":"https:\/\/grappa.no\/no\/wp-json\/wp\/v2\/product_cat?post=42273"},{"taxonomy":"product_tag","embeddable":true,"href":"https:\/\/grappa.no\/no\/wp-json\/wp\/v2\/product_tag?post=42273"}],"curies":[{"name":"wp","href":"https:\/\/api.w.org\/{rel}","templated":true}]}}