{"id":42269,"date":"2025-08-15T09:30:57","date_gmt":"2025-08-15T08:30:57","guid":{"rendered":"https:\/\/grappa.no\/?post_type=product&#038;p=42269"},"modified":"2025-08-15T09:45:10","modified_gmt":"2025-08-15T08:45:10","slug":"evigheten-forestar","status":"publish","type":"product","link":"https:\/\/grappa.no\/no\/albums\/heilo\/evigheten-forestar\/","title":{"rendered":"Evigheten Forest\u00e5r"},"content":{"rendered":"<p><\/p>\n<p>I natta og m\u00f8rket herskar Hekate. Best\u00e5ande av tre kroppar med kvar sine s\u00e6rskilde eigenskapar, voktar ho over m\u00e5nen, vegskiljer, og sit med n\u00f8kkelen til portalen mellom ulike verdenar. Vokaltrioen HEKATE, best\u00e5ande av Malin Alander, Silje Risdal Liahagen og Synn\u00f8ve Br\u00f8ndbo Plassen, opnar d\u00f8rene til eit nytt musikalsk rom der urgamal kraft m\u00f8ter moderne klubbenergi.<br \/>\nTrioen, som alle har markert seg som sterke soloartistar p\u00e5 den norske musikkscena, har p\u00e5 kort tid etablert seg som eit unikt innslag i den norske folkemusikken. Etter konserter p\u00e5 Tuvas Blodklubb, Motvindfestivalen, Celtic Connections, Folkelarm og NRKs Lindmo, har Hekate trollbunde publikum med r\u00e5, intens kveding og eit sterkt n\u00e6rv\u00e6r som inviterar b\u00e5de til lytting og dans.<br \/>\nSl\u00e5ttetralling har lange tradisjonar her i Norge, og etter mange \u00e5r som ein mindre omtalt del av folkemusikken, har denne undersjangeren f\u00e5tt sin renessanse dei siste ti\u00e5ra. Albumet best\u00e5r av sl\u00e5ttetralling fr\u00e5 ulike delar av landet, med improvisasjon som eit av hovudelementa. Dei tre stemmene i trioen er b\u00e5de ulike og like, noko som bidreg til \u00e5 skape eit dynamisk lydbilete med eit breitt spekter av klang.<\/p>\n<p>HEKATE oppstod fr\u00e5 eit ynskje om \u00e5 lyfte fram sl\u00e5ttetralling, og ein klar visjon om songen som sj\u00f8lve ryggraden i dansefesten. Med m\u00e5l om \u00e5 lage euforisk stemning for b\u00e5de dansaren og lyttaren, har dei skapt sitt eiget univers styrt av drivande samspel og intens energi.<br \/>\nOm ein legg til inspirasjon fr\u00e5 den kraftfulle, feminine energien som historisk fylgjer sl\u00e5ttetrallinga og det sterke samhaldet som er i samsongen, sit ein att med eit potent heksebrygg av kompromisslaus kveding i klubbsetting.<br \/>\nHEKATE skaper kompromisslaus, kraftfull kveding i ei moderne setting \u2013 eit potent heksebrygg for b\u00e5de dansegolv og djupt lyttande sjeler.<\/p>\n<p>&nbsp;<\/p>\n<p>Konsertar:<br \/>\nPEDERHUSVEKA, BREIM &#8211; 20.-22. JUN<br \/>\nOSLO PRIDE &#8211; 25. juni<br \/>\nRIS\u00d8R KAMMERMUSIKKFEST, &#8211; HEKATE &amp; POING 26. JUN<br \/>\nF\u00d8RDEFESTIVALEN &#8211; 3.-6. JUL<br \/>\nJ\u00d8RN HILME, VALDRES &#8211; 10.-13. JUL<br \/>\nKALOTTSPEL &#8211; 7.-10. August<br \/>\nPARKTEATRET, Oslo &#8211; 27. august<br \/>\nSTORHELG I HALLINGDAL, TORPO &#8211; 17.-19. OCT<br \/>\nRIKSSCENEN, Oslo &#8211; 31. oktober<\/p>\n<p>","protected":false},"excerpt":{"rendered":"<p>Vokaltrioen HEKATE, best\u00e5ande av Malin Alander, Silje Risdal Liahagen og Synn\u00f8ve Br\u00f8ndbo Plassen, opnar d\u00f8rene til eit nytt musikalsk rom der urgamal kraft m\u00f8ter moderne klubbenergi.<\/p>\n","protected":false},"featured_media":42270,"comment_status":"open","ping_status":"closed","template":"","meta":[],"product_brand":[],"product_cat":[35],"product_tag":[8114],"class_list":{"0":"post-42269","1":"product","2":"type-product","3":"status-publish","4":"has-post-thumbnail","6":"product_cat-heilo","7":"product_tag-hekate","8":"product_shipping_class-cddvd-shipping","9":"uni_artist_tag-hekate","10":"uni_main_artist_tag-hekate","11":"uni_artist_genre-folkemusikk","12":"uni_artist_genre-folkrock","13":"uni_artist_genre-traditional","15":"first","16":"instock","17":"taxable","18":"shipping-taxable","19":"purchasable","20":"product-type-variable"},"_links":{"self":[{"href":"https:\/\/grappa.no\/no\/wp-json\/wp\/v2\/product\/42269","targetHints":{"allow":["GET"]}}],"collection":[{"href":"https:\/\/grappa.no\/no\/wp-json\/wp\/v2\/product"}],"about":[{"href":"https:\/\/grappa.no\/no\/wp-json\/wp\/v2\/types\/product"}],"replies":[{"embeddable":true,"href":"https:\/\/grappa.no\/no\/wp-json\/wp\/v2\/comments?post=42269"}],"wp:featuredmedia":[{"embeddable":true,"href":"https:\/\/grappa.no\/no\/wp-json\/wp\/v2\/media\/42270"}],"wp:attachment":[{"href":"https:\/\/grappa.no\/no\/wp-json\/wp\/v2\/media?parent=42269"}],"wp:term":[{"taxonomy":"product_brand","embeddable":true,"href":"https:\/\/grappa.no\/no\/wp-json\/wp\/v2\/product_brand?post=42269"},{"taxonomy":"product_cat","embeddable":true,"href":"https:\/\/grappa.no\/no\/wp-json\/wp\/v2\/product_cat?post=42269"},{"taxonomy":"product_tag","embeddable":true,"href":"https:\/\/grappa.no\/no\/wp-json\/wp\/v2\/product_tag?post=42269"}],"curies":[{"name":"wp","href":"https:\/\/api.w.org\/{rel}","templated":true}]}}