{"id":42264,"date":"2025-08-15T08:31:26","date_gmt":"2025-08-15T07:31:26","guid":{"rendered":"https:\/\/grappa.no\/?post_type=product&#038;p=42264"},"modified":"2025-08-15T09:29:27","modified_gmt":"2025-08-15T08:29:27","slug":"morning","status":"publish","type":"product","link":"https:\/\/grappa.no\/no\/albums\/hubro\/morning\/","title":{"rendered":"Morning"},"content":{"rendered":"<p style=\"font-weight: 400;\"><strong><\/strong><\/p>\n<p>Den nye supergruppen \u00b4Beiggja\u00b4(Kika Sprangers, Kjetil Mulelid, Mats Eilertsen og Per Oddvar Johansen) er aktuelle med ny vakker musikk for skumringens time.<\/p>\n<p>Hva skjer n\u00e5r fire dyktige og kreative jazzmusikere isolerer seg i et studio i skogen, og lar kreativiteten slippe fri? &#8211; Svaret er albumet &#8220;Morning&#8221; og prosjektet \u00b4Beiggja\u00b4, som tar lytteren med inn i spillerommet der vi f\u00e5r v\u00e6re en del av deres utforskende samspill.<br \/>\nSent p\u00e5 vinteren 2024 samlet pianist Kjetil Mulelid, saksofonist Kika Sprangers, bassist Mats Eilertsen og trommeslager Per Oddvar Johansen seg i Per Oddvars hjemlige omgivelser i Lommedalen. Alle tok med noen l\u00e5ter og ideer, s\u00e5 trykket de rec og lot samspillet ta form. Det viste seg \u00e5 bli et nydelig f\u00f8rste m\u00f8te, som utviklet seg til innspillingen av albumet &#8220;Morning&#8221;. Kika og Kjetil forteller:<br \/>\n&#8211; Ingen av tagningene var like. En \u2018take to\u2019 har ofte en tendens til \u00e5 referere til \u2018take en\u2019, spesielt n\u00e5r \u2018take en\u2019 l\u00e5ter bra. Men med Mats og Per Oddvar tok hver tagning sin egen unike retning. Samspillet var fantastisk, og det f\u00f8ltes virkelig naturlig og organisk. Selv om vi ikke kjente hverandre s\u00e5 godt enda, klarte vi \u00e5 f\u00f8lge hverandres musikalske steg tett. Det h\u00f8rer du p\u00e5 albumet. Den spontaniteten og nysgjerrigheten.<br \/>\nDen 13.juni slippes \u00b4Morning\u00b4 p\u00e5 det norske plateselskapet Hubro, med turn\u00e9planer b\u00e5de i Norge og Nederland.<br \/>\nKika Sprangers, nederlandsk saksofonist og komponist, balanserer i sin musikk p\u00e5 en fin linje mellom s\u00e5rbarhet og styrke. En visjon om \u00e5 kombinere de to \u2013 formidlet musikalsk gjennom kj\u00e6rlighet for uortodokse instrumenteringer og spenningskurver ment for symfoniske passasjer eller tung stillhet. I Nederland er hun lenge anerkjent som et av de fremste unge talentene innen moderne jazz, og har mottatt en rekke priser for sitt arbeid som komponist og bandleder for b\u00e5de sin egen kvintett og sitt store ensemble. Hun mottok Rogier van Otterloo-prisen i 2021 (fra Metropole Orkest) som fremadstormende komponist, og gjennomf\u00f8rte et to\u00e5rig residensprogram ved TivoliVredenburg i Utrecht. I dette l\u00f8pet (st\u00f8ttet av det nederlandske fondet for ut\u00f8vende kunst) spilte Kika inn ny musikk med sitt Large Ensemble, samt i duo med gitarist Mikkel Ploug og pianist Kit Downes. Sammen ga de ut albumene Du blomst og Mirage i 2024 p\u00e5 DOX Records. P\u00e5 slutten av 2024 mottok hun den nederlandske Willem Breuker-prisen og slapp albumet Large Ensemble (In)finity til stormende jubel.<br \/>\nKjetil Mulelid har utmerket seg med sitt s\u00e6regne spill og komposisjoner, som blander jazz, salmer og improvisert musikk. Etter \u00e5 ha uteksaminert seg fra den kjente Jazzlinja i Trondheim i 2014, har han turnert vidt og bredt med sine egne prosjekter i Europa, Canada og Asia. Han har gitt ut flere kritikerroste album som soloartist, med Kjetil Mulelid Trio, jazzkvartetten Wako, i duoen Kjemilie med vokalist Emilie Storaas, og i samarbeid med Siril Malmedal Hauge \u2013 b\u00e5de som band og som piano\/vokal-duo. Det sv\u00e6rt velrenommerte magasinet The Wire, omtalte Mulelid senest i 2025 som &#8220;one of Norway&#8217;s finest contemporary jazz pianists&#8221;, og Jazzwise, omtalte hans siste plate som &#8220;a modern Nordic masterpiece&#8221;. I tillegg til sine faste prosjekter har Mulelid ogs\u00e5 samarbeidet med blant andre Arve Henriksen, Trygve Seim, Mathias Eick og Sissel Vera Pettersen.<br \/>\nPer Oddvar Johansen er en av Norges fremste trommeslagere. Hans velkjente smakfullhet kan h\u00f8res p\u00e5 over \u00e5tti utgitte album, som har blitt bel\u00f8nnet med hele seks Spellemannspriser. For tiden samarbeider han med Christian Wallumr\u00f8d, Vigleik Storaas, Helge Lien, Ayumi Tanaka, Trygve Seim, Mats Eilertsen, Torben Snekkestad og mange flere. Fiona Talkington (BBC) om hans seneste utgivelse i eget navn:<br \/>\n&#8220;Per Oddvar Johansen har spilt en stor rolle i norsk musikk gjennom mange \u00e5r og har jobbet mye med banebrytende figurer som Helge Lien, Christian Wallumr\u00f8d og Petter Wettre. Han bringer sin egen fantasifulle drivkraft til alt han gj\u00f8r, og hans solodebutalbum \u2018Let\u2019s Dance\u2019 p\u00e5 Edition Records setter endelig s\u00f8kelys p\u00e5 en musiker som lenge har fortjent oppmerksomhet.&#8221;<br \/>\nMats Eilertsen har v\u00e6rt en markant tilstedev\u00e6relse i den internasjonale jazzscenen de siste 30 \u00e5rene. Han har medvirket p\u00e5 uttallige innspillinger og v\u00e6rt sentral p\u00e5 store ECM-utgivelser med blant andre Tord Gustavsen, Trygve Seim, Mathias Eick, Nils \u00d8kland, Wolfert Brederode og Jakob Young. Han har lenge hatt flere egne prosjekter, inkludert sin egen trio, sammen med trommeslager Thomas Str\u00f8nen og nederlandske pianist Harmen Fraanje. Trioen sin seneste utgivelse And Then Comes The Night (2019, ECM Records) mottok Spellemannsprisen i Norge og hyllester verden over. I 2022 mottok Eilertsen norsk jazz sin h\u00f8yeste utmerkelse, den sagnomsuste Buddyprisen.<\/p>\n<p>Personnel:<br \/>\nKika Sprangers &#8211; saxofon<br \/>\nKjetil Mulelid &#8211; piano<br \/>\nMats Eilertsen &#8211; kontrabass<br \/>\nPer Oddvar Johansen &#8211; trommer<br \/>\nProduksjon: Opptak, miks og master av Per Oddvar Johansen i Sleaskjulet, Lommedalen.<\/p>\n<p>Turn\u00e9:<br \/>\nJune 5: TivoliVredenburg, Utrecht (NL)<br \/>\nJune 7: BIMHUIS, Amsterdam (NL)<br \/>\nJune 8: Jazz in Duketown, Den Bosch (NL)<br \/>\nSept 15: PizzaExpress, London (UK)<br \/>\nSept 18: Brebl, Nijmegen (NL)<br \/>\nSept 19: Stadsgehoorzaal, Leiden (NL)<br \/>\nSept 20: LantarenVenster, Rotterdam (NL)<\/p>\n<p>&nbsp;<\/p>\n<p>","protected":false},"excerpt":{"rendered":"<p><strong><\/strong><\/p>\n<p>Den nye supergruppen \u00b4Beiggja\u00b4(Kika Sprangers, Kjetil Mulelid, Mats Eilertsen og Per Oddvar Johansen) er aktuelle med ny vakker musikk for skumringens time.<\/p>\n","protected":false},"featured_media":42267,"comment_status":"open","ping_status":"closed","template":"","meta":[],"product_brand":[],"product_cat":[36],"product_tag":[8111],"class_list":{"0":"post-42264","1":"product","2":"type-product","3":"status-publish","4":"has-post-thumbnail","6":"product_cat-hubro","7":"product_tag-beiggja","8":"product_shipping_class-cddvd-shipping","9":"uni_artist_tag-beiggja","10":"uni_main_artist_tag-beiggja","11":"uni_artist_genre-alternative-jazz","13":"first","14":"instock","15":"taxable","16":"shipping-taxable","17":"purchasable","18":"product-type-simple"},"_links":{"self":[{"href":"https:\/\/grappa.no\/no\/wp-json\/wp\/v2\/product\/42264","targetHints":{"allow":["GET"]}}],"collection":[{"href":"https:\/\/grappa.no\/no\/wp-json\/wp\/v2\/product"}],"about":[{"href":"https:\/\/grappa.no\/no\/wp-json\/wp\/v2\/types\/product"}],"replies":[{"embeddable":true,"href":"https:\/\/grappa.no\/no\/wp-json\/wp\/v2\/comments?post=42264"}],"wp:featuredmedia":[{"embeddable":true,"href":"https:\/\/grappa.no\/no\/wp-json\/wp\/v2\/media\/42267"}],"wp:attachment":[{"href":"https:\/\/grappa.no\/no\/wp-json\/wp\/v2\/media?parent=42264"}],"wp:term":[{"taxonomy":"product_brand","embeddable":true,"href":"https:\/\/grappa.no\/no\/wp-json\/wp\/v2\/product_brand?post=42264"},{"taxonomy":"product_cat","embeddable":true,"href":"https:\/\/grappa.no\/no\/wp-json\/wp\/v2\/product_cat?post=42264"},{"taxonomy":"product_tag","embeddable":true,"href":"https:\/\/grappa.no\/no\/wp-json\/wp\/v2\/product_tag?post=42264"}],"curies":[{"name":"wp","href":"https:\/\/api.w.org\/{rel}","templated":true}]}}