{"id":422,"date":"2003-04-07T00:00:00","date_gmt":"2003-04-06T23:00:00","guid":{"rendered":"http:\/\/www.grappa.no\/albums\/uncategorized\/mahler-symphonies-nos-1-9\/"},"modified":"2024-11-11T10:10:42","modified_gmt":"2024-11-11T09:10:42","slug":"mahler-symphonies-nos-1-9","status":"publish","type":"product","link":"https:\/\/grappa.no\/no\/albums\/simax-classics\/mahler-symphonies-nos-1-9\/","title":{"rendered":"Mahler Symphonies nos. 1 &amp; 9"},"content":{"rendered":"<p><\/p>\n<p>Mahler med Mariss Jansons og Oslo Filharmoniske Orkester<\/p>\n<p>En klassiker, selve kulminasjonen av 23 \u00e5rs gjennomgripende kunstnerisk samarbeid mellom Mariss Jansons og Oslo-Filharmonien: en dobbelt-cd med Mahlers f\u00f8rste og niende symfoni. Live opptak av elektriske konserter. Utgivelsen mottok den h\u00f8ythengende Mahler Toblacher Prize.<\/p>\n<p>\u00c5 spille Gustav Mahlers symfonier er den st\u00f8rste oppgaven et symfoniorkester kan ta p\u00e5 seg. Musikken setter enorme krav b\u00e5de til hver enkelt musiker med solistiske partier, og til hele orkesterets samhandling. Det passer med andre ord som h\u00e5nd i hanske for den enheten Mariss Jansons og Oslo-Filharmonien har bygget opp gjennom disse \u00e5rene. N\u00e5r man s\u00e5 tar med Jansons uovertrufne evne til skape en organisk enhet av musikkens mange sjikt, samt hans store hjerte for Mahler spesielt, vil det v\u00e6re klart for de fleste at vi her st\u00e5r ovenfor en virkelig sensasjonell innspilling. Den kompromissl\u00f8se og ustoppelige kraften som kjennetegner Jansons musisering gir oss Mahlertolkninger av ypperste verdensklasse.<\/p>\n<p>I tillegg til en meget god artikkel skrevet av Malcolm MacDonald, inneholder bookleten til denne utgivelsen et intervju med Mariss Jansons der han snakker om sitt forhold til Mahlers musikk fra studietiden og frem til i dag.<\/p>\n<p><!--more--><\/p>\n<p>Simax Classics er klare med selve kulminasjonen av 23 \u00e5rs gjennomgripende kunstnerisk samarbeid mellom Mariss Jansons og Oslo-Filharmonien: en dobbelt-cd som er f\u00f8rste utgivelsen i en serie med Mahlers symfonier.<\/p>\n<h4><\/h4>\n<p>Denne f\u00f8rste utgivelsen favner hele spennet i Mahlers symfoniske produksjon; hans f\u00f8rste og siste symfoni. Ungdommelig p\u00e5gangsmot og grensel\u00f8st potensiale blir her satt opp mot den livserfarne komponists formsikre visshet. Og gjennom det hele viser Mahler oss med nesten skremmende realisme det utrolig vakre og det grimmeste grusomme side ved side, i menneskesinnets m\u00f8te med natur og samfunn.<\/p>\n<h4>Nr. 1<\/h4>\n<p>Symfoni nr.1 er skrevet mens komponisten var i midten av 20-\u00e5rene og summerer p\u00e5 mange m\u00e5ter hans utvikling s\u00e5 langt i livet, b\u00e5de ved \u00e5 hente materiale fra tidligere verker og ved allusjoner til mislykkede kj\u00e6rlighetsforhold. Opprinnelig hadde verket fem satser. Men i respekt for historiens store symfonikere ville Mahler ikke v\u00e6re for ambisi\u00f8s, og kalte verket for et \u2018symfonisk dikt\u2019 med undertittelen \u2018episoder i en kunstners liv\u2019. Det fantes ogs\u00e5 et skrevet program med handlingsforl\u00f8p for hver av satsene, hentet fra Jean Paul Richters roman Titanen.<\/p>\n<h4>Nr. 9<\/h4>\n<p>Symfoni nr.9 ble Mahlers siste, selv om han ved sin d\u00f8d var godt i gang med en symfoni nr.10. Den naive optimismen fra den f\u00f8rste symfonien er borte. Ofte hadde Mahler fortalt om den overtroiske frykten han hadde for \u00e5 skrive sin symfoni nr.9, med referanse til Beethoven, Schubert og Bruckner som alle bare rakk \u00e5 fullf\u00f8re ni symfonier. I \u00e5rene f\u00f8r denne symfoniens tilblivelse fikk Mahler vite at han led av en hjertefeil som sannsynligvis var d\u00f8delig, samtidig som hans eldste datter d\u00f8de av tuberkulose. I lys av dette kan man forst\u00e5 hvorfor Symfoni nr.9 gjerne sies \u00e5 ha en blanding av fornektelse og aksept ved seg. Selv til Mahler \u00e5 v\u00e6re, som holdt fast ved at hver symfoni skulle inneholde en egen verden, er denne symfonien utrolig utrykksfull og variert.<\/p>\n<p>I tillegg til en meget god artikkel skrevet av Malcolm MacDonald, inneholder bookleten til denne utgivelsen et intervju med Mariss Jansons der han snakker om sitt forhold til Mahlers musikk fra studietiden og frem til han n\u00e5 starter en serie innspillinger sammen med Oslo-Filharmonien.<\/p>\n<p><\/p>","protected":false},"excerpt":{"rendered":"<p>Internationaler Gustav-Mahler-Schallplattenpreis &#8220;Toblacher Komponierh\u00e4uschen 2003&#8221; for Mariss Jansons<\/p>\n","protected":false},"featured_media":27662,"comment_status":"closed","ping_status":"closed","template":"","meta":[],"product_brand":[],"product_cat":[180],"product_tag":[],"class_list":{"0":"post-422","1":"product","2":"type-product","3":"status-publish","4":"has-post-thumbnail","6":"product_cat-simax-classics","7":"product_shipping_class-cddvd-shipping","8":"uni_artist_tag-gustav-mahler","9":"uni_artist_tag-krzysztof-drab","10":"uni_artist_tag-mariss-jansons","11":"uni_artist_tag-oslo-philharmonic-orchestra","12":"uni_main_artist_tag-oslo-philharmonic-orchestra","13":"uni_artist_genre-orchestral","15":"first","16":"outofstock","17":"taxable","18":"shipping-taxable","19":"purchasable","20":"product-type-simple"},"_links":{"self":[{"href":"https:\/\/grappa.no\/no\/wp-json\/wp\/v2\/product\/422","targetHints":{"allow":["GET"]}}],"collection":[{"href":"https:\/\/grappa.no\/no\/wp-json\/wp\/v2\/product"}],"about":[{"href":"https:\/\/grappa.no\/no\/wp-json\/wp\/v2\/types\/product"}],"replies":[{"embeddable":true,"href":"https:\/\/grappa.no\/no\/wp-json\/wp\/v2\/comments?post=422"}],"wp:featuredmedia":[{"embeddable":true,"href":"https:\/\/grappa.no\/no\/wp-json\/wp\/v2\/media\/27662"}],"wp:attachment":[{"href":"https:\/\/grappa.no\/no\/wp-json\/wp\/v2\/media?parent=422"}],"wp:term":[{"taxonomy":"product_brand","embeddable":true,"href":"https:\/\/grappa.no\/no\/wp-json\/wp\/v2\/product_brand?post=422"},{"taxonomy":"product_cat","embeddable":true,"href":"https:\/\/grappa.no\/no\/wp-json\/wp\/v2\/product_cat?post=422"},{"taxonomy":"product_tag","embeddable":true,"href":"https:\/\/grappa.no\/no\/wp-json\/wp\/v2\/product_tag?post=422"}],"curies":[{"name":"wp","href":"https:\/\/api.w.org\/{rel}","templated":true}]}}