{"id":42170,"date":"2025-05-13T13:25:50","date_gmt":"2025-05-13T12:25:50","guid":{"rendered":"https:\/\/grappa.no\/?post_type=product&#038;p=42170"},"modified":"2025-05-13T13:25:50","modified_gmt":"2025-05-13T12:25:50","slug":"sakte-film","status":"publish","type":"product","link":"https:\/\/grappa.no\/no\/albums\/hubro\/sakte-film\/","title":{"rendered":"Sakte Film"},"content":{"rendered":"<p style=\"font-weight: 400;\"><strong><\/strong><\/p>\n<p style=\"font-weight: 400;\"><strong>P\u00e5 Geir Sundst\u00f8ls nye album \u00abSakte Film\u00bb svever lytteren hit og dit i lydlandskap med enda videre vidder enn f\u00f8r. <\/strong><strong>Sundst\u00f8ls sjette soloalbum p\u00e5 Hubro markerer ogs\u00e5 hans ti\u00e5rsjubileum som <\/strong><strong>soloartist.<\/strong><\/p>\n<p style=\"font-weight: 400;\"><strong>\u00a0<\/strong><\/p>\n<p style=\"font-weight: 400;\">Geir Sundst\u00f8l har uten \u00e5 overdrive hatt en innholdsrik og variert karriere. Ogs\u00e5 i HUBROs univers har musikken hans st\u00e5tt som en p\u00e5le gjennom en \u00e5rrekke, og det nye albumet \u00abSakte Film\u00bb er intet unntak, men denne utgivelsen har en st\u00f8rre bredde med flere lag av strykere som gir enda st\u00f8rre rom til klang og utforskning. Geir Sundst\u00f8l forteller:<\/p>\n<p style=\"font-weight: 400;\"><em>&#8211; Det som skiller denne plata fra de andre platene jeg har laget, er f\u00f8rst og fremst alle strykearrangementene. Erik Sollid, Sunniva Shaw, H\u00e5kon Brunborg og Mari Persen har bidratt med fiolin, bratsj og cello. De har tilf\u00f8rt en ny dimensjon. Mer hjerte og smerte. Det er i bunn og grunn d\u00e9t det handler om for meg. \u00c5 ber\u00f8re med musikken. Stryke og r\u00f8ske. <\/em><\/p>\n<p style=\"font-weight: 400;\">Musikken beveger ser ogs\u00e5 utover sjangerbredder, og er vanskelig \u00e5 kategorisere. Det kan skifte fra folkemusikk til jazz, flytende til hardtsl\u00e5ende. Geir sier:<\/p>\n<p style=\"font-weight: 400;\"><em>&#8211; Det slo meg at det er vrient, om ikke klin umulig, \u00e5 kategorisere denne musikken. Da har jeg i s\u00e5fall oppn\u00e5dd det jeg ville. <\/em><\/p>\n<p style=\"font-weight: 400;\">\u00abSakte film\u00bb flyr oss gjennom (minst) ni landskap, og i ekte Sundst\u00f8l-stil inviteres vi inn i ulike strengeinstrumenters verdener. Det hele \u00e5pner med \u00abMats\u00bb, en l\u00e5t \u00e6rb\u00f8dig oppkalt etter medmusikant Mats Eilertsen, og komponert over et av Eilertsens magiske bassriff. En stor l\u00e5t med to trommeslagere, flyvende teppe-stryk og nyinnkj\u00f8pt bulbul tarang. Etterfulgt av National tri-cone og s\u00e5 pedal steel gjennom en Leslie-h\u00f8yttaler.<\/p>\n<p style=\"font-weight: 400;\">Sundst\u00f8l har laget mye musikk til tv og radio, og l\u00e5tene \u00abBroder\u00bb og \u00abDivan\u00bb er begge komponert til det form\u00e5let. Sundst\u00f8l forteller:<\/p>\n<p style=\"font-weight: 400;\"><em>&#8211; Melodien p\u00e5 \u00abBroder\u00bb ble opprinnelig laget til podcasten Usagt i 2018. Der spiller jeg alt selv: pedal steel, minimoog, Juno-6, casio-orgel, pauker, munnspill, foodprosessor, garasje og r\u00f8rklokker. Det l\u00e5ter litt som Tangerine Dream med Fl\u00e5klypa-munnspill. \u00abDivan\u00bb startet livet som et underlag for en langsom elskovsscene i tv-serien \u00abSo Long, Marianne\u00bb om Leonard Cohen. Oppdraget var at den skulle v\u00e6re var og vakker. Den skulle formidle savn.<\/em><\/p>\n<p style=\"font-weight: 400;\">I alle spor p\u00e5 Sakte Film ligger en melodisk tr\u00e5d. I \u00abNabel\u00bb f\u00e5r den krypende melodien p\u00e5 Shankar-guitar og pedal-steel det til \u00e5 g\u00e5 kaldt nedover ryggen p\u00e5 en. Mens bak tittelen \u00abSnille sp\u00f8kelse\u00bb ligger det et lunt lappeteppe av trompet og vokal, den eneste l\u00e5ten med vokal og tekst, sart og mystisk fremf\u00f8rt av Sanne Rambags, Ivar Orvedal og Hildegun \u00d8iseth p\u00e5 messing.<\/p>\n<p style=\"font-weight: 400;\">Geir Sundst\u00f8l forteller om hva som g\u00e5r igjen p\u00e5 alle sporene og som gj\u00f8r akkurat denne utgivelsen s\u00e5 unik:<\/p>\n<p style=\"font-weight: 400;\"><em>&#8211; Felles for alle l\u00e5tene p\u00e5 Sakte Film er at de ble til med klipp-og-lim-teknologi. Mye er innspilt p\u00e5 analog tape, men denne gangen var det alts\u00e5 sjelden flere enn \u00e9n eller to tilstede i gjernings\u00f8yeblikket. Det musikalske uttrykket er jeg veldig forn\u00f8yd med, men jeg kunne jo, sosialt sett, sikkert hatt godt av \u00e5 m\u00f8te hele bandet Spirit in the Dark, for eksempel. De er kanskje ikke enig, dette var midt i juleplatesesongen.<\/em><\/p>\n<p style=\"font-weight: 400;\"><em>Felespiller Erik Sollid har jeg rett og slett aldri m\u00f8tt. Det hadde v\u00e6rt fint. G\u00e5tt en tur. Delt en popcorn p\u00e5 Klingenberg. <\/em><\/p>\n<p style=\"font-weight: 400;\"><em>\u00a0<\/em><\/p>\n<p><span style=\"font-weight: 400;\">Sakte Film er mikset av Baard Ingebrigtsen og mastret av Helge Sten. Albumet slippes p\u00e5 LP, CD og digitalt p\u00e5 Hubro<\/span><\/p>\n<p>&nbsp;<\/p>\n<p>","protected":false},"excerpt":{"rendered":"<p><strong><\/strong><\/p>\n<p>Geir Sundst\u00f8ls nye album <em data-start=\"128\" data-end=\"140\">Sakte Film<\/em> er et dr\u00f8mmende og grensel\u00f8st lydlandskap der pedal steel, strykere og uventede lydkilder smelter sammen til et vakkert, filmatisk univers.<\/p>\n","protected":false},"featured_media":42173,"comment_status":"open","ping_status":"closed","template":"","meta":[],"product_brand":[],"product_cat":[36],"product_tag":[8110],"class_list":{"0":"post-42170","1":"product","2":"type-product","3":"status-publish","4":"has-post-thumbnail","6":"product_cat-hubro","7":"product_tag-geir-sundstol","8":"product_shipping_class-cddvd-shipping","9":"uni_artist_tag-geir-sundstol","10":"uni_main_artist_tag-geir-sundstol","11":"uni_artist_genre-folk","12":"uni_artist_genre-jazz","13":"uni_artist_genre-world","15":"first","16":"instock","17":"taxable","18":"shipping-taxable","19":"purchasable","20":"product-type-variable"},"_links":{"self":[{"href":"https:\/\/grappa.no\/no\/wp-json\/wp\/v2\/product\/42170","targetHints":{"allow":["GET"]}}],"collection":[{"href":"https:\/\/grappa.no\/no\/wp-json\/wp\/v2\/product"}],"about":[{"href":"https:\/\/grappa.no\/no\/wp-json\/wp\/v2\/types\/product"}],"replies":[{"embeddable":true,"href":"https:\/\/grappa.no\/no\/wp-json\/wp\/v2\/comments?post=42170"}],"wp:featuredmedia":[{"embeddable":true,"href":"https:\/\/grappa.no\/no\/wp-json\/wp\/v2\/media\/42173"}],"wp:attachment":[{"href":"https:\/\/grappa.no\/no\/wp-json\/wp\/v2\/media?parent=42170"}],"wp:term":[{"taxonomy":"product_brand","embeddable":true,"href":"https:\/\/grappa.no\/no\/wp-json\/wp\/v2\/product_brand?post=42170"},{"taxonomy":"product_cat","embeddable":true,"href":"https:\/\/grappa.no\/no\/wp-json\/wp\/v2\/product_cat?post=42170"},{"taxonomy":"product_tag","embeddable":true,"href":"https:\/\/grappa.no\/no\/wp-json\/wp\/v2\/product_tag?post=42170"}],"curies":[{"name":"wp","href":"https:\/\/api.w.org\/{rel}","templated":true}]}}