{"id":42162,"date":"2025-05-12T13:09:46","date_gmt":"2025-05-12T12:09:46","guid":{"rendered":"https:\/\/grappa.no\/?post_type=product&#038;p=42162"},"modified":"2025-05-23T07:51:22","modified_gmt":"2025-05-23T06:51:22","slug":"companions","status":"publish","type":"product","link":"https:\/\/grappa.no\/no\/albums\/grappa\/companions\/","title":{"rendered":"Companions"},"content":{"rendered":"<p><b><\/b><\/p>\n<p><strong>Adam Douglas synger om sine &#8220;Companions&#8221; &#8211; herlig feel-good album<\/strong><\/p>\n<p>Albumet &#8220;Companions&#8221; hyller og reflekterer rundt alle menneskene i livet v\u00e5rt som har formet den vi har blitt. I en verden preget av uro, holder Douglas fast i de viktige relasjonene og tar med lytterne p\u00e5 en oppl\u00f8ftende reise.<\/p>\n<p><!--more--><\/p>\n<p>Adam Douglas slipper sitt sjette album &#8220;Companions&#8221;, der setter han ord p\u00e5 mange aktuelle temaer satt til deilige grooves i et feel-good americana og roots landskap. Tittelen &#8220;Companions&#8221; er inspirert av menneskene man har rundt seg i livet &#8211; b\u00e5de de vi velger og de som er der fra start. Albumet handler rett og slett om de viktige relasjonene man har, og g\u00e5r gjennom viktige mennesker i livet til Adam Douglas. Sanger som &#8220;The First Time&#8221; som handler om forelskelse ved f\u00f8rste blikk da Douglas m\u00f8tte sin kone Kristin p\u00e5 en spillejobb i Norge, og &#8220;Catherine The Great&#8221; er en hyllest til sin bestemor Reva. Douglas forteller:<\/p>\n<p style=\"padding-left: 40px;\"><em>&#8211; De fleste av l\u00e5tene p\u00e5 albumene handler om de folka vi har rundt oss i livet. Det er l\u00e5ter som handler om spesifikke mennesker i mitt liv, og hvordan vi p\u00e5virker hverandre &#8211; noen er fortalt med avstand og med et politisk perspektiv preget av uro i verden og noen er en mer spesifikk analyse av viktige folk i livet mitt.<\/em><\/p>\n<p>Inspirasjonen er alle menneske som kommer og g\u00e5r i livet, og som preger hverdagen p\u00e5 ett eller annet vis. Det er de menneskene som har gjort oss til dem vi er og v\u00e6rt med \u00e5 forme oss. Det er albumet der Adam takker, tenker og reflekterer rundt dette og alle sine &#8220;Companions&#8221;.<\/p>\n<p>Musikalsk er stemingen oppl\u00f8ftene og positiv. Adam fortsetter:<\/p>\n<p style=\"padding-left: 40px;\"><em>&#8211; Jeg har fokusert mye denne gangen p\u00e5 at l\u00e5tene skal v\u00e6re \u201cfeel good\u201d, der mange av l\u00e5tene setter en god og varm stemning fra f\u00f8rste sekund. Musikalsk blir jeg inspirert av mange ulike musikalske impulser, s\u00e5 det er et variert album. F\u00f8ler jeg er voksen, og at det preger musikken. Det blir en del voksen-tematikk som livets store analyser. Blir bare tryggere og tryggere p\u00e5 meg selv privat, artist og musiker. Jeg st\u00e5r i det og vil invitere deg og dine til \u00e5 v\u00e6re med p\u00e5 turen!<\/em><\/p>\n<p>Produksjonen p\u00e5 den kommende plata er leken og med glimt i \u00f8yet. Kompet er innspilt live, med dyktige musikere Douglas er vant til \u00e5 jobbe med b\u00e5de live og i studio. I tillegg til egne gitar- og vokal-p\u00e5legg har Douglas med seg Ruben Dalen (trommer), Ruben Fredheim Oma (bass), Thor Erik Fjellvang (keys) og Aurora Amalie Heimdal (kor). Trommeslager Ruben Dalen har ogs\u00e5 fungert som recording engineer og co-produsent, og har ogs\u00e5 st\u00e5tt for miksingen. Morgan Nicolaysen har gjort masteringen.<\/p>\n<p>Debuten til Douglas kom i 2015 som soloartist med albumet &#8220;I May Never Learn&#8221;. Det var likevel ikke f\u00f8r han deltok i og vant Stjernekamp p\u00e5 NRK i 2017 at han virkelig sang seg inn i hjertene til det norske folk. \u00c5ret etter slapp han det kritikerroste albumet &#8220;The Beauty &amp; The Brawn&#8221; og har siden turnert land og strand rundt. I mars 2021 slapp han studioalbumet &#8220;Better Angels, og i fjor h\u00f8st slapp han sitt fjerde album &#8220;Dancing for the Moon&#8221;. &#8211; En variert plate som h\u00f8stet mye positiv oppmerksomhet, der Douglas viser sin unike evne som artist til \u00e5 skrive og formidle p\u00e5 en ektef\u00f8lt og treffende m\u00e5te.<\/p>\n<p>","protected":false},"excerpt":{"rendered":"<p>Adam Douglas synger om sine &#8220;Companions&#8221;, hans sjette album hyller og reflekterer rundt alle menneskene i livene v\u00e5res, som har formet den vi har blitt. I en verden preget av uro, holder Douglas fast i de viktige relasjonene og tar med lytterne p\u00e5 en oppl\u00f8ftende reise.<\/p>\n","protected":false},"featured_media":42164,"comment_status":"open","ping_status":"closed","template":"","meta":[],"product_brand":[],"product_cat":[6],"product_tag":[8109],"class_list":{"0":"post-42162","1":"product","2":"type-product","3":"status-publish","4":"has-post-thumbnail","6":"product_cat-grappa","7":"product_tag-adam-douglas","8":"product_shipping_class-cddvd-shipping","9":"uni_artist_tag-adam-douglas","10":"uni_main_artist_tag-adam-douglas","11":"uni_artist_genre-americana","12":"uni_artist_genre-blues","13":"uni_artist_genre-roots","14":"uni_artist_genre-soul","16":"first","17":"instock","18":"taxable","19":"shipping-taxable","20":"purchasable","21":"product-type-variable"},"_links":{"self":[{"href":"https:\/\/grappa.no\/no\/wp-json\/wp\/v2\/product\/42162","targetHints":{"allow":["GET"]}}],"collection":[{"href":"https:\/\/grappa.no\/no\/wp-json\/wp\/v2\/product"}],"about":[{"href":"https:\/\/grappa.no\/no\/wp-json\/wp\/v2\/types\/product"}],"replies":[{"embeddable":true,"href":"https:\/\/grappa.no\/no\/wp-json\/wp\/v2\/comments?post=42162"}],"wp:featuredmedia":[{"embeddable":true,"href":"https:\/\/grappa.no\/no\/wp-json\/wp\/v2\/media\/42164"}],"wp:attachment":[{"href":"https:\/\/grappa.no\/no\/wp-json\/wp\/v2\/media?parent=42162"}],"wp:term":[{"taxonomy":"product_brand","embeddable":true,"href":"https:\/\/grappa.no\/no\/wp-json\/wp\/v2\/product_brand?post=42162"},{"taxonomy":"product_cat","embeddable":true,"href":"https:\/\/grappa.no\/no\/wp-json\/wp\/v2\/product_cat?post=42162"},{"taxonomy":"product_tag","embeddable":true,"href":"https:\/\/grappa.no\/no\/wp-json\/wp\/v2\/product_tag?post=42162"}],"curies":[{"name":"wp","href":"https:\/\/api.w.org\/{rel}","templated":true}]}}