{"id":42131,"date":"2025-04-03T13:48:36","date_gmt":"2025-04-03T12:48:36","guid":{"rendered":"https:\/\/grappa.no\/?post_type=product&#038;p=42131"},"modified":"2025-08-22T09:29:33","modified_gmt":"2025-08-22T08:29:33","slug":"olav-kielland-chamber-works-her-vil-eg-kvile","status":"publish","type":"product","link":"https:\/\/grappa.no\/no\/albums\/simax-classics\/olav-kielland-chamber-works-her-vil-eg-kvile\/","title":{"rendered":"Olav Kielland: Chamber Works &#8211; Her vil eg kvile"},"content":{"rendered":"<p><b><\/b><\/p>\n<p style=\"font-weight: 400;\"><strong>Den 11. april lanseres innspillingen \u00abHer vil eg kvile\u00bb med kammermusikk og komposisjoner for hardingfele av komponisten Olav Kielland. Komposisjonene for hardingfele ble gjenoppdaget i 2019. Kielland var en av Norges viktigste komponister, men hans musikk blir sjelden fremf\u00f8rt. Blant verkene p\u00e5 innspillingen finnes syv verdenspremierer, fremf\u00f8rt av kammermusikkensemblet Fragaria Vesca, fiolinist Tor Johan B\u00f8en og pianist Eirik Haug St\u00f8mner. Basert p\u00e5 Tor Johan B\u00f8ens forsknings- og edisjonsarbeid blir n\u00e5 Kiellands ukjente musikalske \u00abvillarkorn\u00bb tilgjengelig for et bredere publikum.<\/strong><\/p>\n<p><!--more--><\/p>\n<p style=\"font-weight: 400;\"><strong>Olav Kielland<\/strong> (1901\u20131985) var en norsk komponist og orkesterdirigent f\u00f8dt i Trondheim. Han var s\u00f8nn av billedkunstner og arkitekt Gabriel Kielland. Allerede i ung alder viste han interesse for musikk og fikk undervisning i klaver og musikkteori. Han studerte ved Trondhjems katedralskole og spilte b\u00e5de klaver og dirigerte skolens orkester. Senere studerte han arkitektur i Trondheim f\u00f8r han utdannet seg videre innen komposisjon, teori og direksjon i Leipzig og Basel.<\/p>\n<p style=\"font-weight: 400;\">Kielland debuterte som dirigent i 1923 og utviklet seg raskt til en fremragende orkesterdirigent. Han arbeidet ved Stora Teatern i G\u00f8teborg fra 1925\u20131931 og samarbeidet med flere fremtredende komponister. Han ble s\u00e6rlig kjent for sitt engasjement for norsk samtidsmusikk og fremf\u00f8rte verker av komponister som Eivind Groven, Fartein Valen, Harald S\u00e6verud og Geirr Tveitt. Han var kunstnerisk leder for Oslo Filharmoniske Orkester (1933\u20131945), Trondheim Symfoniorkester (1946\u20131948), Bergen Filharmoniske Orkester (1948\u20131952) og Reykjavik Symfoniorkester (1952\u20131955).<\/p>\n<p style=\"font-weight: 400;\">Som komponist hentet Kielland inspirasjon fra ulike kilder, inkludert litteratur, filosofi og billedkunst. Hans tidlige verk ble skrevet i et senromantisk tonespr\u00e5k, men han utviklet etter hvert et modernistisk tonespr\u00e5k med dissonerende polyfoni. Rundt 1930 begynte han \u00e5 studere norsk folkemusikk, og gradvis ble hans komposisjoner preget av disse studiene.<\/p>\n<p style=\"font-weight: 400;\">I 1941 flyttet Kielland til B\u00f8 i Telemark for \u00e5 studere de tradisjonelle hardingfelesl\u00e5ttene og finne arbeidsro. Han kj\u00f8pte g\u00e5rden Raudmyr i \u00d8vre B\u00f8 i 1943, hvor han bodde resten av livet. Her kom han i kontakt med folkesangere, soge-fortellere og spelemenn, og hans musikk ble sterkt p\u00e5virket av folkemusikktradisjonen. Han arbeidet for \u00e5 overf\u00f8re hardingfelas polyfone muligheter til symfonisk musikk og skapte et unikt tonespr\u00e5k som til tider befinner seg i skj\u00e6ringspunktet mellom folkemusikk og europeisk modernisme.<\/p>\n<p style=\"font-weight: 400;\">Hans musikk har i stor grad blitt glemt og han etterlot seg flere uoppf\u00f8rte verk. Hans kunstneriske arbeid er en viktig del av norsk og europeisk musikkarv. Dette forteller mye om hvilke retninger norsk og europeisk musikk utviklet seg i fra 1930 og fremover.<\/p>\n<p style=\"font-weight: 400;\">Kielland ble i 1945 anklaget for \u00e5 ha sittet i Det midlertidige konsultative r\u00e5d 1940\u201341, han var p\u00e5 den tiden kunstnerisk leder for Oslo Filharmoniske Orkester. Han ble frikjent i 1946. Likevel preget anklagene hans karriere og kan ha bidratt til at han senere ble marginalisert i det norske musikkmilj\u00f8et.<\/p>\n<p style=\"font-weight: 400;\"><strong><u>Olav Kiellands kammermusikk og 7 sl\u00e5ttar for fele.<\/u><\/strong><\/p>\n<p style=\"font-weight: 400;\"><strong>Strykekvartett (Quartetto per due violini, viola e violoncello) op. 22<br \/>\n<\/strong><strong>7 sl\u00e5ttar for fele op. 12 a-g<\/strong><\/p>\n<ul style=\"font-weight: 400;\">\n<li><em>Raudmyr-hallingen<\/em>\u00a0(1953)<\/li>\n<li><em>Tj\u00f8stul Blesterbakken<\/em>, gangar, 6\/8 (1945). Tilegnet Rolf L\u00f8chen.<\/li>\n<li><em>Eskvam-halling <\/em>(1943)<\/li>\n<li><em>Tussane i Raudmyr<\/em>, springar (1953).<\/li>\n<li><em>Vetlvonsbruri<\/em>, gangar 2\/4 \u2013 inspirert av Ola Setroms dikt med samme navn.<\/li>\n<li><em>Halling <\/em>(1953)<\/li>\n<li><em>Krokbakkjen springar<\/em>\u00a0(1953)<\/li>\n<\/ul>\n<p style=\"font-weight: 400;\"><strong>Tvileikar op. 19-5 cacce per 4 strumenti ad libitum.<\/strong><br \/>\n<strong>Musikk for fiolin og klaver<\/strong><\/p>\n<ul style=\"font-weight: 400;\">\n<li><em>Air<\/em><\/li>\n<li><em>Serenade i F-dur<\/em>\u00a0(Leipzig 1922).<\/li>\n<li><em>Porbj\u00f6rgs melodi<\/em>\u00a0og\u00a0<em>Ernas melodi<\/em><\/li>\n<\/ul>\n<p style=\"font-weight: 400;\"><strong>Melodia per strumenti a corda op. 15 b<\/strong><\/p>\n<p style=\"font-weight: 400;\"><strong>Fragaria Vesca <\/strong>ble grunnlagt av Tor Johan B\u00f8en i 2006, og er et fleksibelt kammermusikkensemble viet fremf\u00f8ring av musikk fra forskjellige stilarter og epoker p\u00e5 originalinstrumenter. Repertoaret strekker seg fra barokken og frem til det 20. \u00e5rhundre. Den grunnleggende motivasjonen for denne tiln\u00e6rmingsm\u00e5ten er at historisk informerte fremf\u00f8ringer p\u00e5 tidsriktige instrumenter er med p\u00e5 \u00e5 sette musikken i dens naturlige sammenheng, og ensemblets prosjekter er ofte knyttet til nytt musikalsk forskningsarbeid.<\/p>\n<p>","protected":false},"excerpt":{"rendered":"<p><b><\/b><\/p>\n<p style=\"font-weight: 400;\"><strong data-start=\"0\" data-end=\"22\" data-is-only-node=\"\">\u00abHer vil eg kvile\u00bb<\/strong> l\u00f8fter frem den sjeldent fremf\u00f8rte musikken til Olav Kielland, en av Norges viktigste komponister. Med <strong data-start=\"126\" data-end=\"150\">syv verdenspremierer<\/strong> og nyoppdagede komposisjoner for hardingfele, gir denne innspillingen nytt liv til hans musikalske arv. Fremf\u00f8rt av <strong data-start=\"267\" data-end=\"285\">Fragaria Vesca<\/strong>, <strong data-start=\"287\" data-end=\"305\">Tor Johan B\u00f8en<\/strong> og <strong data-start=\"309\" data-end=\"331\">Eirik Haug St\u00f8mner<\/strong>, og basert p\u00e5 B\u00f8ens omfattende forskningsarbeid, \u00e5pner albumet d\u00f8ren til Kiellands ukjente musikalske \u00abvillarkorn\u00bb for et bredere publikum.<\/p>\n","protected":false},"featured_media":42132,"comment_status":"open","ping_status":"closed","template":"","meta":[],"product_brand":[],"product_cat":[180],"product_tag":[8107,8105,8106],"class_list":{"0":"post-42131","1":"product","2":"type-product","3":"status-publish","4":"has-post-thumbnail","6":"product_cat-simax-classics","7":"product_tag-fragaria-vesca","8":"product_tag-olav-kielland","9":"product_tag-tor-johan-boen","10":"product_shipping_class-cddvd-shipping","11":"uni_artist_tag-eirik-haug-stomner","12":"uni_artist_tag-fragaria-vesca","13":"uni_artist_tag-tor-johan-boen","14":"uni_main_artist_tag-tor-johan-boen","15":"uni_artist_genre-kammermusikk","16":"uni_artist_genre-klassisk","18":"first","19":"instock","20":"taxable","21":"shipping-taxable","22":"purchasable","23":"product-type-simple"},"_links":{"self":[{"href":"https:\/\/grappa.no\/no\/wp-json\/wp\/v2\/product\/42131","targetHints":{"allow":["GET"]}}],"collection":[{"href":"https:\/\/grappa.no\/no\/wp-json\/wp\/v2\/product"}],"about":[{"href":"https:\/\/grappa.no\/no\/wp-json\/wp\/v2\/types\/product"}],"replies":[{"embeddable":true,"href":"https:\/\/grappa.no\/no\/wp-json\/wp\/v2\/comments?post=42131"}],"wp:featuredmedia":[{"embeddable":true,"href":"https:\/\/grappa.no\/no\/wp-json\/wp\/v2\/media\/42132"}],"wp:attachment":[{"href":"https:\/\/grappa.no\/no\/wp-json\/wp\/v2\/media?parent=42131"}],"wp:term":[{"taxonomy":"product_brand","embeddable":true,"href":"https:\/\/grappa.no\/no\/wp-json\/wp\/v2\/product_brand?post=42131"},{"taxonomy":"product_cat","embeddable":true,"href":"https:\/\/grappa.no\/no\/wp-json\/wp\/v2\/product_cat?post=42131"},{"taxonomy":"product_tag","embeddable":true,"href":"https:\/\/grappa.no\/no\/wp-json\/wp\/v2\/product_tag?post=42131"}],"curies":[{"name":"wp","href":"https:\/\/api.w.org\/{rel}","templated":true}]}}