{"id":42117,"date":"2025-03-21T14:40:18","date_gmt":"2025-03-21T13:40:18","guid":{"rendered":"https:\/\/grappa.no\/?post_type=product&#038;p=42117"},"modified":"2025-12-12T10:14:09","modified_gmt":"2025-12-12T09:14:09","slug":"song-over-stov","status":"publish","type":"product","link":"https:\/\/grappa.no\/no\/albums\/hubro\/song-over-stov\/","title":{"rendered":"Song over st\u00f8v"},"content":{"rendered":"<p><b><\/b><\/p>\n<p><strong>Sjangergrensene mellom kunstmusikk og folkemusikk t\u00f8yes, n\u00e5r Apneseth og hans stjernelag tar lytterne med p\u00e5 en reise inn i sitt helt eget musikalske univers<\/strong><\/p>\n<p><!--more--><\/p>\n<p>Hardingfelespilleren Erlend Apneseth har med sin s\u00e6regne spillestil, en lang rekke kritikerroste Hubro-utgivelser og utforskende musikalske samarbeid prestert kunststykket \u00e5 bli publikums og kritikernes yndling i folkemusikkens, jazzens og nymusikkens verden. Hans nyeste album \u00abSong over St\u00f8v\u00bb slippes p\u00e5 Hubro 4.april, og bandet han har satt sammen for anledningen m\u00e5 kunne sies \u00e5 v\u00e6re en supergruppe best\u00e5ende av noen av de mest toneavgivende musikerene p\u00e5 den norske musikkscenen i dag.<\/p>\n<p>Prosjektet startet som et bestillingsverk til Oslo World og Riksscenen i 2023. Som komponist har Apneseth de seneste \u00e5rene arbeidet med orkestre og st\u00f8rre ensembeler, og etter \u00e5 v\u00e6rt medlem av Frode Haltli sitt &#8220;Avant Folk&#8221; over flere \u00e5r ble han inspirert til \u00e5 selv skrive for et stort band. Her har han samlet sammen 11 fantastiske musikere, noe som i selv skaper et enormt spillerom. Bestillingsverket fikk modne en god stund f\u00f8r Apneseth tok med seg ensembelet og spilte inn i Amper Tone studio august 2024 &#8211; med B\u00e5rd Ingebrigtsen bak spakene. Ingebrigtsen har ogs\u00e5 mikset albumet, som er produsert av Anja Lauvdal og Apneseth selv.<\/p>\n<p>Stjernelag-ensembelet, i tillegg til Apneseth selv p\u00e5 fele, best\u00e5r av Mats Eilertsen (kontrabass), Hans Hulb\u00e6kmo (trommer\/perkusjon), Veslem\u00f8y Narvesen (trommer\/perkusjon), Selma French Bolstad (hardingfele og vokal), Helga Myhr (hardingfele og vokal), Rasmus Kjorstad (hardingfele, oktavfele, fele, vokal), Henriette Eilertsen (fl\u00f8yter), Anja Lauvdal (tangenter, synth, tr\u00f8orgel), Rolf-Erik Nystr\u00f8m (Saksofoner) og Frode Haltli (akkordeon). Apneseth forteller:<br \/>\n&#8211; Det viktige for meg er at musikarane kjenner eigarskap til musikken, at dei kjenner seg integrert i den og f\u00e5r uttrykt seg p\u00e5 sin m\u00e5te. S\u00e5 eg komponerer som regel meir for musikalske personlegdomar enn instrument i den forstand &#8211; folk som eg tenker vil finne noko i den musikken eg kjem med.<\/p>\n<p>En av tankene var \u00e5 skrive for et st\u00f8rre antall feler, at det skulle v\u00e6re en slags kjerne i musikken. Han fortsetter:<br \/>\n&#8211; Feler har ein tendens til \u00e5 drukne litt i st\u00f8rre ensembler &#8211; s\u00e5 det var veldig forfriskande \u00e5 ha tre til p\u00e5 \u00abmitt\u00bb lag. Med ein kvartett med hardingfeler i bandet har eg ogs\u00e5 f\u00f8lt meg komfortabel med \u00e5 ha med meir spesifikke element fr\u00e5 tradisjonen enn f\u00f8r, i form av ornamentering og ulike springarrytmer for eksempel, fordi eg veit det vil komme godt fram. Eg likar veldig godt unisone ting, og at ting f\u00e5r gjenta seg over tid &#8211; det er kanskje noko eg har med meg fr\u00e5 min eigen bakgrunn.<br \/>\nAlbumet kan sees som en videref\u00f8ring av &#8220;Nattsongar&#8221; fra 2017, der assosiasjonene til musikk fra hele verden ligger sterkt til grunn for uttrykket. Apneseth har latt seg inspirere av sin egen barndom b\u00e5de underveis i prosessen, og ikke minst da utgivelsen tok form. Da han var liten var familien p\u00e5 flere lengre reiser, ogs\u00e5 til steder som n\u00e5 er utligjengelige p\u00e5 grunn av ulike konflikter. Han beskriver store sanselige opplevelser p\u00e5 disse reisene, opplevelser som fortsatt er med og inspirerer:<br \/>\n&#8211; Opplevingane var s\u00e5 opph\u00f8gde, fargesterke og reine d\u00e5, og eg pr\u00f8var vel \u00e5 finne tilbake dit p\u00e5 eit vis. S\u00e5 vaks eg jo opp i og rundt F\u00f8rdefestivalen, med musikk fr\u00e5 heile verda, og tok nok til meg mange inntrykk der. Ein energi, spr\u00e5k-kjensle kanskje. Ganske abstrakte ting, men det ligg veldig sterkt i meg enno. Tittelen \u00abSong over st\u00f8v\u00bb hentar inspirasjon fr\u00e5 dette. Det at vi, bevisst eller ubevisst, heile tida forheld oss til det som var, som barndommen eller tradisjonar av ulik art.<br \/>\nDet blir releasekonsert p\u00e5 Vossajazz 2025 for &#8220;Song over st\u00f8v&#8221;, og Erlend Apneseth avslutter:<br \/>\n&#8211; Vi har plateslepp p\u00e5 Vossajazz ei veke etter plata kjem ut, gler meg veldig til det! S\u00e5 planlegger vi turn\u00e9 hausten 2025 og framover. H\u00e5par \u00e5 f\u00e5 spelt dette mykje, for musikken utviklar seg for gong til gong, og det er eit spesielt band \u00e5 f\u00e5 v\u00e6re ein del av.<\/p>\n<p>","protected":false},"excerpt":{"rendered":"<p><b><\/b><\/p>\n<p>Sjangergrensene mellom kunstmusikk og folkemusikk t\u00f8yes, n\u00e5r Erlend Apneseth og hans stjernelag tar lytterne med p\u00e5 en reise inn i sitt helt eget musikalske univers p\u00e5 &#8220;Song over St\u00f8v&#8221;<\/p>\n","protected":false},"featured_media":42120,"comment_status":"open","ping_status":"closed","template":"","meta":[],"product_brand":[],"product_cat":[36],"product_tag":[8104],"class_list":{"0":"post-42117","1":"product","2":"type-product","3":"status-publish","4":"has-post-thumbnail","6":"product_cat-hubro","7":"product_tag-erlend-apneseth","8":"product_shipping_class-cddvd-shipping","9":"uni_artist_tag-erlend-apneseth","10":"uni_main_artist_tag-erlend-apneseth","11":"uni_artist_genre-contemporary-jazz","12":"uni_artist_genre-folk-music","14":"first","15":"outofstock","16":"taxable","17":"shipping-taxable","18":"product-type-simple"},"_links":{"self":[{"href":"https:\/\/grappa.no\/no\/wp-json\/wp\/v2\/product\/42117","targetHints":{"allow":["GET"]}}],"collection":[{"href":"https:\/\/grappa.no\/no\/wp-json\/wp\/v2\/product"}],"about":[{"href":"https:\/\/grappa.no\/no\/wp-json\/wp\/v2\/types\/product"}],"replies":[{"embeddable":true,"href":"https:\/\/grappa.no\/no\/wp-json\/wp\/v2\/comments?post=42117"}],"wp:featuredmedia":[{"embeddable":true,"href":"https:\/\/grappa.no\/no\/wp-json\/wp\/v2\/media\/42120"}],"wp:attachment":[{"href":"https:\/\/grappa.no\/no\/wp-json\/wp\/v2\/media?parent=42117"}],"wp:term":[{"taxonomy":"product_brand","embeddable":true,"href":"https:\/\/grappa.no\/no\/wp-json\/wp\/v2\/product_brand?post=42117"},{"taxonomy":"product_cat","embeddable":true,"href":"https:\/\/grappa.no\/no\/wp-json\/wp\/v2\/product_cat?post=42117"},{"taxonomy":"product_tag","embeddable":true,"href":"https:\/\/grappa.no\/no\/wp-json\/wp\/v2\/product_tag?post=42117"}],"curies":[{"name":"wp","href":"https:\/\/api.w.org\/{rel}","templated":true}]}}