{"id":42113,"date":"2025-03-21T11:26:46","date_gmt":"2025-03-21T10:26:46","guid":{"rendered":"https:\/\/grappa.no\/?post_type=product&#038;p=42113"},"modified":"2026-01-25T09:25:16","modified_gmt":"2026-01-25T08:25:16","slug":"evening-song-aftensang","status":"publish","type":"product","link":"https:\/\/grappa.no\/no\/albums\/grappa\/evening-song-aftensang\/","title":{"rendered":"Evening song &#8211; Aftensang"},"content":{"rendered":"<p><\/p>\n<p style=\"font-weight: 400;\"><strong>Ketil Bj\u00f8rnstad gir oss lys og m\u00f8rke i vakker pianodrakt. P\u00e5 hans nye album g\u00e5r Bj\u00f8rnstad tilbake til kjernen &#8211; alene med flygelet.<\/strong><\/p>\n<p>Ketil Bj\u00f8rnstad gir oss pianomusikk for skumringens time p\u00e5 albumet &#8220;Evening Song &#8211; Aftensang&#8221;. Prosjektet startet med at Bj\u00f8rnstad ble kontaktet av organist og dirigent Svein Rustad, som \u00f8nsket at han skulle komponere &#8220;Aftensanger&#8221; for han &#8211; med utgangspunkt flere dikt hentet fra samlingen &#8220;B\u00e5t p\u00e5 fjorden&#8221;<em>(Aschehoug 2021).<\/em><\/p>\n<p>Pianostykkene er inspirert av lys, og \u00e5 tar oss tilbake til naturens rike. De stedene Bj\u00f8rnstad har g\u00e5tt, sittet og sanset i en \u00e5rrekke &#8211; som aldri vil v\u00e6re identiske. Fra toppen av Krokkleiva, fra Frognerseteren, fra Brunkollen, fra S\u00f8rlandskysten eller Jotunheimen. Randsfjorden. Lyset og mennesket som ser er i konstant endring, og disse observasjonene og nyansene farger det impresjonistiske pianospillet til Bj\u00f8rnstad p\u00e5 &#8220;Evening Song &#8211; Aftensang&#8221;. Selv om sittestedene er de samme, forandrer de alltid stemning og lys. Vi er fortsatt i en prosess, som i livet selv. Ketil Bj\u00f8rnstad forteller:<\/p>\n<p>&#8211;<em>\u00a0I &#8220;Evening Song&#8221; er jeg tilbake i intimrommet, alene med flygelet, med alle sine muligheter, hvor alle overtoner spiller en rolle. Klang, rytme, melodi og improvisasjon. Det har i alle \u00e5r v\u00e6rt mitt livsprosjekt. Og jeg er heldig, som har \u00e5 mange inspirerende og proffe folk rundt meg. De betyr sv\u00e6rt mye, ogs\u00e5 i skaperprosessen.<\/em><\/p>\n<p>Ketil forteller om det som kan gi inspirasjon:<\/p>\n<p><em>&#8211; Alt som et liv kan inneholde. Motgang, medgang, skj\u00f8nnhet, fortvilelse, glede. Jeg vokste opp med klassisk musikk, og inspirasjonen derfra har aldri forlatt meg. P\u00e5 mange m\u00e5ter har jeg ofte Schubert, Mozart og impresjonistene i tankene n\u00e5r jeg komponerer. Og Prokofiev, som bak alt det intrikate kan skrive melodier som ingen andre. Men jeg pr\u00f8ver aldri bevisst \u00e5 kopiere noen. Jeg vet som regel hva jeg leter etter i mitt eget musikk-uttrykk.\u00a0<\/em><\/p>\n<p>Instrumentalversjonene ble f\u00f8rst til, med unntak av bonus-sporet &#8220;Til Maren&#8221;, som skiller seg ut p\u00e5 albumet. Det er en vuggesang med vokal sunget av Bj\u00f8rnstad selv.<\/p>\n<p><em>&#8211; Jeg f\u00f8lte at jeg selv m\u00e5tte synge, med min uskolerte stemme. I det uferdige ligger ofte det man egentlig s\u00f8ker. Det opprinnelige. Da jeg spilte inn disse sangene allerede i mai 2024, var de ment som skisser. Men som jeg ogs\u00e5 tidligere hadde erfart n\u00e5r jeg komponerte, fikk skissene sin egen betydning.<\/em><\/p>\n<p>V\u00e5ren 2024 ble albumet spilt inn i Propeller Studio p\u00e5 C. Bechstein-flygelet, som har inspirert Bj\u00f8rnstad i mer enn 13 \u00e5r. Sammen med trofast tekniker Mike Hartung og pianostemmer Trond Hellstr\u00f8m.<\/p>\n<p>&nbsp;<\/p>\n<p>","protected":false},"excerpt":{"rendered":"<p style=\"font-weight: 400;\"><strong>Ketil Bj\u00f8rnstad gir oss lys og m\u00f8rke i vakker pianodrakt. P\u00e5 hans nye album g\u00e5r Bj\u00f8rnstad tilbake til kjernen &#8211; alene med flygelet.<\/strong><\/p>\n<p>Ketil Bj\u00f8rnstad gir oss pianomusikk for skumringens time p\u00e5 albumet &#8220;Evening Song &#8211; Aftensang&#8221;. Prosjektet startet med at Bj\u00f8rnstad ble kontaktet av organist og dirigent Svein Rustad, som \u00f8nsket at han skulle komponere &#8220;Aftensanger&#8221; for han &#8211; med utgangspunkt flere dikt hentet fra samlingen &#8220;B\u00e5t p\u00e5 fjorden&#8221;<em>(Aschehoug 2021).<\/em><\/p>\n","protected":false},"featured_media":42114,"comment_status":"open","ping_status":"closed","template":"","meta":[],"product_brand":[],"product_cat":[6],"product_tag":[8036],"class_list":{"0":"post-42113","1":"product","2":"type-product","3":"status-publish","4":"has-post-thumbnail","6":"product_cat-grappa","7":"product_tag-ketil-bjornstad","8":"product_shipping_class-cddvd-shipping","9":"uni_artist_tag-ketil-bjornstad","10":"uni_main_artist_tag-ketil-bjornstad","11":"uni_artist_genre-jazz","13":"first","14":"instock","15":"taxable","16":"shipping-taxable","17":"purchasable","18":"product-type-simple"},"_links":{"self":[{"href":"https:\/\/grappa.no\/no\/wp-json\/wp\/v2\/product\/42113","targetHints":{"allow":["GET"]}}],"collection":[{"href":"https:\/\/grappa.no\/no\/wp-json\/wp\/v2\/product"}],"about":[{"href":"https:\/\/grappa.no\/no\/wp-json\/wp\/v2\/types\/product"}],"replies":[{"embeddable":true,"href":"https:\/\/grappa.no\/no\/wp-json\/wp\/v2\/comments?post=42113"}],"wp:featuredmedia":[{"embeddable":true,"href":"https:\/\/grappa.no\/no\/wp-json\/wp\/v2\/media\/42114"}],"wp:attachment":[{"href":"https:\/\/grappa.no\/no\/wp-json\/wp\/v2\/media?parent=42113"}],"wp:term":[{"taxonomy":"product_brand","embeddable":true,"href":"https:\/\/grappa.no\/no\/wp-json\/wp\/v2\/product_brand?post=42113"},{"taxonomy":"product_cat","embeddable":true,"href":"https:\/\/grappa.no\/no\/wp-json\/wp\/v2\/product_cat?post=42113"},{"taxonomy":"product_tag","embeddable":true,"href":"https:\/\/grappa.no\/no\/wp-json\/wp\/v2\/product_tag?post=42113"}],"curies":[{"name":"wp","href":"https:\/\/api.w.org\/{rel}","templated":true}]}}