{"id":421,"date":"2004-09-20T00:00:00","date_gmt":"2004-09-19T23:00:00","guid":{"rendered":"http:\/\/www.grappa.no\/albums\/uncategorized\/dobrowen-piano-concerto-and-sonatas\/"},"modified":"2024-03-22T10:31:42","modified_gmt":"2024-03-22T09:31:42","slug":"dobrowen-piano-concerto-and-sonatas","status":"publish","type":"product","link":"https:\/\/grappa.no\/no\/albums\/simax-classics\/dobrowen-piano-concerto-and-sonatas\/","title":{"rendered":"Dobrowen Piano Concerto and Sonatas"},"content":{"rendered":"<p><\/p>\n<p>Komponisten Issay Dobrowen<\/p>\n<p>Klavervirtuos, dirigent, komponist. Simax Classics er stolte over \u00e5 kunne presentere World Premiere Recording av Issay Dobrowens klaverkonsert og tre klaversonater \u2013 musikk skrevet av et virkelig musikalsk multitalent. Fra 1928 til -32 var Dobrowen sjefdirigent for Oslo Filharmoniske Orkester, reddet ut fra Sovjetunionen p\u00e5 Nansen-pass. Det er den unge norske pianisten J\u00f8rn Fossheim har lett frem musikken fra arkivenes m\u00f8rke, og det er oppsiktsvekkende toner han bringer til torgs!<\/p>\n<p>Ettersom Dobrowens dirigentkarriere tok s\u00e5 til de grader av da han kom til Europa, m\u00e5tte arbeidet som pianist og komponist komme litt i annen rekke. Verklisten hans teller kun 20 opus, og musikken er i dag s\u00e5 godt som ukjent for de fleste. Det er en fascinerende klangverden Dobrowen inviterer tilh\u00f8reren inn i, med flere inspirasjonskilder b\u00e5de innenfor russisk og vestlig musikktradisjon. At han selv m\u00e5 ha v\u00e6rt en klavervirtuos med usedvanlige ferdigheter hersker det ingen tvil om.<\/p>\n<p><!--more--><\/p>\n<p>Klavervirtuos, dirigent, komponist. Simax Classics er stolte over \u00e5 kunne presentere World Premiere Recording av Issay Dobrowens klaverkonsert og tre klaversonater \u2013 musikk skrevet av et virkelig musikalsk multitalent. Fra 1928 til -32 var Dobrowen sjefdirigent for Oslo Filharmoniske Orkester, reddet ut fra Sovjetunionen p\u00e5 Nansen-pass. Det er den unge norske pianisten J\u00f8rn Fossheim har lett frem musikken fra arkivenes m\u00f8rke, og det er oppsiktsvekkende toner han bringer til torgs!<\/p>\n<h4>P\u00e5 vandring i Europa<\/h4>\n<p>Etter revolusjonen ble det av flere \u00e5rsaker vanskeligere for Dobrowen \u00e5 forbli i sitt hjemland, og han flyttet til Dresden med kone og barn i 1922. Her skaper Dobrowen seg et navn hos de store operahusene og orkestrene i Europa frem til det i 1930-\u00e5rene blir vanskelig \u00e5 v\u00e6re j\u00f8de i Tyskland. Som sjefsdirigent for Oslo-filharmonien fikk Dobrowen norsk statsborgerskap, men under okkupasjonen av Norge m\u00e5 familien igjen flytte, denne gangen til Sverige. Etter krigen gj\u00f8r Dobrowen en rekke innspillinger med Philharmonia Orchestra i London, han iscenesetter og dirigerer opera ved Covent Garden og La Scala, og deler de siste \u00e5rene av sitt liv musikksjefstillingen ved La Scala med Furtw\u00e4ngler, de Sabata og Karajan.<\/p>\n<h4>Den store romantiske tradisjonen<\/h4>\n<p>Ettersom Dobrowens dirigentkarriere tok s\u00e5 til de grader av da han kom til Europa, m\u00e5tte arbeidet som pianist og komponist komme litt i annen rekke. Verklisten hans teller kun 20 opus, og musikken er i dag s\u00e5 godt som ukjent for de fleste. Det er en fascinerende klangverden Dobrowen inviterer tilh\u00f8reren inn i, med flere inspirasjonskilder b\u00e5de innenfor russisk og vestlig musikktradisjon. At han selv m\u00e5 ha v\u00e6rt en klavervirtuos med usedvanlige ferdigheter hersker det ingen tvil om.<\/p>\n<h4>Ekspert p\u00e5 russisk klavermusikk<\/h4>\n<p>J\u00f8rn Fossheim har gjort russisk klavermusikk til ikke s\u00e5 lite av et spesiale, og har de siste \u00e5rene konsertert mye rundt omkring i Russland. Da Fossheim spilte Dobrowens klaverkonsert i St. Petersburg under forberedelsene til denne innspillingen, var det faktisk f\u00f8rste gang verket ble fremf\u00f8rt i Russland overhode. Maestro Dmitriev og hans St. Petersburg filharmonikere er naturligvis ideelle medspillere i denne musikken, og sammen gir de oss et fascinerende f\u00f8rste m\u00f8te med musikken til en av de glemte storheter i v\u00e5r n\u00e6re fortid.<\/p>\n<p><\/p>","protected":false},"excerpt":{"rendered":"","protected":false},"featured_media":27631,"comment_status":"closed","ping_status":"closed","template":"","meta":[],"product_brand":[],"product_cat":[180],"product_tag":[],"class_list":{"0":"post-421","1":"product","2":"type-product","3":"status-publish","4":"has-post-thumbnail","6":"product_cat-simax-classics","7":"product_shipping_class-cddvd-shipping","8":"uni_artist_tag-academic-orchestra-of-the-st-petersburg-philharmonia","9":"uni_artist_tag-alexander-dmitriev","10":"uni_artist_tag-issay-dobrowen","11":"uni_artist_tag-jorn-fossheim","12":"uni_main_artist_tag-jorn-fossheim","13":"uni_artist_genre-concerto","14":"uni_artist_genre-piano","15":"uni_artist_genre-world-premiere-recording","17":"first","18":"outofstock","19":"taxable","20":"shipping-taxable","21":"purchasable","22":"product-type-simple"},"_links":{"self":[{"href":"https:\/\/grappa.no\/no\/wp-json\/wp\/v2\/product\/421","targetHints":{"allow":["GET"]}}],"collection":[{"href":"https:\/\/grappa.no\/no\/wp-json\/wp\/v2\/product"}],"about":[{"href":"https:\/\/grappa.no\/no\/wp-json\/wp\/v2\/types\/product"}],"replies":[{"embeddable":true,"href":"https:\/\/grappa.no\/no\/wp-json\/wp\/v2\/comments?post=421"}],"wp:featuredmedia":[{"embeddable":true,"href":"https:\/\/grappa.no\/no\/wp-json\/wp\/v2\/media\/27631"}],"wp:attachment":[{"href":"https:\/\/grappa.no\/no\/wp-json\/wp\/v2\/media?parent=421"}],"wp:term":[{"taxonomy":"product_brand","embeddable":true,"href":"https:\/\/grappa.no\/no\/wp-json\/wp\/v2\/product_brand?post=421"},{"taxonomy":"product_cat","embeddable":true,"href":"https:\/\/grappa.no\/no\/wp-json\/wp\/v2\/product_cat?post=421"},{"taxonomy":"product_tag","embeddable":true,"href":"https:\/\/grappa.no\/no\/wp-json\/wp\/v2\/product_tag?post=421"}],"curies":[{"name":"wp","href":"https:\/\/api.w.org\/{rel}","templated":true}]}}