{"id":42044,"date":"2025-01-24T13:25:28","date_gmt":"2025-01-24T12:25:28","guid":{"rendered":"https:\/\/grappa.no\/?post_type=product&#038;p=42044"},"modified":"2025-02-12T14:00:50","modified_gmt":"2025-02-12T13:00:50","slug":"for-renstemt-klaver","status":"publish","type":"product","link":"https:\/\/grappa.no\/no\/albums\/hubro\/for-renstemt-klaver\/","title":{"rendered":"For Renstemt Klaver"},"content":{"rendered":"<div>\n<p><\/p>\n<p><span lang=\"NO-BOK\">Selv om pianoet ankommer scenen uten en pianist, er det ikke alene. Det er elektroniske magneter montert p\u00e5 st\u00e5lstenger inne i instrumentet, \u00e9n per pianotangent, koblet sammen av et virvar av ledninger \u2014 som kan minne om enorme tannreguleringer, som om instrumentet led akkurat som ungdommen i deres pr\u00f8velser i m\u00f8te med ortodontisk inngrep. Magnetene g\u00e5r ned til strengene, og n\u00e5r de vibrerer i strengens egne frekvenser, snakker instrumentet. Skjelvende, men fyldige toner fyller rommet, og lydene ligner nesten ikke p\u00e5 sin kilde \u2014 det kan h\u00f8res ut som om rommet selv har en stemme. Likevel tenker de fleste at det eneste tonene kan komme fra er det ganske s\u00e5 velkjente vesenet midt p\u00e5 scenen.<\/span><\/p>\n<\/div>\n<div>\n<p><span lang=\"NO-BOK\">Dette er den norske komponisten, musikeren og instrumentbyggeren Jo David Meyer Lysnes (f. 1994) visjon for et selvspillende piano, ogs\u00e5 kjent som et player piano eller pianola \u2014 en mer enn hundre \u00e5r gammel pianovariant utstyrt med en mekanisme som lar det spille av seg selv. Instrumentet, som ble oppfunnet f\u00f8r innspillingen, ga brukerne muligheten til \u00e5 oppleve levende pianofremf\u00f8ringer hjemme uten \u00e5 m\u00e5tte l\u00f8fte en finger. P\u00e5 albumet \u00abFor renstemt klaver\u00bb bygger Lysne videre p\u00e5 en tradisjon med musikalske oppfinnere som utvikler det selvspillende pianoet, ikke for \u00e5 gjenskape hva en menneskelig ut\u00f8ver kan gj\u00f8re, men heller for \u00e5 utforske en egen klangverden, med datastyrt musikk som unndrar seg menneskelige begrensninger.<\/span><\/p>\n<\/div>\n<div>\n<p><span lang=\"NO-BOK\">Med en fusjon av Lysnes interesse for resonans, stemming og mekaniske objekter, oppsto \u00abFor renstemt klaver\u00bb som et bestillingsverk fra pianisten Sanae Yoshida som en del av hennes doktorgradsprosjekt om mikrotonale pianoer. Lysne komponerte et verk som Yoshida skulle spille p\u00e5 hans spesialutviklede teknologi. Fascinert av den lange, rike resonansen som var mulig p\u00e5 piano med e-bow\u00b4er, sm\u00e5 apparater som gj\u00f8r det mulig \u00e5 opprettholde en strengs lyd p\u00e5 ubestemt tid, ble Lysne oppslukt av ideen om \u00e5 skape slik resonans p\u00e5 pianoet alene. Med st\u00f8tte fra ansatte ved det norske kunst- og teknologisenteret Notam, programmerer Thom Johansen og pianostemmer Jacob Solheim (hvis egen praksis inkluderte eksperimenter med renstemming), begynte Lysne \u00e5 utvikle sine verkt\u00f8y. Prosjektet kulminerte i en 12-dagers komposisjonssprint i B\u00f8 i Telemark, der Lysne stemte og forberedte seg n\u00f8ye mens han skrev musikk for sitt preparerte flygel i Gulbring Kulturhus. M\u00e5let var \u00e5 finne en klang utenfor instrumentets normale evner.<\/span><\/p>\n<\/div>\n<div>\n<p><i><span lang=\"NO-BOK\">\u00abUlike harmoniske og mekaniske utforskninger motiverer hvert stykke p\u00e5 platen. Det f\u00f8rste er en serie med intense akkorder, mens det andre unders\u00f8ker fallende deltoner. Det tredje viser Lysnes f\u00f8rste bruk av \u201cinstrumentasjon\u201d \u2014 \u00e5 tildele ulike roller til diskantstrengene (st\u00e5l), som f\u00e5r en mer cello &#8211; eller kontrabass-aktig lyd, og kobberstrengene, som har en mer messingtonet klang. Lysne leker med arpeggioer i det fjerde stykket, og i det sv\u00e6rt korte femte stykket sender han impulser med frekvenser som skiller seg fra strengene de interagerer med, slik at du kan h\u00f8re motorens summing. Han presenterer et folkemusikkinspirert arrangement i det sjette stykket og avslutter albumet med \u00e5 vende tilbake til en av sine favoritt-tonaliteter <\/span><\/i><i><span lang=\"NO-BOK\">produsert <em>av intervaller som lager en sakte organisk pulsering<\/em><\/span><\/i><i><span lang=\"NO-BOK\">\u00bb<\/span><\/i><\/p>\n<\/div>\n<div>\n<p><span lang=\"NO-BOK\">\u2014Jennifer Gersten<\/span><\/p>\n<\/div>\n<div>\n<p><b><span lang=\"NO-BOK\">Jo David Meyer Lysne<\/span><\/b><span lang=\"NO-BOK\"> (f. 1994) er en komponist og instrumentbygger basert i Gvarv, i den norske regionen Telemark. Med interesse for robotikk, stemming og akustisk fremf\u00f8ring, skaper han verk som reflekterer over v\u00e5rt forhold til lyd, maskiner og hvordan vi lytter. Nylige prosjekter med cellisten Amalie Stalheim, samtidsensemblet Aksiom og fiolin- og kontrabassduoen Vilda&amp;Inga inkluderer kammermusikk for Lysnes egne maskiner og levende ut\u00f8vere, mens andre verk for selvspillende akustiske instrumenter gir nye perspektiver p\u00e5 kjente teknologier. Uavhengig og i p\u00e5g\u00e5ende samarbeid med komponist og tubaspiller Peder Simonsen, bruker Lysne sine egne oppfinnelser til \u00e5 utforske muligheter innen ren-stemming.<\/span><\/p>\n<\/div>\n<div>\n<p><span lang=\"NO-BOK\">Med utdannelse i improvisert musikk og komposisjon fra Norges musikkh\u00f8gskole har Lysne gitt ut en rekke album som solout\u00f8ver og i samarbeid med artister som Peder Simonsen, Wendra Hill, Mats Eilertsen og Jenny og Jo Berger Myhre p\u00e5 Hubro og SOFA Music. Musikk av Lysne har blitt fremf\u00f8rt over hele Norge og ellers i Europa av akt\u00f8rer som Festspillene i Bergen (NO), der han var profilert komponist, Borealis Festival (NO), Eclectic Sound (PL) og Ultima (NO). Lysne har mottatt en rekke norske kunstnerstipend, inkludert det prestisjetunge Statens Kunstnerstipend, tildelt for forskning p\u00e5 robotikk i kammermusikk. Hans verk har f\u00e5tt anerkjennelse i blant annet <em>The Wire<\/em>, <em>Morgenbladet<\/em> og <em>The New York Times<\/em>.<\/span><\/p>\n<p>","protected":false},"excerpt":{"rendered":"<p><span lang=\"NO-BOK\">P\u00e5 albumet \u00abFor renstemt klaver\u00bb bygger Jo David Meyer Lysne videre p\u00e5 en tradisjon med musikalske oppfinnere som utvikler det selvspillende pianoet, ikke for \u00e5 gjenskape hva en menneskelig ut\u00f8ver kan gj\u00f8re, men heller for \u00e5 utforske en egen klangverden, med datastyrt musikk som unndrar seg menneskelige begrensninger.<\/span><\/p>\n","protected":false},"featured_media":42047,"comment_status":"open","ping_status":"closed","template":"","meta":[],"product_brand":[],"product_cat":[36],"product_tag":[8096],"class_list":{"0":"post-42044","1":"product","2":"type-product","3":"status-publish","4":"has-post-thumbnail","6":"product_cat-hubro","7":"product_tag-jo-david-meyer-lysne","8":"product_shipping_class-cddvd-shipping","9":"uni_artist_tag-jo-david-meyer-lysne","10":"uni_main_artist_tag-jo-david-meyer-lysne","11":"uni_artist_genre-alternative-jazz","12":"uni_artist_genre-experimental","14":"first","15":"instock","16":"taxable","17":"shipping-taxable","18":"purchasable","19":"product-type-variable"},"_links":{"self":[{"href":"https:\/\/grappa.no\/no\/wp-json\/wp\/v2\/product\/42044","targetHints":{"allow":["GET"]}}],"collection":[{"href":"https:\/\/grappa.no\/no\/wp-json\/wp\/v2\/product"}],"about":[{"href":"https:\/\/grappa.no\/no\/wp-json\/wp\/v2\/types\/product"}],"replies":[{"embeddable":true,"href":"https:\/\/grappa.no\/no\/wp-json\/wp\/v2\/comments?post=42044"}],"wp:featuredmedia":[{"embeddable":true,"href":"https:\/\/grappa.no\/no\/wp-json\/wp\/v2\/media\/42047"}],"wp:attachment":[{"href":"https:\/\/grappa.no\/no\/wp-json\/wp\/v2\/media?parent=42044"}],"wp:term":[{"taxonomy":"product_brand","embeddable":true,"href":"https:\/\/grappa.no\/no\/wp-json\/wp\/v2\/product_brand?post=42044"},{"taxonomy":"product_cat","embeddable":true,"href":"https:\/\/grappa.no\/no\/wp-json\/wp\/v2\/product_cat?post=42044"},{"taxonomy":"product_tag","embeddable":true,"href":"https:\/\/grappa.no\/no\/wp-json\/wp\/v2\/product_tag?post=42044"}],"curies":[{"name":"wp","href":"https:\/\/api.w.org\/{rel}","templated":true}]}}