{"id":42042,"date":"2025-01-24T12:59:52","date_gmt":"2025-01-24T11:59:52","guid":{"rendered":"https:\/\/grappa.no\/?post_type=product&#038;p=42042"},"modified":"2025-01-24T13:24:56","modified_gmt":"2025-01-24T12:24:56","slug":"speilstillevariasjoner","status":"publish","type":"product","link":"https:\/\/grappa.no\/no\/albums\/hubro\/speilstillevariasjoner\/","title":{"rendered":"Speilstillevariasjoner"},"content":{"rendered":"<p><\/p>\n<p style=\"font-weight: 400;\"><strong>Gitarist og komponist Stein Urheim har v\u00e6rt en fremtredende artist i HUBRO-katalogen i mer enn ti \u00e5r. \u00abSpeilstillevariasjoner\u00bb er hans syvende album for selskapet i eget navn, og i tillegg har han bidratt p\u00e5 album med Erlend Apneseth, Benedicte Maurset, i duo med J\u00f8rgen Tr\u00e6en, og n\u00e5 nylig p\u00e5 det kritikerroste albumet \u00abBarefoot in Bryophyte\u00bb med Mari Kvien Brunvoll og Moskus.<\/strong><\/p>\n<p style=\"font-weight: 400;\"><strong>P\u00e5 sitt nye album \u00abSpeilstillevariasjoner\u00bb har han spurt et knippe sv\u00e6rt s\u00e6rpregede musikere om \u00e5 v\u00e6re med, og laget sitt mest originale og kompromissl\u00f8se album s\u00e5 langt. Resultatet oppleves b\u00e5de poetisk, stemningsskapende og bevissthetsutvidende.<\/strong><\/p>\n<p style=\"font-weight: 400;\">Allerede p\u00e5 Hubro-debuten \u00abKosmolodi\u00bb (2012), og seinere p\u00e5 \u00abUtopian Tales\u00bb (2017), var Urheims interesse for mikrotonalitet p\u00e5 plass. P\u00e5 soloalbumet \u00abSimple Pieces and Paper Cut-Outs\u00bb (2019) ble komposisjonene f\u00f8dt ut av eksperimentering med \u00e5pne gitarstemminger.<\/p>\n<p style=\"font-weight: 400;\">P\u00e5 \u00abSpeilstillevariasjoner\u00bb trer utforskingen av alternative stemminger enda klarere frem. Interessen for reinstemming og mikrotonalitet dominerer b\u00e5de uttrykket og hvordan komposisjonene har blitt til. \u00abSelve spillem\u00e5ten p\u00e5 gitar er inspirert av b\u00e5de kinesisk gu qin-musikk og norsk sl\u00e5ttespill p\u00e5 langeleik. Jeg har ogs\u00e5\u00a0lenge v\u00e6rt fascinert av komponister som bruker ulike former for reinstemming som komposisjonsmetode, som for eksempel Eivind Groven, Lou Harrison og La Monte Young.\u00bb forteller Urheim.<\/p>\n<p style=\"font-weight: 400;\">Gitarene er gjort b\u00e5ndl\u00f8se og har en egen sammensetning i tykkelsen p\u00e5 strengene som passer stemmingen. \u00abOppsettet gj\u00f8r det umulig \u00e5 tenke og spille konvensjonell, standard gitar, og man faller dermed ikke inn i vante spor. Man blir heller f\u00f8rt inn i en egen m\u00e5te \u00e5 spille og skape p\u00e5, innenfor noen f\u00e5 utgangstonearter. Mitt og medmusikernes samspill med denne uortodokst oppsatte gitaren og hva den tilbyr av muligheter, er alts\u00e5\u00a0mye av utgangspunktet for komposisjonsmetoden. Speilstillestemmingen skaper begrensninger, men har samtidig \u00e5pnet opp en hel musikalsk verden for meg.\u00bb<\/p>\n<p style=\"font-weight: 400;\">\u00abId\u00e9en til sammensetningen av musikere var ganske intuitiv og spontan &#8211; men jeg har spilt med flere av dem tidligere, og synes alle sammen er uhyre interessante ut\u00f8vere.\u00bb\u00a0sier Urheim. Fiolinist Hans Kjorstad og perkusjonist Siv \u00d8yunn Kjenstad er begge blant de fremste norske musikerne fra sin generasjon. \u00abVi hadde tidligere jobbet sammen da jeg gjestet Frode Haltlis Avant Folk-ensemble for en del \u00e5r siden, og jeg fikk bare s\u00e5 umiddelbart sans for spillingen deres &#8211; det dynamiske, sterke trommespillet til Siv, og spennet og den utforskende stilen til Hans\u00bb<\/p>\n<p style=\"font-weight: 400;\">Ikue Mori m\u00e5 kunne beskrives som en levende legende &#8211; hun begynte karrieren som trommeslager i det New York baserte No-wave bandet DNA, og har i ti\u00e5rene etterp\u00e5 v\u00e6rt regnet som en av de fremste improvisasjonsmusikerne i verden. \u00abJeg har v\u00e6rt fan av musikken hennes i mange \u00e5r, og vi ble kjent gjennom en konsertserie jeg var med og satt sammen &#8211; hun er utrolig kompromissl\u00f8s og gjennkjennbar i uttrykket.\u00bb<\/p>\n<p style=\"font-weight: 400;\">Saksofonist Sam Gendel har i senere \u00e5r st\u00e5tt bak en streng av friske og nyskapende album, blant annet p\u00e5 Nonesuch, og spilte med Stein for f\u00f8rste gang i forbindelse med dette prosjektet. \u00abSam ble jeg veldig nysgjerrig p\u00e5 etter \u00e5\u00a0ha h\u00f8rt ham p\u00e5\u00a0en konsert for en del \u00e5r siden. Han har en fantastisk tone og teft som treffer meg p\u00e5\u00a0mange plan.\u00bb sier Urheim.<\/p>\n<p style=\"font-weight: 400;\">\u00abSpeilstillevariasjoner\u00bb skiller seg ut i Urheims katalog, men er samtidig en helt logisk konsekvens av et spor Urheims diskografi har ledet mot over tid. \u00abDet jeg falt pladask for med Urheims musikalske stemme da vi innledet samarbeidet i 2012 var dens varme tydelighet, og at den p\u00e5 s\u00e5 organisk vis smeltet sammen innflytelse fra alt fra blues, ulike typer verdensmusikk og utforsking av mikrotonalitet\u00bb, sier stifter av HUBRO Andreas R Meland. \u00abDet var tydelig fra dag en at Stein er en sulten og \u00e5pen lytter som stadig lar seg engasjere og s\u00f8ke etter ny inspirasjon. Det har v\u00e6rt en glede \u00e5 f\u00f8lge hans kunstnerskap s\u00e5 tett, og han har \u00e5pnet \u00f8rene mine for mye ny musikk\u00bb.<\/p>\n<p>","protected":false},"excerpt":{"rendered":"<p style=\"font-weight: 400;\"><strong>P\u00e5 sitt nye album \u00abSpeilstillevariasjoner\u00bb har Stein Urheim spurt et knippe sv\u00e6rt s\u00e6rpregede musikere om \u00e5 v\u00e6re med, og laget sitt mest originale og kompromissl\u00f8se album s\u00e5 langt. Resultatet oppleves b\u00e5de poetisk, stemningsskapende og bevissthetsutvidende.<\/strong><\/p>\n<p style=\"font-weight: 400;\">\n","protected":false},"featured_media":42043,"comment_status":"open","ping_status":"closed","template":"","meta":[],"product_brand":[],"product_cat":[36],"product_tag":[8095,8094,8055],"class_list":{"0":"post-42042","1":"product","2":"type-product","3":"status-publish","4":"has-post-thumbnail","6":"product_cat-hubro","7":"product_tag-hubro","8":"product_tag-speilstillevariasjoner","9":"product_tag-stein-urheim","10":"product_shipping_class-cddvd-shipping","11":"uni_artist_tag-stein-urheim","12":"uni_main_artist_tag-stein-urheim","13":"uni_artist_genre-alternative-jazz","15":"first","16":"instock","17":"taxable","18":"shipping-taxable","19":"purchasable","20":"product-type-simple"},"_links":{"self":[{"href":"https:\/\/grappa.no\/no\/wp-json\/wp\/v2\/product\/42042","targetHints":{"allow":["GET"]}}],"collection":[{"href":"https:\/\/grappa.no\/no\/wp-json\/wp\/v2\/product"}],"about":[{"href":"https:\/\/grappa.no\/no\/wp-json\/wp\/v2\/types\/product"}],"replies":[{"embeddable":true,"href":"https:\/\/grappa.no\/no\/wp-json\/wp\/v2\/comments?post=42042"}],"wp:featuredmedia":[{"embeddable":true,"href":"https:\/\/grappa.no\/no\/wp-json\/wp\/v2\/media\/42043"}],"wp:attachment":[{"href":"https:\/\/grappa.no\/no\/wp-json\/wp\/v2\/media?parent=42042"}],"wp:term":[{"taxonomy":"product_brand","embeddable":true,"href":"https:\/\/grappa.no\/no\/wp-json\/wp\/v2\/product_brand?post=42042"},{"taxonomy":"product_cat","embeddable":true,"href":"https:\/\/grappa.no\/no\/wp-json\/wp\/v2\/product_cat?post=42042"},{"taxonomy":"product_tag","embeddable":true,"href":"https:\/\/grappa.no\/no\/wp-json\/wp\/v2\/product_tag?post=42042"}],"curies":[{"name":"wp","href":"https:\/\/api.w.org\/{rel}","templated":true}]}}