{"id":420,"date":"2001-05-10T00:00:00","date_gmt":"2001-05-09T23:00:00","guid":{"rendered":"http:\/\/www.grappa.no\/albums\/uncategorized\/the-complete-piano-works-of-halfdan-kjerulf\/"},"modified":"2019-02-22T15:53:39","modified_gmt":"2019-02-22T14:53:39","slug":"the-complete-piano-works-of-halfdan-kjerulf","status":"publish","type":"product","link":"https:\/\/grappa.no\/no\/albums\/simax-classics\/the-complete-piano-works-of-halfdan-kjerulf\/","title":{"rendered":"The Complete Piano Works of Halfdan Kjerulf"},"content":{"rendered":"<p><\/p>\n<p>Uforlignelige norske klaverstykker<\/p>\n<p>Halfdan Kjerulf (1815\u20131868) og hans musikalske mesterskap har v\u00e6rt en av de best bevarte hemmelighetene i norsk musikkhistorie. Som den f\u00f8rste utgivelsen i serien Nordic Edition kommer en premiere-innspilling med Kjerulfs komplette klaververker samlet i en 3-CD boks. Det er ikke tilfeldig at det er nettopp Kjerulf som er f\u00f8rst ute. Den skatten som \u00e5penbarer seg n\u00e5r man h\u00f8rer komponistens mer enn 100 verker for solo klaver, er s\u00e5 enorm at den rett og slett m\u00e5 spilles inn!<\/p>\n<p>Det er Einar Steen-N\u00f8kleberg som presenterer disse perlene, med tolkninger og utf\u00f8relse som virkelig er Kjerulfs musikk til heder. Komponisten tegner sine melodier og harmonier med lett penn og slanke konturer. Han fargelegger som en Peder Balke, de underliggende dramaene er skildret som hos Wergeland. Som s\u00e5dan er hans musikk et tonemaleri uten sidestykke; sangbar, myk og dr\u00f8mmende.<\/p>\n<p><!--more--><\/p>\n<p>Halfdan Kjerulf (1815\u20131868) og hans musikalske mesterskap har v\u00e6rt en av de best bevarte hemmelighetene i norsk musikkhistorie. Som den f\u00f8rste utgivelsen i serien Nordic Edition kommer en premiere-innspilling med Kjerulfs komplette klaververker samlet i en 3-CD boks. Det er ikke tilfeldig at det er nettopp Kjerulf som er f\u00f8rst ute. Den skatten som \u00e5penbarer seg n\u00e5r man h\u00f8rer komponistens mer enn 100 verker for solo klaver, er s\u00e5 enorm at den rett og slett m\u00e5 spilles inn!<\/p>\n<h4><\/h4>\n<p>Steen-N\u00f8kleberg er, i tillegg til \u00e5 v\u00e6re s\u00e6rdeles aktiv som konsertpianist, professor ved Norges musikkh\u00f8gskole. Han har gjort det til en liten spesialitet \u00e5 presentere ukjent norsk musikk for et internasjonalt publikum, b\u00e5de p\u00e5 plate og konsertscenen. En helt unik kvalitet ved Steen-N\u00f8klebergs musisering er evnen til \u00e5 finne den spesifikke stemningen og uttrykksm\u00e5ten i et verk. Han realiserer dette med blendende teknikk og en uts\u00f8kt rytmisk nyanserings-evne.<\/p>\n<h4>\u00c9n studiereise var nok<\/h4>\n<p>Fra sin tilv\u00e6relse i 1800-tallets Kristiania i kretsen rundt Welhaven, med \u00e9n studiereise til kontinentet som grunnleggende inspirasjonskilde som holdt livet igjennom, komponerte Kjerulf sin musikk. Hans bearbeidelser av norske folkeviser og folkedanser, hentet fra Lindemans samlinger, er vidunderlige miniatyrer med raffinert klangbehandling som vitner om overraskende innsikt i folkemusikkens hemmeligheter. Husk p\u00e5 at dette er lenge f\u00f8r Edvard Grieg kommer p\u00e5 banen! Innenfor de rene klaverstykkene finnes et spenn som g\u00e5r fra enkle sangbare Vuggevise til den forrykende Scherzo i E dur, musikk som nok ga den samtidige amat\u00f8r store utfordringer.<\/p>\n<h4><\/h4>\n<p>Selv var Halfdan Kjerulf en beskjeden og tilbaketrukket mann. Hans livsverk viser en enorm skaperkraft og et empatisk sinn. Som Nils Collett Vogt sier i sin omtale av Kjerulf:<\/p>\n<p>\u00abHan sang saa vakkert om kj\u00e6rlighets lykke, fordi han selv maatte undv\u00e6re den. Smeltende \u00f8mt sang han.\u00bb<\/p>\n<p><\/p>","protected":false},"excerpt":{"rendered":"<p>Steen-N\u00f8kleberg realiserer dette med blendende teknikk og en uts\u00f8kt rytmisk nyanserings-evne.<\/p>\n","protected":false},"featured_media":27605,"comment_status":"closed","ping_status":"open","template":"","meta":[],"product_brand":[],"product_cat":[180],"product_tag":[],"class_list":{"0":"post-420","1":"product","2":"type-product","3":"status-publish","4":"has-post-thumbnail","6":"product_cat-simax-classics","7":"product_shipping_class-cddvd-shipping","8":"uni_artist_tag-einar-steen-nokleberg","9":"uni_artist_tag-erik-gard-amundsen","10":"uni_artist_tag-halfdan-kjerulf","11":"uni_main_artist_tag-einar-steen-nokleberg","12":"uni_artist_genre-norwegian","13":"uni_artist_genre-piano","14":"uni_artist_genre-world-premiere-recording","16":"first","17":"instock","18":"taxable","19":"shipping-taxable","20":"purchasable","21":"product-type-simple"},"_links":{"self":[{"href":"https:\/\/grappa.no\/no\/wp-json\/wp\/v2\/product\/420","targetHints":{"allow":["GET"]}}],"collection":[{"href":"https:\/\/grappa.no\/no\/wp-json\/wp\/v2\/product"}],"about":[{"href":"https:\/\/grappa.no\/no\/wp-json\/wp\/v2\/types\/product"}],"replies":[{"embeddable":true,"href":"https:\/\/grappa.no\/no\/wp-json\/wp\/v2\/comments?post=420"}],"wp:featuredmedia":[{"embeddable":true,"href":"https:\/\/grappa.no\/no\/wp-json\/wp\/v2\/media\/27605"}],"wp:attachment":[{"href":"https:\/\/grappa.no\/no\/wp-json\/wp\/v2\/media?parent=420"}],"wp:term":[{"taxonomy":"product_brand","embeddable":true,"href":"https:\/\/grappa.no\/no\/wp-json\/wp\/v2\/product_brand?post=420"},{"taxonomy":"product_cat","embeddable":true,"href":"https:\/\/grappa.no\/no\/wp-json\/wp\/v2\/product_cat?post=420"},{"taxonomy":"product_tag","embeddable":true,"href":"https:\/\/grappa.no\/no\/wp-json\/wp\/v2\/product_tag?post=420"}],"curies":[{"name":"wp","href":"https:\/\/api.w.org\/{rel}","templated":true}]}}