{"id":41966,"date":"2024-12-06T13:15:17","date_gmt":"2024-12-06T12:15:17","guid":{"rendered":"https:\/\/grappa.no\/?post_type=product&#038;p=41966"},"modified":"2024-12-12T12:13:44","modified_gmt":"2024-12-12T11:13:44","slug":"heks","status":"publish","type":"product","link":"https:\/\/grappa.no\/no\/albums\/grappa\/heks\/","title":{"rendered":"HEKS"},"content":{"rendered":"<p><\/p>\n<p style=\"font-weight: 400;\">HEKS er et musikalsk prosjekt som samler noen av Norges fremste musikere innen sine felt. Kvartetten, som best\u00e5r av Sara \u00d6vinge (fiolin), Eivind Aarset (gitar), Helge Norbakken (perkusjon) og Kjetil Bjerkestrand (tangenter), skaper en unik blanding av akustiske og elektroniske klanger som utforsker b\u00e5de det inderlige og det storsl\u00e5tte.<\/p>\n<p style=\"font-weight: 400;\">HEKS startet som en trio best\u00e5ende av Eivind, Helge og Kjetil, med et samarbeid som strekker seg flere ti\u00e5r tilbake. Sara \u00d6vinge, en av Norges mest spennende fiolinister og vinner av Spellemannprisen 2024 i kategorien Samtid for debutalbumet\u00a0<em>Patientia<\/em>, ble med i gruppen for et par \u00e5r siden. Dette tilf\u00f8rte kvartetten en ny dimensjon med Saras prisvinnende klangbilde og tolkninger av Kjetils komposisjoner.<\/p>\n<p style=\"font-weight: 400;\">Medlemmene i HEKS har hver for seg solide karrierer:<\/p>\n<ul style=\"font-weight: 400;\">\n<li><strong>Eivind Aarset<\/strong>\u00a0er en verdensnavn innen moderne jazz og elektronika, kjent for sine grensel\u00f8se gitarlandskaper og samarbeid med internasjonale storheter.<\/li>\n<li><strong>Helge Norbakken<\/strong>, en perkusjonist med en helt egen stil, har v\u00e6rt en sentral akt\u00f8r p\u00e5 den norske og internasjonale musikkscenen.<\/li>\n<li><strong>Kjetil Bjerkestrand<\/strong>\u00a0har en lang karriere som komponist, produsent og musiker, kjent for sitt arbeid med store artister og sin forkj\u00e6rlighet for analoge synther kombinert med akustisk uttrykk.<\/li>\n<\/ul>\n<p style=\"font-weight: 400;\"><strong>Musikken<\/strong><\/p>\n<p style=\"font-weight: 400;\">Alle komposisjonene p\u00e5 albumet er skrevet av Kjetil Bjerkestrand, med inspirasjon fra b\u00e5de personlige refleksjoner og historiske hendelser. Albumet byr p\u00e5 et bredt spekter av stemninger og tematikker:<\/p>\n<ul style=\"font-weight: 400;\">\n<li><strong>&#8220;Tung tids tale&#8221;<\/strong>\u00a0er en sterk musikalsk reaksjon p\u00e5 Russlands invasjon av Ukraina, med inspirasjon fra Halldis Moren Vesaas\u2019 dikt:\u00a0<em>&#8220;Det heiter ikkje: eg \u2013 no lenger. Heretter heiter det: vi.&#8221;<\/em><\/li>\n<li><strong>&#8220;Dr\u00f8mmen&#8221;<\/strong>\u00a0er en hyllest til de som kjemper for frihet, med referanse til Martin Luther Kings ikoniske ord:\u00a0<em>&#8220;I have a dream.&#8221;<\/em><\/li>\n<li><strong>&#8220;B\u00f8nn&#8221;<\/strong>, inspirert av Arne Garborgs inderlige b\u00f8nn, speiler en dyp, \u00e5ndelig lengsel:\u00a0<em>&#8220;Aa hjelp meg du som hjelpe kann!&#8221;<\/em><\/li>\n<li><strong>&#8220;Tribute&#8221;<\/strong>\u00a0er en leken hyllest til inspirasjonskilder som Bach, Mozart og James Bond, som smelter sammen klassisk virtuositet med popkulturelle referanser.<\/li>\n<\/ul>\n<p style=\"font-weight: 400;\"><strong>\u00a0<\/strong><\/p>\n<p style=\"font-weight: 400;\"><strong>Innspillingen<\/strong><\/p>\n<p style=\"font-weight: 400;\">Albumet ble spilt inn i to studioer, Bjarne Stenslis studio i Brenneriveien og det legendariske Rainbow Studio, hvor gruppens distinkte lyd ble foredlet.<\/p>\n<p style=\"font-weight: 400;\"><strong>\u00a0<\/strong><\/p>\n<p style=\"font-weight: 400;\"><strong>Lydbildet<\/strong><\/p>\n<p style=\"font-weight: 400;\">Albumet kjennetegnes av Eivind Aarsets atmosf\u00e6riske gitarlandskap, Helge Norbakkens kraftfulle rytmer, Sara \u00d6vinges gripende og vakre fiolintoner, og Kjetil Bjerkestrands varme Rhodes-klanger og analoge synthesizere.<\/p>\n<p style=\"font-weight: 400;\"><strong>\u00a0<\/strong><\/p>\n<p style=\"font-weight: 400;\"><strong>HEKS\u2019 nye album<\/strong>\u00a0er et sterkt, vakkert og tankevekkende verk som inviterer lytteren inn i en unik musikalsk verden. Albumet lanseres 6.desember 2024, og blir tilgjengelig p\u00e5 alle digitale plattformer samt som fysisk utgivelse.<\/p>\n<p style=\"font-weight: 400;\">","protected":false},"excerpt":{"rendered":"<p style=\"font-weight: 400;\">HEKS er et musikalsk prosjekt som samler noen av Norges fremste musikere innen sine felt. Kvartetten, som best\u00e5r av Sara \u00d6vinge (fiolin), Eivind Aarset (gitar), Helge Norbakken (perkusjon) og Kjetil Bjerkestrand (tangenter), skaper en unik blanding av akustiske og elektroniske klanger som utforsker b\u00e5de det inderlige og det storsl\u00e5tte.<\/p>\n<p style=\"font-weight: 400;\">\n","protected":false},"featured_media":41967,"comment_status":"open","ping_status":"closed","template":"","meta":[],"product_brand":[],"product_cat":[6],"product_tag":[8092,8091],"class_list":{"0":"post-41966","1":"product","2":"type-product","3":"status-publish","4":"has-post-thumbnail","6":"product_cat-grappa","7":"product_tag-heks","8":"product_tag-kjetil-bjerkestrand","9":"product_shipping_class-cddvd-shipping","10":"uni_artist_tag-kjetil-bjerkestrand","11":"uni_main_artist_tag-kjetil-bjerkestrand","12":"uni_artist_genre-alternative","13":"uni_artist_genre-rock","15":"first","16":"instock","17":"taxable","18":"shipping-taxable","19":"purchasable","20":"product-type-simple"},"_links":{"self":[{"href":"https:\/\/grappa.no\/no\/wp-json\/wp\/v2\/product\/41966","targetHints":{"allow":["GET"]}}],"collection":[{"href":"https:\/\/grappa.no\/no\/wp-json\/wp\/v2\/product"}],"about":[{"href":"https:\/\/grappa.no\/no\/wp-json\/wp\/v2\/types\/product"}],"replies":[{"embeddable":true,"href":"https:\/\/grappa.no\/no\/wp-json\/wp\/v2\/comments?post=41966"}],"wp:featuredmedia":[{"embeddable":true,"href":"https:\/\/grappa.no\/no\/wp-json\/wp\/v2\/media\/41967"}],"wp:attachment":[{"href":"https:\/\/grappa.no\/no\/wp-json\/wp\/v2\/media?parent=41966"}],"wp:term":[{"taxonomy":"product_brand","embeddable":true,"href":"https:\/\/grappa.no\/no\/wp-json\/wp\/v2\/product_brand?post=41966"},{"taxonomy":"product_cat","embeddable":true,"href":"https:\/\/grappa.no\/no\/wp-json\/wp\/v2\/product_cat?post=41966"},{"taxonomy":"product_tag","embeddable":true,"href":"https:\/\/grappa.no\/no\/wp-json\/wp\/v2\/product_tag?post=41966"}],"curies":[{"name":"wp","href":"https:\/\/api.w.org\/{rel}","templated":true}]}}