{"id":41948,"date":"2024-11-26T16:03:49","date_gmt":"2024-11-26T15:03:49","guid":{"rendered":"https:\/\/grappa.no\/?post_type=product&#038;p=41948"},"modified":"2025-06-13T12:15:48","modified_gmt":"2025-06-13T11:15:48","slug":"farvel-slekt-og-venner-nummeret-lilla-vinyl","status":"publish","type":"product","link":"https:\/\/grappa.no\/no\/albums\/heilo\/farvel-slekt-og-venner-nummeret-lilla-vinyl\/","title":{"rendered":"farvel slekt og venner &#8211; NUMMERET LILLA VINYL"},"content":{"rendered":"<p><\/p>\n<p>NYTT OPPLAG I BEGRENSET NUMMERET LILLA VINYL!<\/p>\n<p>P\u00e5 sitt fjerde studioalbum videref\u00f8rer Valkyrien Allstars sin unike sound i gr\u00e5sonen mellom det tradisjonelle og det moderne. N\u00e5r det gjelder l\u00e5tmaterialet er dette i st\u00f8rre grad enn tildligere egenkomponert. Fremdeles er det innslag av tradisjonelle hardingfelesl\u00e5tter og gamle skillingsviser, men det er bandets egne tekster og melodier som dominerer utgivelsen. Bandet har, i samarbeid med medprodusent Bugge Wesseltoft, g\u00e5tt grundig til verks og virkelig benyttet seg av mulighetene som finnes i Amper Tone studio, der plata er innspilt med B\u00e5rd Ingebrigtsen foran miksebordet. Dette er en uhyre gjennomarbeidet plate som har blitt jobbet frem over en periode p\u00e5 ett \u00e5r. Resultatet b\u00e6rer preg av kontrastene mellom det store,voldsomme, kakafoniske og det n\u00e6re, intime og direkte uttrykket som kjennetegner den norske tradisjonsmusikken. Lydbildet er utvidet siden forrige utgivelse, bandets medlemmer spiller flere instrumenter enn tidligere, og b\u00e5de B\u00e5rd Ingebrigtsen og Bugge Wesseltoft bidrar musikalsk.<\/p>\n<p>P\u00e5 sitt fjerde studioalbum videref\u00f8rer Valkyrien Allstars sin unike sound i gr\u00e5sonen mellom det tradisjonelle og det moderne.<\/p>\n<h4>Egenkomponert l\u00e5tmateriale<\/h4>\n<p>N\u00e5r det gjelder l\u00e5tmaterialet er dette i st\u00f8rre grad enn tildligere egenkomponert. Fremdeles er det innslag av tradisjonelle hardingfelesl\u00e5tter og gamle skillingsviser, men det er bandets egne tekster og melodier som dominerer utgivelsen. Bandet har, i samarbeid med medprodusent Bugge Wesseltoft, g\u00e5tt grundig til verks og virkelig benyttet seg av mulighetene som finnes i Amper Tone studio, der plata er innspilt med B\u00e5rd Ingebrigtsen bak miksebordet.<\/p>\n<h4>Kontraster<\/h4>\n<p>Dette er en uhyre gjennomarbeidet plate som har blitt jobbet frem over en periode p\u00e5 ett \u00e5r. Resultatet b\u00e6rer preg av kontrastene mellom det store,voldsomme, kakafoniske og det n\u00e6re, intime og direkte uttrykket som kjennetegner den norske tradisjonsmusikken. Lydbildet er en smule utvidet siden forrige utgivelse, bandets medlemmer spiller flere instrumenter enn tidligere, og b\u00e5de B\u00e5rd Ingebrigtsen og Bugge Wesseltoft bidrar musikalsk.<\/p>\n<p>&nbsp;<\/p>\n<p>","protected":false},"excerpt":{"rendered":"<p>NYTT OPPLAG I BEGRENSET NUMMERET LILLA VINYL!<\/p>\n","protected":false},"featured_media":41949,"comment_status":"open","ping_status":"closed","template":"","meta":[],"product_brand":[],"product_cat":[35],"product_tag":[8090],"class_list":{"0":"post-41948","1":"product","2":"type-product","3":"status-publish","4":"has-post-thumbnail","6":"product_cat-heilo","7":"product_tag-valkyrien-allstars","8":"product_shipping_class-vinyl-shipping","9":"uni_artist_tag-valkyrien-allstars","10":"uni_main_artist_tag-valkyrien-allstars","11":"uni_artist_genre-folk-music","12":"uni_artist_genre-folk-rock","13":"uni_artist_genre-folkemusikk","15":"first","16":"instock","17":"taxable","18":"shipping-taxable","19":"purchasable","20":"product-type-simple"},"_links":{"self":[{"href":"https:\/\/grappa.no\/no\/wp-json\/wp\/v2\/product\/41948","targetHints":{"allow":["GET"]}}],"collection":[{"href":"https:\/\/grappa.no\/no\/wp-json\/wp\/v2\/product"}],"about":[{"href":"https:\/\/grappa.no\/no\/wp-json\/wp\/v2\/types\/product"}],"replies":[{"embeddable":true,"href":"https:\/\/grappa.no\/no\/wp-json\/wp\/v2\/comments?post=41948"}],"wp:featuredmedia":[{"embeddable":true,"href":"https:\/\/grappa.no\/no\/wp-json\/wp\/v2\/media\/41949"}],"wp:attachment":[{"href":"https:\/\/grappa.no\/no\/wp-json\/wp\/v2\/media?parent=41948"}],"wp:term":[{"taxonomy":"product_brand","embeddable":true,"href":"https:\/\/grappa.no\/no\/wp-json\/wp\/v2\/product_brand?post=41948"},{"taxonomy":"product_cat","embeddable":true,"href":"https:\/\/grappa.no\/no\/wp-json\/wp\/v2\/product_cat?post=41948"},{"taxonomy":"product_tag","embeddable":true,"href":"https:\/\/grappa.no\/no\/wp-json\/wp\/v2\/product_tag?post=41948"}],"curies":[{"name":"wp","href":"https:\/\/api.w.org\/{rel}","templated":true}]}}