{"id":41943,"date":"2024-11-26T15:39:58","date_gmt":"2024-11-26T14:39:58","guid":{"rendered":"https:\/\/grappa.no\/?post_type=product&#038;p=41943"},"modified":"2025-06-13T12:14:05","modified_gmt":"2025-06-13T11:14:05","slug":"prov-a-si-noe-til-meg-na-nummeret-oransje-vinyl","status":"publish","type":"product","link":"https:\/\/grappa.no\/no\/albums\/heilo\/prov-a-si-noe-til-meg-na-nummeret-oransje-vinyl\/","title":{"rendered":"Pr\u00f8v \u00e5 si noe til meg n\u00e5  &#8211; Nummeret oransje vinyl!"},"content":{"rendered":"<div><\/div>\n<div>\n<p><\/p>\n<p>NYTT OPPLAG I BEGRENSET NUMMERET ORANSJE VINYL!<\/p>\n<p>Valkyrien har parkert tilnavnet \u201dAllstars\u201d, men videref\u00f8rer sitt s\u00e6regne lydbilde p\u00e5 bandets nye utgivelse. &#8220;pr\u00f8v \u00e5 si noe til meg n\u00e5&#8221; er et kompakt verk, der s\u00e5 \u00e5 si all musikk og tekst er laget av Valkyrien. Fremdeles kan en h\u00f8re det folkemusikalske utgangspunktet bandet er kjent for, men denne gangen blir publikum servert tradisjon p\u00e5 en seng av akustisk pop-musikk \u2013 med ikke ubetydelige mengder synth. Man kan til og med danse til det uten \u00e5 ha g\u00e5tt p\u00e5 kurs.\u00a0 &#8220;pr\u00f8v \u00e5 si noe til meg n\u00e5&#8221; er Valkyriens femte album.<\/p>\n<p>&nbsp;<\/p>\n<p>Fra Valkyrien slapp sin selvtitulerte debutplate i 2007, et album som raskt solgte til gull, har de fortsatt med \u00e5 utforske og utfordre bruken av tradisjonelle instrumenter og gammel norsk musikk i et kontempor\u00e6rt uttrykk. Bandet har v\u00e6rt usedvanlig aktive og har gjennom 10 \u00e5r med iherdig konsertvirksomhet utviklet seg til et solid og lekent liveband som aldri spiller to like konserter. Valkyrien er et band i stadig forandring. Det som begynte som en ren hardingfeletrio har utviklet seg til noe som rett og slett er litt vanskelig \u00e5 beskrive-det m\u00e5 oppleves. Valkyrien er: Erik Sollid Tuva Livsdatter Syvertsen Martin Viktor Langlie Magnus Larsen Jr.<\/p>\n<p><\/p>\n<\/div>","protected":false},"excerpt":{"rendered":"<p>NYTT OPPLAG I BEGRENSET NUMMERET ORANSJE VINYL!<\/p>\n","protected":false},"featured_media":41945,"comment_status":"open","ping_status":"closed","template":"","meta":[],"product_brand":[],"product_cat":[35],"product_tag":[8088],"class_list":{"0":"post-41943","1":"product","2":"type-product","3":"status-publish","4":"has-post-thumbnail","6":"product_cat-heilo","7":"product_tag-valkyrien","8":"product_shipping_class-vinyl-shipping","9":"uni_artist_tag-valkyrien","10":"uni_main_artist_tag-valkyrien","11":"uni_artist_genre-folk-music","12":"uni_artist_genre-folkemusikk","13":"uni_artist_genre-pop","15":"first","16":"instock","17":"taxable","18":"shipping-taxable","19":"purchasable","20":"product-type-simple"},"_links":{"self":[{"href":"https:\/\/grappa.no\/no\/wp-json\/wp\/v2\/product\/41943","targetHints":{"allow":["GET"]}}],"collection":[{"href":"https:\/\/grappa.no\/no\/wp-json\/wp\/v2\/product"}],"about":[{"href":"https:\/\/grappa.no\/no\/wp-json\/wp\/v2\/types\/product"}],"replies":[{"embeddable":true,"href":"https:\/\/grappa.no\/no\/wp-json\/wp\/v2\/comments?post=41943"}],"wp:featuredmedia":[{"embeddable":true,"href":"https:\/\/grappa.no\/no\/wp-json\/wp\/v2\/media\/41945"}],"wp:attachment":[{"href":"https:\/\/grappa.no\/no\/wp-json\/wp\/v2\/media?parent=41943"}],"wp:term":[{"taxonomy":"product_brand","embeddable":true,"href":"https:\/\/grappa.no\/no\/wp-json\/wp\/v2\/product_brand?post=41943"},{"taxonomy":"product_cat","embeddable":true,"href":"https:\/\/grappa.no\/no\/wp-json\/wp\/v2\/product_cat?post=41943"},{"taxonomy":"product_tag","embeddable":true,"href":"https:\/\/grappa.no\/no\/wp-json\/wp\/v2\/product_tag?post=41943"}],"curies":[{"name":"wp","href":"https:\/\/api.w.org\/{rel}","templated":true}]}}