{"id":41926,"date":"2024-11-18T11:53:41","date_gmt":"2024-11-18T10:53:41","guid":{"rendered":"https:\/\/grappa.no\/?post_type=product&#038;p=41926"},"modified":"2025-12-04T22:00:34","modified_gmt":"2025-12-04T21:00:34","slug":"sigurd-lie-complete-chamber-music","status":"publish","type":"product","link":"https:\/\/grappa.no\/no\/albums\/simax-classics\/sigurd-lie-complete-chamber-music\/","title":{"rendered":"Sigurd Lie &#8211; Complete Chamber Music"},"content":{"rendered":"<p><\/p>\n<p><span data-contrast=\"auto\">Sigurd Lie har lenge v\u00e6rt en glemt juvel i norsk musikkhistorie, men har de senere \u00e5rene f\u00e5tt ny oppmerksomhet, og n\u00e5 er endelig hans komplette kammermusikkverk tilgjengelig, innspilt med noen av Norges fremste musikere, Jonas B\u00e5tstrand, J\u00f8rn Fossheim, Lars Lunde, Kjell \u00c5ge Stoveland og Ariel De Wolf.<\/span><span data-ccp-props=\"{&quot;469777462&quot;:[3360],&quot;469777927&quot;:[0],&quot;469777928&quot;:[1]}\">\u00a0<\/span><\/p>\n<p>&nbsp;<\/p>\n<p><b><span data-contrast=\"auto\">Sigurd Lie<\/span><\/b><span data-contrast=\"auto\"> (1871-1904) var en norsk komponist og fiolinist f\u00f8dt inn i en musikalsk familie i Drammen, som etter kort tid flyttet til Kristiansand hvor han vokste opp. Hans far, Frederik Gill Lie, var en aktiv skikkelse i byens musikkliv og ledet kor og en vokalkvartett. Sigurd viste tidlig musikalske talenter, og fikk undervisning i fiolin og klaver. Etter realartium ved Katedralskolen i Kristiania, begynte han med universitetsstudier, men parallelt studerte han musikk ved Lindemans Musikkskole. Han valgte til slutt \u00e5 satse fullt p\u00e5 musikken og dro til Leipzig for videre studier.<\/span><span data-ccp-props=\"{}\">\u00a0<\/span><span data-contrast=\"auto\">I Leipzig studerte Sigurd komposisjon under Carl Reinecke og kontrapunkt med Wilhelm Rust, og i l\u00f8pet av studietiden komponerte han flere verk, blant annet en strykekvartett og en klaverkvintett. Etter studiene jobbet han som fiolinist i Norge og fortsatte \u00e5 komponere. Hans mest kjente verk fra denne perioden er hans Klaverkvintett, som ble godt mottatt av b\u00e5de kritikere og publikum.<\/span><span data-ccp-props=\"{}\">\u00a0<\/span><span data-contrast=\"auto\">I tillegg til \u00e5 komponere jobbet Sigurd som fiolinist og dirigent. Hans helse var imidlertid et vedvarende problem, da han led av lungetuberkulose, som stadig p\u00e5virket hans evne til \u00e5 arbeide. Tross dette komponerte han flere betydelige verk, inkludert en symfoni og en rekke sanger. Sigurd Lie d\u00f8de tidlig, bare 33 \u00e5r gammel, men hans musikk og bidrag til norsk musikkhistorie lever videre.<\/span><span data-ccp-props=\"{}\">\u00a0<\/span><\/p>\n<p>&nbsp;<\/p>\n<p><span data-contrast=\"auto\">J\u00f8rn Fossheim forteller:\u00a0<\/span><span data-ccp-props=\"{&quot;469777462&quot;:[6210],&quot;469777927&quot;:[0],&quot;469777928&quot;:[1]}\">\u00a0<\/span><\/p>\n<p style=\"text-align: left;\"><i><span data-contrast=\"auto\">&#8211; Det er gledelig at Sigurd Lies musikk ser ut til \u00e5 f\u00e5 nytt liv i v\u00e5re dager. Symfonien, flere av de andre orkesterverkene og samtlige sanger foreligger allerede p\u00e5 CD. Denne innspillingen av hans samlede kammermusikk f\u00f8yer seg til her, og det er \u00e5 h\u00e5pe at alt dette kan v\u00e6re til inspirasjon for musikere og arrang\u00f8rer til \u00e5 sette Sigurd Lies verker p\u00e5 konsertprogrammer i fremtiden.<\/span><\/i><span data-ccp-props=\"{&quot;469777462&quot;:[6210],&quot;469777927&quot;:[0],&quot;469777928&quot;:[1]}\">\u00a0<\/span><\/p>\n<p><span data-ccp-props=\"{&quot;469777462&quot;:[3360],&quot;469777927&quot;:[0],&quot;469777928&quot;:[1]}\">","protected":false},"excerpt":{"rendered":"<p>Sigurd Lie har lenge v\u00e6rt en glemt juvel i norsk musikkhistorie, men har de senere \u00e5rene f\u00e5tt ny oppmerksomhet, og n\u00e5 er endelig hans komplette kammermusikkverk tilgjengelig, innspilt med noen av Norges fremste musikere, Jonas B\u00e5tstrand, J\u00f8rn Fossheim, Lars Lunde, Kjell \u00c5ge Stoveland og Ariel De Wolf.<\/p>\n","protected":false},"featured_media":41927,"comment_status":"open","ping_status":"closed","template":"","meta":[],"product_brand":[],"product_cat":[180],"product_tag":[8087,8076],"class_list":{"0":"post-41926","1":"product","2":"type-product","3":"status-publish","4":"has-post-thumbnail","6":"product_cat-simax-classics","7":"product_tag-chamber-music","8":"product_tag-classical","9":"product_shipping_class-cddvd-shipping","10":"uni_artist_tag-ariel-de-wolf","11":"uni_artist_tag-jonas-batstrand","12":"uni_artist_tag-jorn-fossheim","13":"uni_artist_tag-kjell-age-stoveland","14":"uni_artist_tag-lars-lunde","15":"uni_artist_tag-sigurd-lie","16":"uni_main_artist_tag-jonas-batstrand","17":"uni_main_artist_tag-jorn-fossheim","18":"uni_artist_genre-chamber-music","19":"uni_artist_genre-classical","20":"uni_artist_genre-early-music","22":"first","23":"instock","24":"taxable","25":"shipping-taxable","26":"purchasable","27":"product-type-simple"},"_links":{"self":[{"href":"https:\/\/grappa.no\/no\/wp-json\/wp\/v2\/product\/41926","targetHints":{"allow":["GET"]}}],"collection":[{"href":"https:\/\/grappa.no\/no\/wp-json\/wp\/v2\/product"}],"about":[{"href":"https:\/\/grappa.no\/no\/wp-json\/wp\/v2\/types\/product"}],"replies":[{"embeddable":true,"href":"https:\/\/grappa.no\/no\/wp-json\/wp\/v2\/comments?post=41926"}],"wp:featuredmedia":[{"embeddable":true,"href":"https:\/\/grappa.no\/no\/wp-json\/wp\/v2\/media\/41927"}],"wp:attachment":[{"href":"https:\/\/grappa.no\/no\/wp-json\/wp\/v2\/media?parent=41926"}],"wp:term":[{"taxonomy":"product_brand","embeddable":true,"href":"https:\/\/grappa.no\/no\/wp-json\/wp\/v2\/product_brand?post=41926"},{"taxonomy":"product_cat","embeddable":true,"href":"https:\/\/grappa.no\/no\/wp-json\/wp\/v2\/product_cat?post=41926"},{"taxonomy":"product_tag","embeddable":true,"href":"https:\/\/grappa.no\/no\/wp-json\/wp\/v2\/product_tag?post=41926"}],"curies":[{"name":"wp","href":"https:\/\/api.w.org\/{rel}","templated":true}]}}