{"id":419,"date":"2004-02-02T00:00:00","date_gmt":"2004-02-01T23:00:00","guid":{"rendered":"http:\/\/www.grappa.no\/albums\/uncategorized\/thomas-d-a-tellefsen-chamber-works\/"},"modified":"2019-02-22T15:53:33","modified_gmt":"2019-02-22T14:53:33","slug":"thomas-d-a-tellefsen-chamber-works","status":"publish","type":"product","link":"https:\/\/grappa.no\/no\/albums\/simax-classics\/thomas-d-a-tellefsen-chamber-works\/","title":{"rendered":"Thomas D.A. Tellefsen Chamber Works"},"content":{"rendered":"<p><\/p>\n<p>En tr\u00f8nder i Paris<\/p>\n<p>Bare 19 \u00e5r gammel, rett etter debuten som konsertpianist hjemme i Trondheim, reiste Thomas til Paris for \u00e5 studere musikk. Hans store talent brakte ham raskt til de innerste kretser i musikkmetropolen, og i 1844 ble han introdusert for Fr\u00e9deric Chopin.<\/p>\n<p>At Tellefsen selv var en virtuos begavelse utenom det vanlige, trenger man bare kaste et blikk p\u00e5 klaverstemmene i hans verker for \u00e5 konstatere. Tar man med den meget interessante kombinasjonen av kontinentale og norske trekk som Tellefsens musikk inneholder, er det et navn som peker seg ut som den ideelle Tellefsen-ambassad\u00f8r i dag: Einar Steen-N\u00f8kleberg. Med seg i denne forrykende innspillingen av Tellefsens kammerverker har han cellisten \u00d8ystein Birkeland og fiolinisten Atle Sponberg. Sammen danner de en fantastisk klangbunn for det utadvendte og romantiske uttrykket til det som vil bli den absolutt st\u00f8rste gjenoppdagelsen fra Norge i 2004: Thomas Dycke Ackland Tellefsen.<\/p>\n<p><!--more--><\/p>\n<p>Bare 19 \u00e5r gammel, rett etter debuten som konsertpianist hjemme i Trondheim, reiste Thomas til Paris for \u00e5 studere musikk. Hans store talent brakte ham raskt til de innerste kretser i musikkmetropolen, og i 1844 ble han introdusert for Fr\u00e9deric Chopin.<\/p>\n<h4>Tellefsen kammermusikk for f\u00f8rste gang<\/h4>\n<p>Thomas Tellefsen etterlot seg 44 opus (p\u00e5 samme m\u00e5te som hos Chopin var klaveret representert i dem alle) og i serien Nordic Edition lanserer Simax n\u00e5 den f\u00f8rste av tre utgivelser med musikk av Tellefsen (The Chamber Works, The Piano Concertos, Walzes \u2013 Nocturnes \u2013 Mazurkas. F\u00f8rstegangsinnspillinger p\u00e5 internasjonalt niv\u00e5, selvf\u00f8lgelig, og kanskje ekstra interessant fordi Tellefsen heller ikke her hjemme er kjent i det hele tatt. Han bes\u00f8kte hjemlandet bare noen f\u00e5 ganger etter at han reiste til Paris, gjerne med egne konsertaftener i Kristiania og Trondhjem som var gjenstand for stor interesse.<\/p>\n<h4>En virtuos begavelse utenom det vanlige<\/h4>\n<p>At han selv var en virtuos begavelse utenom det vanlige, trenger man bare kaste et blikk p\u00e5 klaverstemmene i hans verker for \u00e5 konstatere. Tar man med den meget interessante kombinasjonen av kontinentale og norske trekk som Tellefsens musikk inneholder, er det et navn som peker seg ut som den ideelle Tellefsen-ambassad\u00f8r i dag: Einar Steen-N\u00f8kleberg. Store internasjonale suksesser med innspillinger av S\u00e6verud, Grieg, og n\u00e5 senest Halfdan Kjerufs komplette klavermusikk (2001 Simax) \u2013 Steen-N\u00f8kleberg bringer v\u00e5re hjemlige kulturskatter dit de h\u00f8rer hjemme; p\u00e5 aller h\u00f8yeste internasjonale niv\u00e5. Med seg i denne forrykende innspillingen av Tellefsens kammerverker har han cellisten \u00d8ystein Birkeland og fiolinisten Atle Sponberg. Sammen danner de en fantastisk klangbunn for det utadvendte og romantiske uttrykket til det som vil bli den absolutt st\u00f8rste gjenoppdagelsen fra Norge i 2004: Thomas Dycke Ackland Tellefsen.<\/p>\n<h4><\/h4>\n<\/p>\n<p><\/p>","protected":false},"excerpt":{"rendered":"<p>Tellefsens store talent brakte ham raskt til de innerste kretser i Paris, og i 1844 ble han introdusert for Fr\u00e9deric Chopin.<\/p>\n","protected":false},"featured_media":27604,"comment_status":"closed","ping_status":"open","template":"","meta":[],"product_brand":[],"product_cat":[180],"product_tag":[],"class_list":{"0":"post-419","1":"product","2":"type-product","3":"status-publish","4":"has-post-thumbnail","6":"product_cat-simax-classics","7":"product_shipping_class-cddvd-shipping","8":"uni_artist_tag-atle-sponberg","9":"uni_artist_tag-einar-steen-nokleberg","10":"uni_artist_tag-erik-gard-amundsen","11":"uni_artist_tag-oystein-birkeland","12":"uni_artist_tag-thomas-d-a-tellefsen","13":"uni_artist_genre-chamber-music","14":"uni_artist_genre-strings","15":"uni_artist_genre-world-premiere-recording","17":"first","18":"instock","19":"taxable","20":"shipping-taxable","21":"purchasable","22":"product-type-simple"},"_links":{"self":[{"href":"https:\/\/grappa.no\/no\/wp-json\/wp\/v2\/product\/419","targetHints":{"allow":["GET"]}}],"collection":[{"href":"https:\/\/grappa.no\/no\/wp-json\/wp\/v2\/product"}],"about":[{"href":"https:\/\/grappa.no\/no\/wp-json\/wp\/v2\/types\/product"}],"replies":[{"embeddable":true,"href":"https:\/\/grappa.no\/no\/wp-json\/wp\/v2\/comments?post=419"}],"wp:featuredmedia":[{"embeddable":true,"href":"https:\/\/grappa.no\/no\/wp-json\/wp\/v2\/media\/27604"}],"wp:attachment":[{"href":"https:\/\/grappa.no\/no\/wp-json\/wp\/v2\/media?parent=419"}],"wp:term":[{"taxonomy":"product_brand","embeddable":true,"href":"https:\/\/grappa.no\/no\/wp-json\/wp\/v2\/product_brand?post=419"},{"taxonomy":"product_cat","embeddable":true,"href":"https:\/\/grappa.no\/no\/wp-json\/wp\/v2\/product_cat?post=419"},{"taxonomy":"product_tag","embeddable":true,"href":"https:\/\/grappa.no\/no\/wp-json\/wp\/v2\/product_tag?post=419"}],"curies":[{"name":"wp","href":"https:\/\/api.w.org\/{rel}","templated":true}]}}