{"id":41888,"date":"2024-11-07T15:05:00","date_gmt":"2024-11-07T14:05:00","guid":{"rendered":"https:\/\/grappa.no\/?post_type=product&#038;p=41888"},"modified":"2024-11-07T15:05:04","modified_gmt":"2024-11-07T14:05:04","slug":"ye-olde-songs-middelaldermusikk-for-unge-stemmer","status":"publish","type":"product","link":"https:\/\/grappa.no\/no\/albums\/grappa\/ye-olde-songs-middelaldermusikk-for-unge-stemmer\/","title":{"rendered":"Ye Olde Songs: Middelaldermusikk for unge stemmer"},"content":{"rendered":"<p><strong><\/strong><\/p>\n<p><strong>Boltel\u00f8kka Jentekor feirer 20 \u00e5r med nytt album med middelaldermusikk!<\/strong><\/p>\n<p>Da Linn Andrea Fuglseth pr\u00f8vde \u00e5 finne kor til datteren i 2004, endte hun opp med starte eget kor. N\u00e5, 20 \u00e5r senere, er Boltel\u00f8kka Jentekor et av Norges st\u00f8rste jentekor med mange innholdsrike \u00e5r bak seg.<\/p>\n<p>P\u00e5 utgivelsen &#8220;Ye Olde Songs &#8211; Middelaldermusikk for unge stemmer&#8221;,\u00a0 synger jentene fra 1.-7.trinn p\u00e5 Boltel\u00f8kka skole musikk som er noe utypisk for et barnekor; nemlig middelaldermusikk og folkemusikk! Barna har l\u00e6rt seg \u00e5 synge p\u00e5 mange forskjellige spr\u00e5k; latin, gammel-engelsk, svensk og gammel-norsk. Det er ballader, skjemteviser, julesanger og sakral musikk fra hele Europa og som strekker seg mange \u00e5rhundrer tilbake i tid.<\/p>\n<p>Dirigent og korleder Linn Andrea har lenge v\u00e6rt begeistret for middelaldermusikk, helt siden hun var student ved Norges musikkh\u00f8gskole. S\u00e5 interessert at hun dro et \u00e5r til London og Guildhall School of Music &amp; Drama for \u00e5 fordype seg i repertoaret. Deretter to nye \u00e5r med hovedfag sang og tidligmusikk ved Norges musikkh\u00f8gskole. I 1997 startet hun Trio Medi\u00e6val, og har sunget med gruppen i snart tretti \u00e5r, med fokus p\u00e5 middelaldermusikk, folkemusikk og nyskrevet musikk. Da ble det naturlig \u00e5 introdusere barna for musikk de vanligvis ikke h\u00f8rer i det daglige. Linn Andrea forteller:<\/p>\n<p><em>&#8211; Jeg er stolt av den utviklingen koret har hatt gjennom disse tyve \u00e5rene. Vi har etablert oss som en god sosial aktivitet i nabolaget hvor vi synger sammen p\u00e5 tvers av klassetrinn, og barna f\u00e5r oppleve mestring, sangglede og f\u00e5r kulturell kapital. N\u00e5r vi n\u00e5 utgir Ye Olde Songs er det med 125 sangere, der fire av dem har v\u00e6rt med fra starten i 2004. Det er med stolthet vi lanserer dette albumet og roper hurra for jentekorets 20 \u00e5r!<\/em><\/p>\n<p>","protected":false},"excerpt":{"rendered":"<p><strong><\/strong><\/p>\n<p>Boltel\u00f8kka Jentekor feirer 20 \u00e5r med nytt album med middelaldermusikk!<\/p>\n","protected":false},"featured_media":41890,"comment_status":"open","ping_status":"closed","template":"","meta":[],"product_brand":[],"product_cat":[6],"product_tag":[8084],"class_list":{"0":"post-41888","1":"product","2":"type-product","3":"status-publish","4":"has-post-thumbnail","6":"product_cat-grappa","7":"product_tag-boltelokka-jentekor","8":"uni_artist_tag-boltelokka-jentekor","9":"uni_main_artist_tag-boltelokka-jentekor","10":"uni_artist_genre-children","11":"uni_artist_genre-childrens-music","12":"uni_artist_genre-choir","13":"uni_artist_genre-folk-music","14":"uni_artist_genre-traditional-folk-music","16":"first","17":"instock","18":"taxable","19":"shipping-taxable","20":"purchasable","21":"product-type-simple"},"_links":{"self":[{"href":"https:\/\/grappa.no\/no\/wp-json\/wp\/v2\/product\/41888","targetHints":{"allow":["GET"]}}],"collection":[{"href":"https:\/\/grappa.no\/no\/wp-json\/wp\/v2\/product"}],"about":[{"href":"https:\/\/grappa.no\/no\/wp-json\/wp\/v2\/types\/product"}],"replies":[{"embeddable":true,"href":"https:\/\/grappa.no\/no\/wp-json\/wp\/v2\/comments?post=41888"}],"wp:featuredmedia":[{"embeddable":true,"href":"https:\/\/grappa.no\/no\/wp-json\/wp\/v2\/media\/41890"}],"wp:attachment":[{"href":"https:\/\/grappa.no\/no\/wp-json\/wp\/v2\/media?parent=41888"}],"wp:term":[{"taxonomy":"product_brand","embeddable":true,"href":"https:\/\/grappa.no\/no\/wp-json\/wp\/v2\/product_brand?post=41888"},{"taxonomy":"product_cat","embeddable":true,"href":"https:\/\/grappa.no\/no\/wp-json\/wp\/v2\/product_cat?post=41888"},{"taxonomy":"product_tag","embeddable":true,"href":"https:\/\/grappa.no\/no\/wp-json\/wp\/v2\/product_tag?post=41888"}],"curies":[{"name":"wp","href":"https:\/\/api.w.org\/{rel}","templated":true}]}}