{"id":41868,"date":"2024-11-07T14:02:24","date_gmt":"2024-11-07T13:02:24","guid":{"rendered":"https:\/\/grappa.no\/?post_type=product&#038;p=41868"},"modified":"2025-01-23T22:30:27","modified_gmt":"2025-01-23T21:30:27","slug":"helgasong","status":"publish","type":"product","link":"https:\/\/grappa.no\/no\/albums\/heilo\/helgasong\/","title":{"rendered":"Helgasong"},"content":{"rendered":"<p><strong><\/strong><\/p>\n<p style=\"font-weight: 400;\"><strong>P\u00e5<\/strong><strong> &#8220;Helgasong&#8221; l\u00f8ftar Opheim fram vakre og gl\u00f8ymde julesalmar og folketonar, saman med eit stjernelag av musikarar: Irene Tillung, Mats Eilertsen, Nils \u00d8kland og Tore Brunborg.<\/strong><\/p>\n<p style=\"font-weight: 400;\">Albumet Helgasong er ei revitalisering av religi\u00f8se folketonar fr\u00e5 Voss, Hardanger, Eksingedalen og \u00d8ygarden. Jolesalmar som har vore sunge i Noreg i fleire hundre \u00e5r, her i lokale variantar og nye arrangement. Den eldre songtradisjonen ligg i bakgrunnen, ei einsleg stemme som syng for seg sj\u00f8lv, og samsong i gamle stover. Salmetekstar som har betydd mykje for mange og som difor framleis finst. &#8220;I djupaste m\u00f8rker vart himmelen kl\u00e5r&#8221;, slik byrjar andre verset p\u00e5 &#8220;No koma Guds englar med helsing i sky&#8221; av Elias Blix. Advents &#8211; og Jolesalmar som fortel oss om at ljoset vert f\u00f8dd p\u00e5 nytt kvar advent og Jol, ved Vintersolkverv n\u00e5r det er som m\u00f8rkast i nord.<\/p>\n<p style=\"font-weight: 400;\">Berit Opheim fortel:<\/p>\n<p style=\"font-weight: 400;\"><em>&#8211; Bakgrunnshistoria er eit ynskje om lyfte fram og dela lokale folketonar p\u00e5 jolesalmar som ein del av songtradisjonen i Noreg. Me har funne fleire folketonar i eldre notenedskrifter dei siste par \u00e5ra, m.a. nedskrifter av Olav Sande. Vakre melodiar som er ein fryd \u00e5 synga og ein fryd \u00e5 lyfta fram i nye arrangement.\u00a0<\/em><\/p>\n<p style=\"font-weight: 400;\">Nokre av folketonane har ikkje vore brukte p\u00e5 mange ti\u00e5r og det er difor ei ekstra stor glede \u00e5 lyfte dei fram or dvalen. Besetjinga best\u00e5r av Irene Tillung, akkordeon, Mats Eilertsen, kontrabass, Nils \u00d8kland, feler, Tore Brunborg, saxofon og Berit Opheim, vokal. Alle arrangementa er utarbeida av musikarane i fellesskap, og innspelinga vart gjort i august 2024 i Raundalskyrkja p\u00e5 Voss. Opheim held fram med \u00e5 fortelje:<\/p>\n<p style=\"font-weight: 400;\"><em>&#8211; Innspelinga var ein veldig god prosess, gode dagar og lun atmosf\u00e6re i eit rom med varm akustikk, i trekyrkja i Raundalen p\u00e5 Voss. Instrumenteringa er valt ut fr\u00e5 kva uttrykk me ynskjer i dei ulike songane, og for \u00e5 f\u00e5 variasjon p\u00e5 albumet. Arrangeringa er noks\u00e5 felles heile vegen, arrangementa er mykje improvisert fram.<\/em><\/p>\n<p style=\"font-weight: 400;\">Spelferda for Helgasong\u00a0byrjar 15.desember i \u00c5l kyrkje, deretter Kabuso, \u00d8ystese 16.12., Mariakirken, Bergen 17.12., Vangskyrkja, Voss, 18.12. og 19.12. konsert b\u00e5de i Eksingedalen kyrkje og Dale kyrkje.<\/p>\n<p style=\"font-weight: 400;\">Berit Opheim vil setje fokus p\u00e5 hovudbodskapen og avsluttar:<\/p>\n<p style=\"font-weight: 400;\"><em>&#8211; Uavhengig av kva ein trur p\u00e5, legg i tekstane, eller kva ein likar, er det mange som kjenner p\u00e5 fellesskap og samh\u00f8yrigheit n\u00e5r\u00a0 jolesalmar blir framf\u00f8rde, og n\u00e5r ein er med og syng sj\u00f8lv. Song skapar ofte eit sterkt fellesskap. Me har eit ynskje om \u00e5 formidla n\u00e6rleiken i desse salmane som har vore sv\u00e6rt viktig for mange menneske i fleire hundre \u00e5r. N\u00e6rt, s\u00e5rt, storsl\u00e5tt, glede og ljos, salmane inneheld alt dette, og &#8220;song er dobbelt b\u00f8n&#8221;.\u00a0Me h\u00e5par det kan bidra til \u00e5 finna ro og kvile i ei sv\u00e6rt uroleg verd.<\/em><\/p>\n<p>&nbsp;<\/p>\n<p>","protected":false},"excerpt":{"rendered":"<p><strong><\/strong><\/p>\n<p><strong>P\u00e5<\/strong><strong> &#8220;Helgasong&#8221; l\u00f8ftar Opheim fram vakre og gl\u00f8ymde julesalmar og folketonar, saman med eit stjernelag av musikarar: Irene Tillung, Mats Eilertsen, Nils \u00d8kland og Tore Brunborg.<\/strong><\/p>\n","protected":false},"featured_media":41869,"comment_status":"open","ping_status":"closed","template":"","meta":[],"product_brand":[],"product_cat":[35],"product_tag":[],"class_list":{"0":"post-41868","1":"product","2":"type-product","3":"status-publish","4":"has-post-thumbnail","6":"product_cat-heilo","7":"product_shipping_class-cddvd-shipping","8":"uni_artist_tag-berit-opheim","9":"uni_artist_tag-irene-tillung","10":"uni_artist_tag-mats-eilertsen","11":"uni_artist_tag-nils-okland","12":"uni_artist_tag-tore-brunborg","13":"uni_main_artist_tag-berit-opheim","14":"uni_artist_genre-folkemusikk","16":"first","17":"instock","18":"taxable","19":"shipping-taxable","20":"purchasable","21":"product-type-simple"},"_links":{"self":[{"href":"https:\/\/grappa.no\/no\/wp-json\/wp\/v2\/product\/41868","targetHints":{"allow":["GET"]}}],"collection":[{"href":"https:\/\/grappa.no\/no\/wp-json\/wp\/v2\/product"}],"about":[{"href":"https:\/\/grappa.no\/no\/wp-json\/wp\/v2\/types\/product"}],"replies":[{"embeddable":true,"href":"https:\/\/grappa.no\/no\/wp-json\/wp\/v2\/comments?post=41868"}],"wp:featuredmedia":[{"embeddable":true,"href":"https:\/\/grappa.no\/no\/wp-json\/wp\/v2\/media\/41869"}],"wp:attachment":[{"href":"https:\/\/grappa.no\/no\/wp-json\/wp\/v2\/media?parent=41868"}],"wp:term":[{"taxonomy":"product_brand","embeddable":true,"href":"https:\/\/grappa.no\/no\/wp-json\/wp\/v2\/product_brand?post=41868"},{"taxonomy":"product_cat","embeddable":true,"href":"https:\/\/grappa.no\/no\/wp-json\/wp\/v2\/product_cat?post=41868"},{"taxonomy":"product_tag","embeddable":true,"href":"https:\/\/grappa.no\/no\/wp-json\/wp\/v2\/product_tag?post=41868"}],"curies":[{"name":"wp","href":"https:\/\/api.w.org\/{rel}","templated":true}]}}