{"id":41863,"date":"2024-10-28T16:55:55","date_gmt":"2024-10-28T15:55:55","guid":{"rendered":"https:\/\/grappa.no\/?post_type=product&#038;p=41863"},"modified":"2025-08-24T15:37:46","modified_gmt":"2025-08-24T14:37:46","slug":"christmas-sessions","status":"publish","type":"product","link":"https:\/\/grappa.no\/no\/albums\/heilo\/christmas-sessions\/","title":{"rendered":"Christmas Sessions"},"content":{"rendered":"<p style=\"font-weight: 400;\"><strong><\/strong><\/p>\n<p style=\"font-weight: 400;\"><strong>Gjermund Larsen Trios &#8220;Christmas Sessions&#8221; er en varm og intim juleplate. Trioen lar melodiene f\u00e5 skinne med sterk folkemusikalsk identitet.<\/strong><\/p>\n<p style=\"font-weight: 400;\">Etter \u00e5 ha spilt egenkomponert musikk i snart 20 \u00e5r, gir Gjermund Larsen Trio n\u00e5 ut sitt f\u00f8rste julealbum. I et vakkert, folkemusikkpreget musikalsk landskap, tolker trioen kjente og kj\u00e6re julesanger p\u00e5 sin m\u00e5te.<\/p>\n<p style=\"font-weight: 400;\">Gjermund Larsen Trio, som best\u00e5r av Gjermund Larsen (fele), Andreas Utnem (tr\u00f8orgel\/piano) og Sondre Meisfjord (kontrabass), har siden sin f\u00f8rste utgivelse i 2008 h\u00f8stet lovord, jubel og en rekke priser, herunder b\u00e5de Spellemannpris (2008), German phonographic critics award (2015) og TONOs komponistpris (2016).<\/p>\n<p style=\"font-weight: 400;\">Trioen har lenge hatt et \u00f8nske om \u00e5 lage julealbum, men har ikke hatt tid til \u00e5 realisere prosjektet f\u00f8r n\u00e5. Da Gjermund Larsen Trio spilte med Det Norske Solistkor p\u00e5 deres julealbum \u00abVeni &#8211; songs of Christmas II\u00bb i 2022, ga det mersmak og ekstra motivasjon til \u00e5 sette i gang med eget juleprosjekt.<\/p>\n<p style=\"font-weight: 400;\">Denne h\u00f8sten, med kun tre innspillingsdager til r\u00e5dighet, gikk trioen i Amper Tone studio. Prosessen ble inspirerende, intens og konstruktiv. Gjermund Larsen forteller:<\/p>\n<p style=\"font-weight: 400;\"><em>&#8211; Vi hadde skisser, ideer og tanker om hvordan vi \u00f8nsket \u00e5 forme musikken, men den fikk sin endelige form og fasong i l\u00f8pet av tre intense studio-dager. Det er b\u00e5de skummelt og spennende \u00e5 skulle gi ut musikk som alle kjenner og har et sterkt forhold til. Vi har plukket ut den julemusikken vi liker best, og gitt den v\u00e5r signatur. \u00c5 gi ut julemusikk n\u00e5 f\u00f8les ogs\u00e5 riktig av andre grunner enn den rent musikalske. Flere av julesangene har et sterkt budskap om fred, noe som dessverre er ekstra viktig i disse tider!<\/em><\/p>\n<p style=\"font-weight: 400;\">Med tr\u00f8orgel p\u00e5 alle l\u00e5tene, skaper de varm og vakker julestemning. De intime arrangementene er noe som passer godt til repertoaret, og gj\u00f8r det hele lite tilgjort og j\u00e5lete. Gjermund fortsetter:<\/p>\n<p style=\"font-weight: 400;\"><em>&#8211; Vi tror denne utgivelsen vil v\u00e6re et viktig bidrag i den stadig voksende jungelen av julealbum. Albumet er instrumentalt, og arrangementene er originale og uj\u00e5lete. Vi spiller med en sterk folkemusikalsk identitet, som vi tror mange vil kjenne seg igjen i. Julemusikken er p\u00e5 mange m\u00e5ter alle sin folkemusikk i dag.<\/em><\/p>\n<p>","protected":false},"excerpt":{"rendered":"<p style=\"font-weight: 400;\"><strong><\/strong><\/p>\n<p style=\"font-weight: 400;\"><strong>Gjermund Larsen Trios &#8220;Christmas Sessions&#8221; er en varm og intim juleplate. Trioen lar melodiene f\u00e5 skinne med sterk folkemusikalsk identitet.<\/strong><\/p>\n","protected":false},"featured_media":41864,"comment_status":"open","ping_status":"closed","template":"","meta":[],"product_brand":[],"product_cat":[35],"product_tag":[7905],"class_list":{"0":"post-41863","1":"product","2":"type-product","3":"status-publish","4":"has-post-thumbnail","6":"product_cat-heilo","7":"product_tag-gjermund-larsen-trio","8":"uni_artist_tag-gjermund-larsen-trio","9":"uni_main_artist_tag-gjermund-larsen-trio","10":"uni_artist_genre-folkemusikk","12":"first","13":"instock","14":"taxable","15":"shipping-taxable","16":"purchasable","17":"product-type-simple"},"_links":{"self":[{"href":"https:\/\/grappa.no\/no\/wp-json\/wp\/v2\/product\/41863","targetHints":{"allow":["GET"]}}],"collection":[{"href":"https:\/\/grappa.no\/no\/wp-json\/wp\/v2\/product"}],"about":[{"href":"https:\/\/grappa.no\/no\/wp-json\/wp\/v2\/types\/product"}],"replies":[{"embeddable":true,"href":"https:\/\/grappa.no\/no\/wp-json\/wp\/v2\/comments?post=41863"}],"wp:featuredmedia":[{"embeddable":true,"href":"https:\/\/grappa.no\/no\/wp-json\/wp\/v2\/media\/41864"}],"wp:attachment":[{"href":"https:\/\/grappa.no\/no\/wp-json\/wp\/v2\/media?parent=41863"}],"wp:term":[{"taxonomy":"product_brand","embeddable":true,"href":"https:\/\/grappa.no\/no\/wp-json\/wp\/v2\/product_brand?post=41863"},{"taxonomy":"product_cat","embeddable":true,"href":"https:\/\/grappa.no\/no\/wp-json\/wp\/v2\/product_cat?post=41863"},{"taxonomy":"product_tag","embeddable":true,"href":"https:\/\/grappa.no\/no\/wp-json\/wp\/v2\/product_tag?post=41863"}],"curies":[{"name":"wp","href":"https:\/\/api.w.org\/{rel}","templated":true}]}}