{"id":41861,"date":"2024-10-28T16:29:27","date_gmt":"2024-10-28T15:29:27","guid":{"rendered":"https:\/\/grappa.no\/?post_type=product&#038;p=41861"},"modified":"2025-02-10T22:09:48","modified_gmt":"2025-02-10T21:09:48","slug":"juletide-julesanger-av-norske-1600-tallsdiktere","status":"publish","type":"product","link":"https:\/\/grappa.no\/no\/albums\/simax-classics\/juletide-julesanger-av-norske-1600-tallsdiktere\/","title":{"rendered":"JULETIDE &#8211; julesanger av norske 1600-tallsdiktere"},"content":{"rendered":"<p><\/p>\n<p style=\"font-weight: 400;\"><strong>Barokk Boreal bringer fram i lyset gjemte og glemte juleskatter av 1600-tallsdiktere fra rundt omkring i Norge. &#8220;JULETIDE&#8221; inneholder en fascinerende rekke vidunderlige og underfulle julesanger om vinter, engler, stjerner, julenatt, m\u00e5neskinn, stall, krybbe, solhovs-fiske og fred p\u00e5 jorden<\/strong>.<\/p>\n<p>&nbsp;<\/p>\n<p style=\"font-weight: 400;\">Sangdikterne Barokk Boreal har tatt med p\u00e5 albumet er Iver Brinch, Ingeborg Grytten, Samuel Bruun, Johan Brunsmand, Samuel Bugge, Oluff Lind, Peder Offvid, Petter Dass og Dorothe Engelbretsdatter. De var sm\u00e5 og store kjemper i samtida si, som fikk trykt sangene sine og sendt dem ut i verden.<\/p>\n<p style=\"font-weight: 400;\">Til hver sang st\u00e5r det som oftest noe s\u00e5nt som \u00abSiungis som: Et lidet Barn saa lystelig\u00bb. Dikterne diktet til melodier de selv hadde inne og som de visste leseren kunne. Disse melodiene har Barokk Boreal lett etter og funnet \u2013 b\u00e5de i folkelig overlevering og i skriftlige kilder fra 1600-tallet \u2013 samme melodistoff fra to ulike kildelag.<\/p>\n<p style=\"font-weight: 400;\">P\u00e5 Barokk Boreal-vis presenteres hver av julesangene som musikalske bildespill, der melodistoffet etter folkelig ut\u00f8vertradisjon og etter 1600-tallets skriftlige kilder koples, flettes og veves p\u00e5 ulike m\u00e5ter. Begge kildelag er variasjonsrike, og Barokk Boreal dyrker flerfoldigheten, der alle \u00abbarna\u00bb i hver av melodifamiliene er like originale og like verdifulle. Cathrine synger etter skriftlig barokke kilder, \u00d8yonn etter folkelig overlevering, og Vegar og Ulrik spiller med i begge tradisjoner.<\/p>\n<p style=\"font-weight: 400;\">Produsent denne gang er tidligmusikk-nestoren Rolf Lislevand.<\/p>\n<p style=\"font-weight: 400;\">\u201cJulemusikk og julesanger er noe av det fineste som finnes. \u201cHer og n\u00e5\u201d og svunnen tid vevd sammen. Gamle ukjente sanger, og nye variasjoner over noe kjent.<\/p>\n<p style=\"font-weight: 400;\">Cathrine Jane Bothner-By forteller:<\/p>\n<p style=\"font-weight: 400;\"><em>\u201cSiden vi begynte med julekonserter i 2015, har det \u00e5penbart seg stadig &#8220;nye&#8221; norske 1600-talls jule- og nytt\u00e5rsanger. Vi visste at vi ville treffe p\u00e5 helt vidunderlige juletekster og melodier i dette materialet. Men det er likevel som \u00e5 finne gull hver eneste gang. Og s\u00e5 kommer det spennende arbeidet med \u00e5 legge opp arrangement, forf\u00f8lge stemninger, finne forskjellige m\u00e5ter \u00e5 bruke oss fire i Barokk Boreal, pr\u00f8ve \u00e5 f\u00e5 det fine og frodige fram i lyset.\u00a0<\/em><\/p>\n<p style=\"font-weight: 400;\"><em>\u00a0<\/em><\/p>\n<p style=\"font-weight: 400;\"><em>Vi er s\u00e5 glade for at vi har f\u00e5tt til denne innspillinga, s\u00e5 flere kan f\u00e5 ta del i denne skatten. Har er b\u00e5de stemning og fortelling, undring og underfundig humor, og h\u00e5p om fred p\u00e5 jorden.\u201d<\/em><\/p>\n<p>","protected":false},"excerpt":{"rendered":"<p style=\"font-weight: 400;\"><strong>Barokk Boreal bringer fram i lyset gjemte og glemte juleskatter av 1600-tallsdiktere fra rundt omkring i Norge. &#8220;JULETIDE&#8221; inneholder en fascinerende rekke vidunderlige og underfulle julesanger om vinter, engler, stjerner, julenatt, m\u00e5neskinn, stall, krybbe, solhovs-fiske og fred p\u00e5 jorden<\/strong>.<\/p>\n","protected":false},"featured_media":41862,"comment_status":"open","ping_status":"closed","template":"","meta":[],"product_brand":[],"product_cat":[180],"product_tag":[8082],"class_list":{"0":"post-41861","1":"product","2":"type-product","3":"status-publish","4":"has-post-thumbnail","6":"product_cat-simax-classics","7":"product_tag-barokk-boreal","8":"product_shipping_class-cddvd-shipping","9":"uni_artist_tag-barokk-boreal","10":"uni_main_artist_tag-barokk-boreal","11":"uni_artist_genre-klassisk","13":"first","14":"instock","15":"taxable","16":"shipping-taxable","17":"purchasable","18":"product-type-simple"},"_links":{"self":[{"href":"https:\/\/grappa.no\/no\/wp-json\/wp\/v2\/product\/41861","targetHints":{"allow":["GET"]}}],"collection":[{"href":"https:\/\/grappa.no\/no\/wp-json\/wp\/v2\/product"}],"about":[{"href":"https:\/\/grappa.no\/no\/wp-json\/wp\/v2\/types\/product"}],"replies":[{"embeddable":true,"href":"https:\/\/grappa.no\/no\/wp-json\/wp\/v2\/comments?post=41861"}],"wp:featuredmedia":[{"embeddable":true,"href":"https:\/\/grappa.no\/no\/wp-json\/wp\/v2\/media\/41862"}],"wp:attachment":[{"href":"https:\/\/grappa.no\/no\/wp-json\/wp\/v2\/media?parent=41861"}],"wp:term":[{"taxonomy":"product_brand","embeddable":true,"href":"https:\/\/grappa.no\/no\/wp-json\/wp\/v2\/product_brand?post=41861"},{"taxonomy":"product_cat","embeddable":true,"href":"https:\/\/grappa.no\/no\/wp-json\/wp\/v2\/product_cat?post=41861"},{"taxonomy":"product_tag","embeddable":true,"href":"https:\/\/grappa.no\/no\/wp-json\/wp\/v2\/product_tag?post=41861"}],"curies":[{"name":"wp","href":"https:\/\/api.w.org\/{rel}","templated":true}]}}