{"id":418,"date":"2001-04-30T00:00:00","date_gmt":"2001-04-29T23:00:00","guid":{"rendered":"http:\/\/www.grappa.no\/albums\/uncategorized\/fruhlingslied\/"},"modified":"2019-02-22T15:53:29","modified_gmt":"2019-02-22T14:53:29","slug":"fruhlingslied","status":"publish","type":"product","link":"https:\/\/grappa.no\/no\/albums\/simax-classics\/fruhlingslied\/","title":{"rendered":"Fr\u00fchlingslied"},"content":{"rendered":"<p><\/p>\n<p>V\u00e5rsang!<\/p>\n<p>Simax Classics hilser v\u00e5ren velkommen med et utvalg klaverstykker av Halfdan Kjerulf, hentet fra den f\u00f8rste komplette innspillingen av disse verkene, som ogs\u00e5 lanseres i disse dager.<\/p>\n<p>Det er Einar Steen-N\u00f8kleberg som presenterer disse perlene, med tolkninger og utf\u00f8relse som virkelig er Kjerulfs musikk til heder. Komponisten tegner sine melodier og harmonier med lett penn og slanke konturer. Han fargelegger som en Peder Balke, de underliggende dramaene er skildret som hos Wergeland. Som s\u00e5dan er hans musikk et tonemaleri uten sidestykke; sangbar, myk og dr\u00f8mmende.<\/p>\n<p>Her finnes kjenninger som Fr\u00fchlingslied og Idyl i A-dur, samt komponistens egne klaverversjoner av sangene Vaarnatt og Lengsels Vee. Men h\u00f8r ogs\u00e5 om ikke Kjerulf har noe \u00e5 bidra med i sine varianter av sanger vi alle kjenner: Astri, mi Astri, Kjerringa med staven og P\u00e5l p\u00e5 Haugen! Musikken er skrevet i tiden da den norske nasjonal-\u00e5nden var i st\u00f8peskjeen, og fra sitt urbane milj\u00f8 klarer Kjerulf \u00e5 bringe inn den nasjonale tone som blir kjennetegnet for den nye nasjon. Historien videre kjenner vi, med Grieg, Svendsen og Halvorsen. Men var det kanskje med Halfdan Kjerulf det hele begynte?<\/p>\n<p><!--more--><\/p>\n<h4><\/h4>\n<\/p>\n<h4><\/h4>\n<p><h4><\/h4>\n<\/p>\n<p><\/p>","protected":false},"excerpt":{"rendered":"<p>Det er Einar Steen-N\u00f8kleberg som presenterer disse perlene, med tolkninger og utf\u00f8relse som virkelig er Kjerulfs musikk til heder.<\/p>\n","protected":false},"featured_media":27603,"comment_status":"closed","ping_status":"open","template":"","meta":[],"product_brand":[],"product_cat":[180],"product_tag":[],"class_list":{"0":"post-418","1":"product","2":"type-product","3":"status-publish","4":"has-post-thumbnail","6":"product_cat-simax-classics","7":"product_shipping_class-cddvd-shipping","8":"uni_artist_tag-einar-steen-nokleberg","9":"uni_artist_tag-erik-gard-amundsen","10":"uni_artist_tag-halfdan-kjerulf","11":"uni_main_artist_tag-einar-steen-nokleberg","12":"uni_artist_genre-collection","13":"uni_artist_genre-easy-listening","14":"uni_artist_genre-norwegian","15":"uni_artist_genre-piano","17":"first","18":"instock","19":"taxable","20":"shipping-taxable","21":"purchasable","22":"product-type-simple"},"_links":{"self":[{"href":"https:\/\/grappa.no\/no\/wp-json\/wp\/v2\/product\/418","targetHints":{"allow":["GET"]}}],"collection":[{"href":"https:\/\/grappa.no\/no\/wp-json\/wp\/v2\/product"}],"about":[{"href":"https:\/\/grappa.no\/no\/wp-json\/wp\/v2\/types\/product"}],"replies":[{"embeddable":true,"href":"https:\/\/grappa.no\/no\/wp-json\/wp\/v2\/comments?post=418"}],"wp:featuredmedia":[{"embeddable":true,"href":"https:\/\/grappa.no\/no\/wp-json\/wp\/v2\/media\/27603"}],"wp:attachment":[{"href":"https:\/\/grappa.no\/no\/wp-json\/wp\/v2\/media?parent=418"}],"wp:term":[{"taxonomy":"product_brand","embeddable":true,"href":"https:\/\/grappa.no\/no\/wp-json\/wp\/v2\/product_brand?post=418"},{"taxonomy":"product_cat","embeddable":true,"href":"https:\/\/grappa.no\/no\/wp-json\/wp\/v2\/product_cat?post=418"},{"taxonomy":"product_tag","embeddable":true,"href":"https:\/\/grappa.no\/no\/wp-json\/wp\/v2\/product_tag?post=418"}],"curies":[{"name":"wp","href":"https:\/\/api.w.org\/{rel}","templated":true}]}}