{"id":41792,"date":"2024-10-14T13:37:46","date_gmt":"2024-10-14T12:37:46","guid":{"rendered":"https:\/\/grappa.no\/?post_type=product&#038;p=41792"},"modified":"2024-10-14T13:37:46","modified_gmt":"2024-10-14T12:37:46","slug":"motorvei-til-manen","status":"publish","type":"product","link":"https:\/\/grappa.no\/no\/albums\/blue-mood-records\/motorvei-til-manen\/","title":{"rendered":"Motorvei til m\u00e5nen"},"content":{"rendered":"<p><\/p>\n<p style=\"font-weight: 400;\">The Contenders er tilbake!<\/p>\n<p style=\"font-weight: 400;\">The Contenders ble dannet i 1988 og fikk sin fullverdige besetning av opprinnelige Sol\u00f8r-karer i 1990. De startet opp som husband p\u00e5 legendariske Cruise Caf\u00e9 i Oslo \u2013 inspirert av tidens americana- og roots-b\u00f8lge og som en norsk variant av NRBQ, Sir Douglas Quintet, the Fabulous Thunderbirds, Los Lobos, Dr. Feelgood og Rockpile. Repertoaret var en blanding av \u201cAmerican Southern music\u201d; New Orleans-rhythm &amp; blues, Texas-blues og honky-tonk country-rock \u2013 f\u00f8rst kjente og ukjente coverl\u00e5ter, men med stadig flere egenskrevne sanger.<\/p>\n<p style=\"font-weight: 400;\">I 2024 gj\u00f8r bandet album-comeback og slipper \u00abMotorvei til m\u00e5nen\u00bb p\u00e5 vinyl.\u00a0Albumet har 12 l\u00e5ter, 9 skrevet av br\u00f8drene Stein og Bj\u00f8rn Kulseth, samt en norsk versjon av Nick Lowes klassiske \u201c(What\u2019s so Funny \u2018bout) Peace, Love &amp; Understanding\u00bb og Texas-legenden Doug Sahms \u00abDynamite Woman\u00bb. Spilt inn i Kitchen Studio hos produsent Kim Edvard Bergseth (Amund Maarud, Bill Troiani, Malin Pettersen, Adam Douglas m. fl).<\/p>\n<p>","protected":false},"excerpt":{"rendered":"<p>30 \u00e5r etter forrige album er The Contenders endelig tilbake med nytt album!<\/p>\n","protected":false},"featured_media":41793,"comment_status":"open","ping_status":"closed","template":"","meta":[],"product_brand":[],"product_cat":[51],"product_tag":[],"class_list":{"0":"post-41792","1":"product","2":"type-product","3":"status-publish","4":"has-post-thumbnail","6":"product_cat-blue-mood-records","7":"product_shipping_class-vinyl-shipping","8":"uni_artist_tag-the-contenders","9":"uni_main_artist_tag-the-contenders","10":"uni_artist_genre-americana","12":"first","13":"instock","14":"taxable","15":"shipping-taxable","16":"purchasable","17":"product-type-simple"},"_links":{"self":[{"href":"https:\/\/grappa.no\/no\/wp-json\/wp\/v2\/product\/41792","targetHints":{"allow":["GET"]}}],"collection":[{"href":"https:\/\/grappa.no\/no\/wp-json\/wp\/v2\/product"}],"about":[{"href":"https:\/\/grappa.no\/no\/wp-json\/wp\/v2\/types\/product"}],"replies":[{"embeddable":true,"href":"https:\/\/grappa.no\/no\/wp-json\/wp\/v2\/comments?post=41792"}],"wp:featuredmedia":[{"embeddable":true,"href":"https:\/\/grappa.no\/no\/wp-json\/wp\/v2\/media\/41793"}],"wp:attachment":[{"href":"https:\/\/grappa.no\/no\/wp-json\/wp\/v2\/media?parent=41792"}],"wp:term":[{"taxonomy":"product_brand","embeddable":true,"href":"https:\/\/grappa.no\/no\/wp-json\/wp\/v2\/product_brand?post=41792"},{"taxonomy":"product_cat","embeddable":true,"href":"https:\/\/grappa.no\/no\/wp-json\/wp\/v2\/product_cat?post=41792"},{"taxonomy":"product_tag","embeddable":true,"href":"https:\/\/grappa.no\/no\/wp-json\/wp\/v2\/product_tag?post=41792"}],"curies":[{"name":"wp","href":"https:\/\/api.w.org\/{rel}","templated":true}]}}