{"id":41756,"date":"2024-10-07T09:44:13","date_gmt":"2024-10-07T08:44:13","guid":{"rendered":"https:\/\/grappa.no\/?post_type=product&#038;p=41756"},"modified":"2025-06-04T13:50:32","modified_gmt":"2025-06-04T12:50:32","slug":"unravel-tradition","status":"publish","type":"product","link":"https:\/\/grappa.no\/no\/albums\/simax-classics\/unravel-tradition\/","title":{"rendered":"Unravel Tradition"},"content":{"rendered":"<p><br \/>\nDen anerkjente norske mezzosopranen Tone Kummervold, som har oppn\u00e5dd stor suksess b\u00e5de nasjonalt og internasjonalt, slipper n\u00e5 sitt etterlengtede debutalbum Unravel Tradition p\u00e5 Simax. Kummervold, kjent for sine enest\u00e5ende prestasjoner ved Den Norske Opera og Ballett, samarbeider med Oslo-Filharmonien og sine internasjonale opptredener, som hennes konsert med Orchestre Philharmonique de Radio France og roller ved Statsoperaen i Praha, presenterer et album som viser flere sider av hennes kunstneriske talent. Med seg p\u00e5 albumet har hun blant annet Vertavokvartetten p\u00e5 en verdenspremiereinnspilling av sangsyklusen \u00abIndian Love Songs\u00bb, skrevet spesielt for henne.<\/p>\n<p>Et av albumets h\u00f8ydepunkter er \u00abIndian Love Songs\u00bb, en nykomponert sangsyklus av den norske komponisten Eva Holm Foosn\u00e6s. Satt til poesi av den indiske poeten og politiske aktivisten Sarojini Naidu (1879-1949), er dette verket en musikalsk hyllest til Naidu. Med komponistens egne ord: \u00abDette verket er en musikalsk hyllest til Sarojini Naidu. Det har som m\u00e5l \u00e5 reflektere tekstens fargerike og sangbare natur, samtidig som det inkorporerer elementer fra en mer tradisjonell lied-form.\u00bb<\/p>\n<p>En annen betydningsfull komposisjon p\u00e5 albumet er Angela\u2019s Confessional, en arie fra operaen The Listeners, skrevet av den Grammy-nominerte komponisten Missy Mazzoli og librettisten Royce Vavrek. Arien ble til i et kreativt rush bare tre uker f\u00f8r operaens verdenspremiere ved Den Norske Opera og Ballett i 2022, skreddersydd for Kummervolds stemme. Dette verket, sammen med albumets \u00f8vrige utvalg, vever et levende teppe av klassisk vokalmusikk og viser Tones engasjement for \u00e5 utforske og eksperimentere innenfor et dynamisk musikalsk landskap.<\/p>\n<p>Elizabeth Norberg-Schulz, en av Kummervolds tidligere mentorer, beskriver albumet slik:<\/p>\n<p>\u00abDet som virkelig gj\u00f8r dette albumet bemerkelsesverdig, er Tones tolkning. Hun g\u00e5r dypt inn i hver komponist og fremhever meningen bak deres komposisjoner og poesi. Med sin varme mezzosopran og en enest\u00e5ende stil, basert p\u00e5 den italienske bel canto-tradisjonen, flyter hun gjennom musikken og ber\u00f8rer lytternes sjel og hjerte med sin fantastiske teknikk og sjelfulle innlevelse. Jeg er overbevist om at dette albumet vil bringe stor glede og \u00e5pne for nye musikalske opplevelser for alle som h\u00f8rer det.\u00bb<\/p>\n<p>Librettisten Royce Vavrek roser ogs\u00e5 Kummervold:<\/p>\n<p>\u00abN\u00e5r Tone synger, f\u00f8les det som om jeg h\u00f8rer sannheten. Hennes \u00e6rlighet i \u00e5 formidle gjennom sang er tydelig. Hun er utrolig allsidig og navigerer s\u00f8ml\u00f8st mellom det klassiske repertoaret og det moderne arbeidet jeg og mine samarbeidspartnere har skapt. Hun er en verdensklasseartist og et enda mer bemerkelsesverdig menneske. Jeg er begeistret over at verden n\u00e5 f\u00e5r muligheten til \u00e5 oppleve Tones enest\u00e5ende kvaliteter gjennom denne innspillingen. Albumet er et vitnesbyrd om en musiker p\u00e5 h\u00f8yden av sitt talent, og det gir meg glede \u00e5 tenke p\u00e5 alle melodiene hennes fremtid kan bringe.\u00bb<\/p>\n<p>Om Tone Kummervold: Tone Kummervold har en bemerkelsesverdig karriere, som begynte med musikalske studier ved NTNU i Trondheim og fortsatte ved Universitetet i Stavanger, der hun studerte under Elizabeth Norberg-Schulz. Hun fullf\u00f8rte sine studier ved Conservatorio L. Refice i Italia, hvor hun spesialiserte seg under Rossini-eksperten Agata Bienkowska. Siden hennes profesjonelle debut p\u00e5 Den Norske Opera i 2009, har Kummervold sunget ledende roller i en rekke operaproduksjoner, inkludert tittelrollene i Carmen og La Cenerentola, og karakterer som Ulrica i Un Ballo in Maschera og Baba the Turk i The Rake\u2019s Progress.<\/p>\n<p>Med sitt debutalbum Unraveling Tradition \u00f8nsker Tone Kummervold \u00e5 gi lytterne en dypere innsikt i hennes musikalske reise og kunstneriske utforskning. Albumet er tilgjengelig p\u00e5 CD og alle str\u00f8mmetjenester fra 15.11.2024.<\/p>\n<p>","protected":false},"excerpt":{"rendered":"<p><span lang=\"NO-BOK\">Den anerkjente norske mezzosopranen Tone Kummervold, som har oppn\u00e5dd stor suksess b\u00e5de nasjonalt og internasjonalt, slipper n\u00e5 sitt etterlengtede debutalbum Unravel Tradition p\u00e5 Simax. Kummervold, kjent for sine enest\u00e5ende prestasjoner ved Den Norske Opera og Ballett, samarbeider med Oslo-Filharmonien og sine internasjonale opptredener, som hennes konsert med Orchestre Philharmonique de Radio France og roller ved Statsoperaen i Praha, presenterer et album som viser flere sider av hennes kunstneriske talent. Med seg p\u00e5 albumet har hun blant annet Vertavokvartetten p\u00e5 en verdenspremiereinnspilling av sangsyklusen \u00abIndian Love Songs\u00bb, skrevet spesielt for henne.<\/span><\/p>\n<p class=\"Brdtekst\">\n","protected":false},"featured_media":41757,"comment_status":"open","ping_status":"closed","template":"","meta":[],"product_brand":[],"product_cat":[180],"product_tag":[8076,8077,8075],"class_list":{"0":"post-41756","1":"product","2":"type-product","3":"status-publish","4":"has-post-thumbnail","6":"product_cat-simax-classics","7":"product_tag-classical","8":"product_tag-klassisk","9":"product_tag-opera","10":"product_shipping_class-cddvd-shipping","11":"uni_artist_tag-tone-kummervold","12":"uni_artist_tag-vertavo-string-quartet","13":"uni_main_artist_tag-tone-kummervold","14":"uni_artist_genre-classical","15":"uni_artist_genre-opera","16":"uni_artist_genre-vocal-music","18":"first","19":"instock","20":"taxable","21":"shipping-taxable","22":"purchasable","23":"product-type-simple"},"_links":{"self":[{"href":"https:\/\/grappa.no\/no\/wp-json\/wp\/v2\/product\/41756","targetHints":{"allow":["GET"]}}],"collection":[{"href":"https:\/\/grappa.no\/no\/wp-json\/wp\/v2\/product"}],"about":[{"href":"https:\/\/grappa.no\/no\/wp-json\/wp\/v2\/types\/product"}],"replies":[{"embeddable":true,"href":"https:\/\/grappa.no\/no\/wp-json\/wp\/v2\/comments?post=41756"}],"wp:featuredmedia":[{"embeddable":true,"href":"https:\/\/grappa.no\/no\/wp-json\/wp\/v2\/media\/41757"}],"wp:attachment":[{"href":"https:\/\/grappa.no\/no\/wp-json\/wp\/v2\/media?parent=41756"}],"wp:term":[{"taxonomy":"product_brand","embeddable":true,"href":"https:\/\/grappa.no\/no\/wp-json\/wp\/v2\/product_brand?post=41756"},{"taxonomy":"product_cat","embeddable":true,"href":"https:\/\/grappa.no\/no\/wp-json\/wp\/v2\/product_cat?post=41756"},{"taxonomy":"product_tag","embeddable":true,"href":"https:\/\/grappa.no\/no\/wp-json\/wp\/v2\/product_tag?post=41756"}],"curies":[{"name":"wp","href":"https:\/\/api.w.org\/{rel}","templated":true}]}}