{"id":41724,"date":"2024-09-24T14:35:03","date_gmt":"2024-09-24T13:35:03","guid":{"rendered":"https:\/\/grappa.no\/?post_type=product&#038;p=41724"},"modified":"2025-04-25T21:47:11","modified_gmt":"2025-04-25T20:47:11","slug":"ville-veier","status":"publish","type":"product","link":"https:\/\/grappa.no\/no\/albums\/heilo\/ville-veier\/","title":{"rendered":"Ville Veier"},"content":{"rendered":"<p><\/p>\n<p style=\"font-weight: 400;\"><strong>Med hardingfele, elgitar og kontrabass presenterer Erlend Viken Trio folkemusikk med et egenartet lydbilde; basert p<\/strong><strong>\u00e5 <\/strong><strong>norsk trad, og med inspirasjon fra improvisasjonsmusikk, rock og <\/strong><strong>\u00f8<\/strong><strong>rkenblues. Trioen har spilt konserter i store deler av Europa, og har gjennom sine energiske live-opptredener skaffet seg mange fans p<\/strong><strong>\u00e5 <\/strong><strong>tvers av sjangergrensene. Forrige plate, <\/strong><strong>\u201c<\/strong><strong>Fete sl<\/strong><strong>\u00e5<\/strong><strong>tta<\/strong><strong>\u201d <\/strong><strong>(nominert til spellemannprisen i 2023), bestod kun av tradl<\/strong><strong>\u00e5<\/strong><strong>ter. <\/strong><strong>Dette plateprosjektet inspirerte Erlend, og ga ham nye id\u00e9er til hvordan han kan komponere musikk for trioen. Det har resultert i albumet <\/strong><strong>\u201c<\/strong><strong>Ville Veier<\/strong><strong>\u201d <\/strong><strong>som inneholder 7 nykomposisjoner og 2 tradl\u00e5ter. <\/strong><\/p>\n<p style=\"font-weight: 400;\">Komposisjonene til \u00a8Ville veier\u00a8 er i st\u00f8rre grad et ensemblearbeid enn tidligere. Erlend har tidligere v\u00e6rt opptatt av at det skal v\u00e6re gjennomkomponerte melodier og s\u00e5 detaljrikt som mulig, men i et band der improvisasjon er en stor del av uttrykket, kan det virke mot sin hensikt \u00e5 legge opp hele den melodiske l\u00f8ypa.<\/p>\n<p style=\"font-weight: 400;\">Sondre Meisfjord har bidratt med en l\u00e5t, Roadsterbassgangarhalling, og l\u00e5ta B\u00f8gata blues er en samkomposisjon mellom trioen og produsent Olav Torget. Sporet Road from Glasgow kom til etter at trioen spilte p\u00e5 festivalen Celtic Connections i Glasgow. Som festivalnavnet tilsier s\u00e5 er det mye keltisk musikk p\u00e5 denne festivalen, mye drivende hurtig musikk. Erlend inns\u00e5 da at trioen ikke hadde noen ordentlig kjappe l\u00e5ter \u00e5 stille opp med, og da han kom hjem fra Glasgow tok han fatt p\u00e5 \u00e5 skrive denne l\u00e5ta. Mingus Lullaby er en vuggesang til hundevalpen Mingus som var med p\u00e5 flere trio\u00f8vinger. &#8211; \u201c<em>Det var veldig sjarmerende \u00e5 ha en liten valp fresende rundt p\u00e5 \u00f8<\/em><em>ving, men ogs<\/em><em>\u00e5 litt irriterende da den begynte \u00e5 tygge p\u00e5 alt den fant, som feks Marius sin gitarkabel. Men s\u00e5 fort vi begynte \u00e5 spille fant den roen og la seg til \u00e5 <\/em><em>sove, og s\u00e6rlig denne l\u00e5<\/em><em>ta hadde en beroligende effekt p\u00e5 <\/em><em>Mingus\u201d <\/em>forteller Erlend<em>.<\/em><\/p>\n<p style=\"font-weight: 400;\">En av utfordringene som engasjerer Erlend mest er \u00e5 finne plass til uttrykk fra samtiden, og bidra til at de blir en naturlig del av en levende sl\u00e5ttespilltradisjon. For det er p\u00e5 ingen m\u00e5te et tradisjonelt lydbilde denne trioen s\u00f8ker. Musikernes sjangerbredde, lekenhet og utforskningstrang gj\u00f8r at musikken blir tatt med p\u00e5 nye reiser fra gang til gang. Utfra dette skapes den unike bandsounden, hvor trioen fortsetter sin utforskning av m\u00f8tet mellom det faste melodimaterialet og frie rom i musikken. Produsent Olav Torget har bred erfaring fra ulike sjangre, og har v\u00e6rt delaktig i arrangering og utforming av musikken. P\u00e5 flere av sporene bidrar han ogs\u00e5 som musiker, med det afrikanske instrumentet konting (n\u2019goni).<\/p>\n<p style=\"font-weight: 400;\">Med seg p\u00e5 albumet har de ogs\u00e5 f\u00e5tt stjerneskuddet Synn\u00f8ve Br\u00f8ndbo Plassen p\u00e5 vokal.<\/p>\n<ul>\n<li><em>Synn\u00f8ve Br\u00f8ndbo plassen kom i studio en dag og var med p\u00e5 to l\u00e5ter. Det er veldig g\u00f8y og inspirerende \u00e5 jobbe med Synn\u00f8ve. I tillegg til \u00e5 ha overskudd i tradisjonsmusikken, er hun s\u00f8kende og nysgjerrig p\u00e5 andre retninger.<\/em><\/li>\n<\/ul>\n<p style=\"font-weight: 400;\"><strong>\u00a0<\/strong><\/p>\n<p style=\"font-weight: 400;\">Videre forteller Erlend om albumet:<\/p>\n<ul>\n<li><em>Ville veier er en videref\u00f8ring av v\u00e5re musikalske utforskinger sammen som trio. De som har h\u00f8rt p\u00e5 tidligere plater med trioen vil kjenne igjen lydbildet, men de vil ogs\u00e5 forh\u00e5pentligvis h\u00f8re nye nyanser b\u00e5de i l\u00e5tmaterialet, arrangementer og i instrumenteringen.<\/em><\/li>\n<\/ul>\n<p>&nbsp;<\/p>\n<p>","protected":false},"excerpt":{"rendered":"<p style=\"font-weight: 400;\"><strong>Med hardingfele, elgitar og kontrabass presenterer Erlend Viken Trio folkemusikk med et egenartet lydbilde; basert p<\/strong><strong>\u00e5 <\/strong><strong>norsk trad, og med inspirasjon fra improvisasjonsmusikk, rock og <\/strong><strong>\u00f8<\/strong><strong>rkenblues. Trioen har spilt konserter i store deler av Europa, og har gjennom sine energiske live-opptredener skaffet seg mange fans p<\/strong><strong>\u00e5 <\/strong><strong>tvers av sjangergrensene. Forrige plate, <\/strong><strong>\u201c<\/strong><strong>Fete sl<\/strong><strong>\u00e5<\/strong><strong>tta<\/strong><strong>\u201d <\/strong><strong>(nominert til spellemannprisen i 2023), bestod kun av tradl<\/strong><strong>\u00e5<\/strong><strong>ter. <\/strong><strong>Dette plateprosjektet inspirerte Erlend, og ga ham nye id\u00e9er til hvordan han kan komponere musikk for trioen. Det har resultert i albumet <\/strong><strong>\u201c<\/strong><strong>Ville Veier<\/strong><strong>\u201d <\/strong><strong>som inneholder 7 nykomposisjoner og 2 tradl\u00e5ter.<\/strong><\/p>\n","protected":false},"featured_media":41727,"comment_status":"open","ping_status":"closed","template":"","meta":[],"product_brand":[],"product_cat":[35],"product_tag":[8074],"class_list":{"0":"post-41724","1":"product","2":"type-product","3":"status-publish","4":"has-post-thumbnail","6":"product_cat-heilo","7":"product_tag-erlend-viken-trio","8":"product_shipping_class-cddvd-shipping","9":"uni_artist_tag-erlend-viken-trio","10":"uni_main_artist_tag-erlend-viken-trio","11":"uni_artist_genre-folkemusikk","13":"first","14":"instock","15":"taxable","16":"shipping-taxable","17":"purchasable","18":"product-type-variable"},"_links":{"self":[{"href":"https:\/\/grappa.no\/no\/wp-json\/wp\/v2\/product\/41724","targetHints":{"allow":["GET"]}}],"collection":[{"href":"https:\/\/grappa.no\/no\/wp-json\/wp\/v2\/product"}],"about":[{"href":"https:\/\/grappa.no\/no\/wp-json\/wp\/v2\/types\/product"}],"replies":[{"embeddable":true,"href":"https:\/\/grappa.no\/no\/wp-json\/wp\/v2\/comments?post=41724"}],"wp:featuredmedia":[{"embeddable":true,"href":"https:\/\/grappa.no\/no\/wp-json\/wp\/v2\/media\/41727"}],"wp:attachment":[{"href":"https:\/\/grappa.no\/no\/wp-json\/wp\/v2\/media?parent=41724"}],"wp:term":[{"taxonomy":"product_brand","embeddable":true,"href":"https:\/\/grappa.no\/no\/wp-json\/wp\/v2\/product_brand?post=41724"},{"taxonomy":"product_cat","embeddable":true,"href":"https:\/\/grappa.no\/no\/wp-json\/wp\/v2\/product_cat?post=41724"},{"taxonomy":"product_tag","embeddable":true,"href":"https:\/\/grappa.no\/no\/wp-json\/wp\/v2\/product_tag?post=41724"}],"curies":[{"name":"wp","href":"https:\/\/api.w.org\/{rel}","templated":true}]}}