{"id":41720,"date":"2024-09-24T13:52:11","date_gmt":"2024-09-24T12:52:11","guid":{"rendered":"https:\/\/grappa.no\/?post_type=product&#038;p=41720"},"modified":"2024-11-24T05:06:31","modified_gmt":"2024-11-24T04:06:31","slug":"concertos","status":"publish","type":"product","link":"https:\/\/grappa.no\/no\/albums\/simax-classics\/concertos\/","title":{"rendered":"Concertos"},"content":{"rendered":"<p><\/p>\n<p style=\"font-weight: 400;\"><strong>AVTRYKK, AVSTAND, AVVIK. \u00a0\u00abConcertos\u00bb er ny utgivelse med Telemark Kammerorkester under ledelse av Per Kristian Skalstad.\u00a0 Verk av Christophersen, Tandberg og Skjelbred.<\/strong><strong>\u00a0<\/strong><\/p>\n<p>B. Morten Christophersen: Konsert for fiolin og strykere<\/p>\n<p style=\"font-weight: 400;\">Konserten er skrevet for fiolinisten Ai-Ling Chiu, inspirert av den taiwanske sangen Longing for your return, en frihetssang fra andre verdenskrig. Verket utforsker temaer som identitet, musikalsk reise og avstand, med den taiwanske melodien vevd inn i komposisjonen. Fiolinkonserten best\u00e5r av tre satser \u2013 Unfolding, Air og Return \u2013 og avsluttes som en sammensmeltning av taiwanesisk og norsk musikktradisjon.<\/p>\n<p style=\"font-weight: 400;\">Kari Beate Tandberg: Deviations.<\/p>\n<p style=\"font-weight: 400;\">Tandbergs verk for akkordeon og strykere bruker en modernistisk klangpalett. Stykket bygger p\u00e5 ideen om \u00abavvik\u00bb som skaper spenning og variasjon, b\u00e5de musikalsk og som en livsfilosofi. Gjennom strukturerte seksjoner, som Presentasjon, Oppbygning og Overgang, f\u00f8rer avvikene til verkets logiske avslutning, med en tvetydig tonalitet som antyder en ny retning.<\/p>\n<p style=\"font-weight: 400;\">Bj\u00f8rn Bolstad Skjelbred: And then it was Winter.<\/p>\n<p style=\"font-weight: 400;\">Dette impresjonistiske verket er inspirert av vinterens ankomst i Paris i 2010. Musikken skaper en melankolsk atmosf\u00e6re, med fallende melodier og klanglige skift som reflekterer vinterens stille fremmarsj. Verket har musikalske fellestrekk med det f\u00f8rste stykket p\u00e5 utgivelsen, og gir en f\u00f8lelse av et samlet musikalsk narrativ.<\/p>\n<p>","protected":false},"excerpt":{"rendered":"<p><strong> <\/strong><\/p>\n<p><strong>AVTRYKK, AVSTAND, AVVIK. \u00a0\u00abConcertos\u00bb er ny utgivelse med Telemark Kammerorkester under ledelse av Per Kristian Skalstad.\u00a0 Verk av Christophersen, Tandberg og Skjelbred.<\/strong><strong>\u00a0<\/strong><\/p>\n","protected":false},"featured_media":41721,"comment_status":"open","ping_status":"closed","template":"","meta":[],"product_brand":[],"product_cat":[180],"product_tag":[8072,8071,8070],"class_list":{"0":"post-41720","1":"product","2":"type-product","3":"status-publish","4":"has-post-thumbnail","6":"product_cat-simax-classics","7":"product_tag-concertos","8":"product_tag-per-kristian-skalstad","9":"product_tag-telemark-chamber-orchestra","10":"product_shipping_class-cddvd-shipping","11":"uni_artist_tag-bjorn-morten-christophersen","12":"uni_artist_tag-per-kristian-skalstad","13":"uni_artist_tag-telemark-kammerorkester","14":"uni_main_artist_tag-telemark-kammerorkester","15":"uni_artist_genre-klassisk","17":"first","18":"instock","19":"taxable","20":"shipping-taxable","21":"purchasable","22":"product-type-simple"},"_links":{"self":[{"href":"https:\/\/grappa.no\/no\/wp-json\/wp\/v2\/product\/41720","targetHints":{"allow":["GET"]}}],"collection":[{"href":"https:\/\/grappa.no\/no\/wp-json\/wp\/v2\/product"}],"about":[{"href":"https:\/\/grappa.no\/no\/wp-json\/wp\/v2\/types\/product"}],"replies":[{"embeddable":true,"href":"https:\/\/grappa.no\/no\/wp-json\/wp\/v2\/comments?post=41720"}],"wp:featuredmedia":[{"embeddable":true,"href":"https:\/\/grappa.no\/no\/wp-json\/wp\/v2\/media\/41721"}],"wp:attachment":[{"href":"https:\/\/grappa.no\/no\/wp-json\/wp\/v2\/media?parent=41720"}],"wp:term":[{"taxonomy":"product_brand","embeddable":true,"href":"https:\/\/grappa.no\/no\/wp-json\/wp\/v2\/product_brand?post=41720"},{"taxonomy":"product_cat","embeddable":true,"href":"https:\/\/grappa.no\/no\/wp-json\/wp\/v2\/product_cat?post=41720"},{"taxonomy":"product_tag","embeddable":true,"href":"https:\/\/grappa.no\/no\/wp-json\/wp\/v2\/product_tag?post=41720"}],"curies":[{"name":"wp","href":"https:\/\/api.w.org\/{rel}","templated":true}]}}