{"id":417,"date":"2009-06-29T00:00:00","date_gmt":"2009-06-28T23:00:00","guid":{"rendered":"http:\/\/www.grappa.no\/albums\/uncategorized\/olivier-messiaen-early-organ-works\/"},"modified":"2019-02-22T15:53:13","modified_gmt":"2019-02-22T14:53:13","slug":"olivier-messiaen-early-organ-works","status":"publish","type":"product","link":"https:\/\/grappa.no\/no\/albums\/simax-classics\/olivier-messiaen-early-organ-works\/","title":{"rendered":"Olivier Messiaen: Early organ works"},"content":{"rendered":"<p><\/p>\n<p>Olivier Messiaen for f\u00f8rste gang med norsk organist<\/p>\n<p>Olivier Messiaen er verdens mest spilte orgelkomponist fra det 20. \u00c5rhundre. Dette er den f\u00f8rste norskproduserte innspillingen av Messiaens orgelverker, i utgivelse med b\u00e5de stereolyd og i fantastisk 5.1 surroundlyd p\u00e5 SACD\/Hybrid. Utgivelsen inneholder  ogs\u00e5 verker (Pr\u00e9lude , Offrande au Saint Sacrement) som tidligere ikke har v\u00e6rt tilgjengelig for et internasjonalt publikum.<\/p>\n<p>Olivier Messiaen (1908-1992) ble f\u00f8dt i Avignon, hans mor var poet og hans far var engelskprofessor som arbeidet med oversettelse av Shakespeare til fransk. Allerede i ung alder hadde han en unik interesse for musikk. Bare 11 \u00e5r gammel begynte han tradisjonelle musikkstudier ved Konservatoriet i Paris. 23 \u00e5r gammel ble Messiaen titul\u00e6rorganist i St. Trinit\u00e9 kirken i Paris. Denne stillingen beholdt han livet ut og spilte til s\u00f8ndagsmesse helt til sin d\u00f8d i 1992. Olivier Messiaens orgelverker er sterkt knyttet til hans egen interesse for teologi. <\/p>\n<p>Inger-Lise Ulsrud kommer her med sin f\u00f8rste utgivelse som solist. Ulsrud studerte kirkemusikk ved Norges musikkh\u00f8gskole, og fortsatte deretter med improvisasjonsstudier hos Anders Bondeman i Stockholm. For Edgar Krapp avla hun diplomeksamen som konsertorganist ved Hochschule f\u00fcr musik und Darstellende Kunst i Frankfurt a.M. og studerte s\u00e5 videre hos Messiaen-spesialisten Almut R\u00f6ssler i D\u00fcsseldorf. Siden 1993 har Inger-Lise Ulsrud undervist i orgel og orgelimprovisasjon ved Norges musikkh\u00f8gskole og regelmessig gitt mesterklasser i improvisasjon. Hun er kantor i Uranienborg kirke og f\u00f8rsteamanuesis i orgel ved Norges musikkh\u00f8gskole.<\/p>\n<p><!--more--><\/p>\n<p>Olivier Messiaen for f\u00f8rste gang med norsk organist<\/p>\n<p>Olivier Messiaen er verdens mest spilte orgelkomponist fra det 20. \u00c5rhundre. Dette er den f\u00f8rste norskproduserte innspillingen av Messiaens orgelverker, i utgivelse med b\u00e5de stereolyd og i fantastisk 5.1 surroundlyd p\u00e5 SACD\/Hybrid. Utgivelsen inneholder ogs\u00e5 verker (Pr\u00e9lude , Offrande au Saint Sacrement) som tidligere ikke har v\u00e6rt tilgjengelig for et internasjonalt publikum.<\/p>\n<h4>Messiaen: en rytmiker er ingen metriker<\/h4>\n<p>Et s\u00e6rtrekk ved Messiaens musikk er de mange lag av tempi i ett og samme musikalske \u00f8yeblikk. Selv kalte han seg for rytmiker, og noe av det mest urytmiske han kunne tenke seg var en milit\u00e6rmarsj. Han lyttet mye til naturen og mente av rytmen aldri er jevn eller metrisk. J.S. Bach beskrev han som en metriker \u2013 men ingen rytmiker. Messiaen var alltid \u00e5pen for nye impulser i musikken, han fors\u00f8kte \u00e5 skape en rytmikk med inspirasjon fra gresk metrikk og indiske rytmer som gjenspeilet naturen slik han h\u00f8rte den.<\/p>\n<h4>Inger-Lise Ulsrud solodebut p\u00e5 SACD<\/h4>\n<p>Ulsrud kommer med sin f\u00f8rste utgivelse som solist n\u00e5 i forbindelse med en konsert i Sankt Johannes kirke i K\u00f8benhavn 5. Juli, og senere i sommer st\u00e5r D\u00fcsseldorf for tur. Ulsrud studerte kirkemusikk ved Norges musikkh\u00f8gskole, og fortsatte deretter med improvisasjonsstudier hos Anders Bondeman i Stockholm. For Edgar Krapp avla hun diplomeksamen som konsertorganist ved Hochschule f\u00fcr musik und Darstellende Kunst i Frankfurt a.M. og studerte s\u00e5 videre hos Messiaen-spesialisten Almut R\u00f6ssler i D\u00fcsseldorf. Siden 1993 har Inger-Lise Ulsrud undervist i orgel og orgelimprovisasjon ved Norges musikkh\u00f8gskole og regelmessig gitt mesterklasser i improvisasjon. Hun er kantor i Uranienborg kirke og f\u00f8rsteamanuesis i orgel ved Norges musikkh\u00f8gskole.<\/p>\n<h4><\/h4>\n<\/p>\n<p><\/p>","protected":false},"excerpt":{"rendered":"<p>Dette er den f\u00f8rste norskproduserte innspillingen av Messiaens orgelverker, i utgivelse med b\u00e5de stereolyd og i fantastisk 5.1 surroundlyd p\u00e5 SACD\/Hybrid.<\/p>\n","protected":false},"featured_media":27572,"comment_status":"closed","ping_status":"open","template":"","meta":[],"product_brand":[],"product_cat":[180],"product_tag":[],"class_list":{"0":"post-417","1":"product","2":"type-product","3":"status-publish","4":"has-post-thumbnail","6":"product_cat-simax-classics","7":"product_shipping_class-cddvd-shipping","8":"uni_artist_tag-arne-akselberg","9":"uni_artist_tag-inger-lise-ulsrud","10":"uni_artist_tag-olivier-messiaen","11":"uni_main_artist_tag-inger-lise-ulsrud","12":"uni_artist_genre-organ","13":"uni_artist_genre-religious","14":"uni_artist_genre-sacd","16":"first","17":"instock","18":"taxable","19":"shipping-taxable","20":"purchasable","21":"product-type-simple"},"_links":{"self":[{"href":"https:\/\/grappa.no\/no\/wp-json\/wp\/v2\/product\/417","targetHints":{"allow":["GET"]}}],"collection":[{"href":"https:\/\/grappa.no\/no\/wp-json\/wp\/v2\/product"}],"about":[{"href":"https:\/\/grappa.no\/no\/wp-json\/wp\/v2\/types\/product"}],"replies":[{"embeddable":true,"href":"https:\/\/grappa.no\/no\/wp-json\/wp\/v2\/comments?post=417"}],"wp:featuredmedia":[{"embeddable":true,"href":"https:\/\/grappa.no\/no\/wp-json\/wp\/v2\/media\/27572"}],"wp:attachment":[{"href":"https:\/\/grappa.no\/no\/wp-json\/wp\/v2\/media?parent=417"}],"wp:term":[{"taxonomy":"product_brand","embeddable":true,"href":"https:\/\/grappa.no\/no\/wp-json\/wp\/v2\/product_brand?post=417"},{"taxonomy":"product_cat","embeddable":true,"href":"https:\/\/grappa.no\/no\/wp-json\/wp\/v2\/product_cat?post=417"},{"taxonomy":"product_tag","embeddable":true,"href":"https:\/\/grappa.no\/no\/wp-json\/wp\/v2\/product_tag?post=417"}],"curies":[{"name":"wp","href":"https:\/\/api.w.org\/{rel}","templated":true}]}}