{"id":41686,"date":"2024-09-05T11:23:03","date_gmt":"2024-09-05T10:23:03","guid":{"rendered":"https:\/\/grappa.no\/?post_type=product&#038;p=41686"},"modified":"2025-06-13T12:45:48","modified_gmt":"2025-06-13T11:45:48","slug":"18-september","status":"publish","type":"product","link":"https:\/\/grappa.no\/no\/albums\/grappa\/18-september\/","title":{"rendered":"18. september"},"content":{"rendered":"<p><\/p>\n<p><strong>I 2024 er det 50 \u00e5r siden Trond Ingebretsen startet bandet Bj\u00f8lsen Valsem\u00f8lle! <\/strong><strong>Det feires p\u00e5 flere m\u00e5ter, men f\u00f8rst og fremst med det nye albumet &#8220;18.september&#8221;. Gjennom fem ti\u00e5r har Bj\u00f8lsen levert storbyrock med tekster inspirert av Oslo og hendelser i byen.<\/strong><\/p>\n<p>Bj\u00f8lsen Valsem\u00f8lle sitt nye album best\u00e5r av 12 l\u00e5ter fra bandets l\u00e5tskriver Trond Ingebretsen. Musikalsk er det fortsatt den melodiske rocken som gjelder, og historiene Trond gir oss har et solidaritetsfundament i bunn.<\/p>\n<p>Tittelen p\u00e5 plata &#8220;18. september&#8221; kommer av fire dramatiske hendelser i Tronds liv, som har alle skjedd p\u00e5 akkurat denne datoen. Trond forteller:<\/p>\n<p><em>&#8211; I mitt liv har datoen 18. September en helt spesiell plass: <\/em><em>P\u00e5 denne datoen d\u00f8de en h\u00f8yt elsket musiker jeg s\u00e5 spille sin aller siste konsert noen f\u00e5 dager f\u00f8r. <\/em><em>18. september noen \u00e5r seinere brant en kirke \u00f8st i Oslo. Den hendelsen er for alltid knyttet opp til meg som menneske og l\u00e5tskriver.\u00a0<\/em><em>P\u00e5 samme dato skjedde ogs\u00e5 to dramatiske hendelser i min familie. De<\/em><em>n datoen er for alltid rissa inn i hjertet mitt!<\/em><\/p>\n<p>Tematisk er plata variert og tar opp alt fra vennskap til politisk kritikk. Alltid med Ingebretsens verdier som grunnlag. P\u00e5 l\u00e5ter som &#8220;Vanlige folks tur&#8221;, synger han om brutte l\u00f8ftene fra politikere og regjeringen til vanlige folk i trange og vanskelige tider. Mens p\u00e5 l\u00e5ter som &#8220;Der byen faller ned&#8221;, tar Trond oss med til en av sine favorittplasser, nemlig Egners plass p\u00e5 Kampen i Oslo. Det er hverdagens helter som st\u00e5r i fokus, og Ingebretsen formidler alltid med et glimt i \u00f8yet.<\/p>\n<p>Det nye albumet er spilt inn passende nok p\u00e5 Bj\u00f8lsen i Oslo, i Amper Tone studio med Johnny Skalleberg som produsent. Prosessen i studio har v\u00e6rt veldig bra og hele bandet har v\u00e6rt med i arrangeringen av den nye musikken. Veldig mye er gjort live i studio. Med et godt og tett samarbeid med produsent Skalleberg, har resultatet blitt et album bandet er sv\u00e6rt stolte av! Gjesteartister som Finn Tore Tokle (bass), Hege Rimestad (fele) og Hans Cato Kristiansen (kor) er med og l\u00f8fter produksjonen .<\/p>\n<p>Besetningen i bandet best\u00e5r av Trond Ingebretsen (sang og gitar), Leif Ottesen (gitar og kor),\u00a0Endre Christiansen (piano og orgel) og\u00a0Even Finsrud (trommer og kor). I tillegg er det nyeste tilskuddet Morten Str\u00f8m n\u00e5 blitt med fast som bassist i gruppa.<\/p>\n<p>Bj\u00f8lsen Valsem\u00f8lle fortsetter \u00e5 levere aktuell storbyrock, etter 50 \u00e5r i musikkens tjeneste!<\/p>\n<p>","protected":false},"excerpt":{"rendered":"<p><strong>I 2024 er det 50 \u00e5r siden Trond Ingebretsen startet bandet Bj\u00f8lsen Valsem\u00f8lle! <\/strong><strong>Det feires p\u00e5 flere m\u00e5ter, men f\u00f8rst og fremst med det nye albumet &#8220;18.september&#8221;. Gjennom fem ti\u00e5r har Bj\u00f8lsen levert storbyrock med tekster inspirert av Oslo og hendelser i byen.<\/strong><\/p>\n","protected":false},"featured_media":41687,"comment_status":"open","ping_status":"closed","template":"","meta":[],"product_brand":[],"product_cat":[6],"product_tag":[8069],"class_list":{"0":"post-41686","1":"product","2":"type-product","3":"status-publish","4":"has-post-thumbnail","6":"product_cat-grappa","7":"product_tag-bjolsen-valsemolle","8":"product_shipping_class-cddvd-shipping","9":"uni_artist_tag-bjolsen-valsemolle","10":"uni_main_artist_tag-bjolsen-valsemolle","11":"uni_artist_genre-folk-rock","12":"uni_artist_genre-pop","13":"uni_artist_genre-rock","14":"uni_artist_genre-singer-songwriter","16":"first","17":"instock","18":"taxable","19":"shipping-taxable","20":"purchasable","21":"product-type-simple"},"_links":{"self":[{"href":"https:\/\/grappa.no\/no\/wp-json\/wp\/v2\/product\/41686","targetHints":{"allow":["GET"]}}],"collection":[{"href":"https:\/\/grappa.no\/no\/wp-json\/wp\/v2\/product"}],"about":[{"href":"https:\/\/grappa.no\/no\/wp-json\/wp\/v2\/types\/product"}],"replies":[{"embeddable":true,"href":"https:\/\/grappa.no\/no\/wp-json\/wp\/v2\/comments?post=41686"}],"wp:featuredmedia":[{"embeddable":true,"href":"https:\/\/grappa.no\/no\/wp-json\/wp\/v2\/media\/41687"}],"wp:attachment":[{"href":"https:\/\/grappa.no\/no\/wp-json\/wp\/v2\/media?parent=41686"}],"wp:term":[{"taxonomy":"product_brand","embeddable":true,"href":"https:\/\/grappa.no\/no\/wp-json\/wp\/v2\/product_brand?post=41686"},{"taxonomy":"product_cat","embeddable":true,"href":"https:\/\/grappa.no\/no\/wp-json\/wp\/v2\/product_cat?post=41686"},{"taxonomy":"product_tag","embeddable":true,"href":"https:\/\/grappa.no\/no\/wp-json\/wp\/v2\/product_tag?post=41686"}],"curies":[{"name":"wp","href":"https:\/\/api.w.org\/{rel}","templated":true}]}}