{"id":41682,"date":"2024-09-04T15:11:13","date_gmt":"2024-09-04T14:11:13","guid":{"rendered":"https:\/\/grappa.no\/?post_type=product&#038;p=41682"},"modified":"2024-09-05T11:19:38","modified_gmt":"2024-09-05T10:19:38","slug":"observator","status":"publish","type":"product","link":"https:\/\/grappa.no\/no\/albums\/grappa\/observator\/","title":{"rendered":"Observat\u00f8r"},"content":{"rendered":"<p><\/p>\n<p>\u00abObservat\u00f8r\u00bb er Jan Eggum sitt 25.album, der han fortsetter \u00e5 briljere som en av Norges sterkeste l\u00e5tskrivere og tekstforfattere \u2013 med et presist og skarpt blikk p\u00e5 omgivelsene.<\/p>\n<p>Etter en innholdsrik og variert karriere, har Jan Eggum gjort seg fortjent til \u00e5 bli trukket frem som en bauta innen norsk musikk, b\u00e5de som tekstforfatter og artist. Observat\u00f8r inneholder 11 helt nye sanger og bandet best\u00e5r av noen av Norgestoppens mest rutinerte og dyktige musikere; Anders Engen, Bugge Wesseltoft, Audun Erlien, Bendik Hofseth og Nils Petter Molv\u00e6r, som alle er veteraner som har spilt utallige ganger med Eggum siden 1990.<\/p>\n<p>Eggum har gitt ut plater med egne tekster og melodier siden 1975, som har betydd mange Spellemannpriser, godt salg og gode anmeldelser. Eggum har spilt aktivt live i hele sin karriere, b\u00e5de alene og med noen av Norges dyktigste musikere. I tillegg til et aktivt virke live, har han produsert tekster og l\u00e5ter i h\u00f8yeste kvalitet i en \u00e5rrekke, og etablert seg som en av de sterkeste stemmene i norsk visemusikk gjennom tidene.<\/p>\n<p>Med &#8220;Observat\u00f8r&#8221;, fortsetter Eggum \u00e5 bevise hvorfor han anses som en av Norges mest betydningsfulle artister og l\u00e5tskrivere.<\/p>\n<p>","protected":false},"excerpt":{"rendered":"<p>\u00abObservat\u00f8r\u00bb er Jan Eggum sitt 25.album, der han fortsetter \u00e5 briljere som en av Norges sterkeste l\u00e5tskrivere og tekstforfattere \u2013 med et presist og skarpt blikk p\u00e5 omgivelsene.<\/p>\n","protected":false},"featured_media":41685,"comment_status":"open","ping_status":"closed","template":"","meta":[],"product_brand":[],"product_cat":[6],"product_tag":[8068],"class_list":{"0":"post-41682","1":"product","2":"type-product","3":"status-publish","4":"has-post-thumbnail","6":"product_cat-grappa","7":"product_tag-jan-eggum","8":"uni_artist_tag-jan-eggum","9":"uni_main_artist_tag-jan-eggum","10":"uni_artist_genre-pop","11":"uni_artist_genre-singer-songwriter","12":"uni_artist_genre-viser","14":"first","15":"instock","16":"taxable","17":"shipping-taxable","18":"purchasable","19":"product-type-variable","20":"has-default-attributes"},"_links":{"self":[{"href":"https:\/\/grappa.no\/no\/wp-json\/wp\/v2\/product\/41682","targetHints":{"allow":["GET"]}}],"collection":[{"href":"https:\/\/grappa.no\/no\/wp-json\/wp\/v2\/product"}],"about":[{"href":"https:\/\/grappa.no\/no\/wp-json\/wp\/v2\/types\/product"}],"replies":[{"embeddable":true,"href":"https:\/\/grappa.no\/no\/wp-json\/wp\/v2\/comments?post=41682"}],"wp:featuredmedia":[{"embeddable":true,"href":"https:\/\/grappa.no\/no\/wp-json\/wp\/v2\/media\/41685"}],"wp:attachment":[{"href":"https:\/\/grappa.no\/no\/wp-json\/wp\/v2\/media?parent=41682"}],"wp:term":[{"taxonomy":"product_brand","embeddable":true,"href":"https:\/\/grappa.no\/no\/wp-json\/wp\/v2\/product_brand?post=41682"},{"taxonomy":"product_cat","embeddable":true,"href":"https:\/\/grappa.no\/no\/wp-json\/wp\/v2\/product_cat?post=41682"},{"taxonomy":"product_tag","embeddable":true,"href":"https:\/\/grappa.no\/no\/wp-json\/wp\/v2\/product_tag?post=41682"}],"curies":[{"name":"wp","href":"https:\/\/api.w.org\/{rel}","templated":true}]}}