{"id":41678,"date":"2024-09-03T13:00:53","date_gmt":"2024-09-03T12:00:53","guid":{"rendered":"https:\/\/grappa.no\/?post_type=product&#038;p=41678"},"modified":"2025-10-30T13:42:18","modified_gmt":"2025-10-30T12:42:18","slug":"en-fot-ut-dora","status":"publish","type":"product","link":"https:\/\/grappa.no\/no\/albums\/grappa\/en-fot-ut-dora\/","title":{"rendered":"En fot ut d\u00f8ra"},"content":{"rendered":"<p><\/p>\n<p>Yngvil er den norske visepopens nye stjerneskudd &#8211; debutalbumet &#8220;En fot ut d\u00f8ra&#8221; binder sammen gammel og ny visetradisjon! Yngvil har p\u00e5 kort tid gjort seg bemerket for sine \u00e6rlige og treffsikre tekster. Hun var en av \u00e5ret 2023 mest spilte artister p\u00e5 norsk radio, i tillegg til at Dagsavisen allerede har trukket frem hennes debutalbum som et de tror vil prege det norske musikk\u00e5ret 2024.<\/p>\n<p>Yngvil har fort blitt et sentralt navn i den norske musikkscenen, som visepopens store nye stjerneskudd. Den 27-\u00e5r gamle jenta fra Nesodden skriver \u00e6rlige, upolerte tekster og formidler p\u00e5 en treffende og gjenkjennelig m\u00e5te. Det er ingen tvil om at Yngvil er i ferd med \u00e5 ta musikknorge med storm. Yngvil er vokst opp med mange ulike musikalske inspirasjoner, og har blitt formet av b\u00e5de gammel og ny visetradisjon. Da hun var liten h\u00f8rte hun p\u00e5 Jan Eggum og Tramteateret, samtidig som hun ogs\u00e5 lyttet til Taylor Swift og Siri Nilsen.<\/p>\n<p>Yngvil, forteller om prosessen:<\/p>\n<p><em>&#8211; \u00c5 gi ut et debutalbum f\u00f8les litt som \u00e5 g\u00e5 p\u00e5 f\u00f8rste date med hele Norge \u2013 du h\u00e5per de liker deg, og at du ikke sier noe helt feil!\u00a0Kort oppsummert ble dette albumet til gjennom mange sene kvelder, litt oransjevin, en god del kaffe, og et par eksistensielle kriser.<\/em><\/p>\n<p>Da Yngvil var ferdig p\u00e5 videreg\u00e5ende, sluttet hun egentlig med musikk og valgte \u00e5 studere til \u00e5 bli journalist. Hun s\u00e5 aldri p\u00e5 seg selv som en stor sanger, men sluttet aldri \u00e5 skrive. Skrivingen og tekstene var alltid hennes fokus. Det hjalp med \u00e5 sortere tankene og f\u00e5 orden i hodet. S\u00e5 da hun valgte hun \u00e5 g\u00e5 tilbake til \u00e5 bruke tekstene i musikalsk sammenheng igjen, s\u00e5 var det nettopp de upolerte og ekte tekstene samt hennes fantastiske evne til \u00e5 formidle dem, som gjorde stort inntrykk p\u00e5 folk. Yngvil har b\u00e5de tidl\u00f8se kvaliteter og friske impulser som artist. Dette kan v\u00e6re en av grunnene til at hun allerede har gjort stort inntrykk p\u00e5 musikknorge, og treffer en s\u00e5 bred m\u00e5lgruppe. Det er tydelig at Yngvil sin musikk har truffet mange, veldig fort. M\u00e5let hennes er \u00e5 lage en ny viseb\u00f8lge &#8211; ved \u00e5 binde sammen den gamle og den nye vise-verdenen.<\/p>\n<p>","protected":false},"excerpt":{"rendered":"<p>Yngvil er den norske visepopens nye stjerneskudd &#8211; debutalbumet &#8220;En fot ut d\u00f8ra&#8221; binder sammen gammel og ny visetradisjon!<\/p>\n","protected":false},"featured_media":41679,"comment_status":"open","ping_status":"closed","template":"","meta":[],"product_brand":[],"product_cat":[6],"product_tag":[8065],"class_list":{"0":"post-41678","1":"product","2":"type-product","3":"status-publish","4":"has-post-thumbnail","6":"product_cat-grappa","7":"product_tag-yngvil","8":"product_shipping_class-vinyl-shipping","9":"uni_artist_tag-yngvil","10":"uni_main_artist_tag-yngvil","11":"uni_artist_genre-pop","12":"uni_artist_genre-singer-songwriter","13":"uni_artist_genre-viser","15":"first","16":"instock","17":"taxable","18":"shipping-taxable","19":"purchasable","20":"product-type-simple"},"_links":{"self":[{"href":"https:\/\/grappa.no\/no\/wp-json\/wp\/v2\/product\/41678","targetHints":{"allow":["GET"]}}],"collection":[{"href":"https:\/\/grappa.no\/no\/wp-json\/wp\/v2\/product"}],"about":[{"href":"https:\/\/grappa.no\/no\/wp-json\/wp\/v2\/types\/product"}],"replies":[{"embeddable":true,"href":"https:\/\/grappa.no\/no\/wp-json\/wp\/v2\/comments?post=41678"}],"wp:featuredmedia":[{"embeddable":true,"href":"https:\/\/grappa.no\/no\/wp-json\/wp\/v2\/media\/41679"}],"wp:attachment":[{"href":"https:\/\/grappa.no\/no\/wp-json\/wp\/v2\/media?parent=41678"}],"wp:term":[{"taxonomy":"product_brand","embeddable":true,"href":"https:\/\/grappa.no\/no\/wp-json\/wp\/v2\/product_brand?post=41678"},{"taxonomy":"product_cat","embeddable":true,"href":"https:\/\/grappa.no\/no\/wp-json\/wp\/v2\/product_cat?post=41678"},{"taxonomy":"product_tag","embeddable":true,"href":"https:\/\/grappa.no\/no\/wp-json\/wp\/v2\/product_tag?post=41678"}],"curies":[{"name":"wp","href":"https:\/\/api.w.org\/{rel}","templated":true}]}}