{"id":41612,"date":"2024-07-30T10:31:37","date_gmt":"2024-07-30T09:31:37","guid":{"rendered":"https:\/\/grappa.no\/?post_type=product&#038;p=41612"},"modified":"2024-07-30T10:31:37","modified_gmt":"2024-07-30T09:31:37","slug":"barefoot-in-bryophyte","status":"publish","type":"product","link":"https:\/\/grappa.no\/no\/albums\/hubro\/barefoot-in-bryophyte\/","title":{"rendered":"Barefoot in Bryophyte"},"content":{"rendered":"<p><br \/>\n<strong>From a world of its own, somewhat like ours, yet a bit different. Familiar sound, but in a slightly different order, upside down or backwards, with different instruments or in another language just beyond comprehension, that still, somehow, makes sense and carries us further in search of musical discovery.<\/strong><\/p>\n<p>Med et lekent og kreativt samspill og en s\u00e6rs god kjemi, tar Mari Kvien Brunvoll, Stein Urheim og Moskus enda et steg inn i upl\u00f8yd musikalsk mark. Resultatet er albumet \u00abBarefoot in Bryophyte\u00bb.<\/p>\n<p>Alle musikerne i kvintetten figurerer hyppig i Hubro-diskografien, men hadde aldri spilt sammen f\u00f8r dette prosjektet. Samarbeidet startet som bestillingsverket \u00abBranches &amp; Limits\u00bb til Vossajazz i 2023.<\/p>\n<p>\u00abMusikken og samarbeidet har en umiddelbarhet ved seg, og en litt uvanlig sammensetning av l\u00e5tmateriale og spontan improvisasjon.\u00bb forteller musikerne selv om prosjektet.<\/p>\n<p>Mari Kvien Brunvoll og Stein Urheim har skrevet l\u00e5ter, som de har bearbeidet videre sammen med Moskus. Det \u00e5pne og improvisatoriske g\u00e5r igjen i musikken til l\u00e5tskriverne, der de blander det kjente og ukjente i sine sanger. De har en undrende tiln\u00e6rming til det skapende, med tekster som er b\u00e5de \u00e5pne for tolkning og treffende p\u00e5 samme tid.<\/p>\n<p>I tillegg til en rekke utgivelser, spellemannsnominasjoner og samarbeid med ulike musikere har Mari Kvien Brunvoll og Stein Urheim tre utgivelser bak seg som duo. \u00abStein &amp; Mari\u00b4s Daydream Community\u00bb (2011), \u00abDaydream Twin\u00bb (2013) og \u00abFor individuals facing the terror of cosmic loneliness\u00bb (2015), der plata \u00abDaydream Twin\u00bb ogs\u00e5 ble spellemannsnominert til \u00e5pen klasse.<br \/>\nAnja Lauvdal, Fredrik Luhr Dietrichson og Hans Hulb\u00e6kmo utgj\u00f8r medlemmene i Moskus. En trio som det siste ti\u00e5ret har etablert seg som et enormt kraftfelt i det norske jazzmilj\u00f8et. De g\u00e5r inn i musikken med en s\u00e6regen signatur av smittende lekenhet, sveiseblind sjangerblanding og obsternasig eksperimentvilje. En fot i fundamentet, en fot i framtiden, og kontinuitet som n\u00f8kkelord,- har gitt sju plateutgivelser, fem spellemannnominasjoner og har gjort at trioen for alvor har satt sitt preg p\u00e5 den samme arenaen det siste ti\u00e5ret.<\/p>\n<p>\u00abBarefoot in Bryophyte\u00bb. er spilt inn i Duper studio i Bergen med J\u00f8rgen Tr\u00e6en bak spakene som b\u00e5de tekniker og medprodusent. Samme mann har ogs\u00e5 mikset og mastret albumet.<\/p>\n<p>Utgivelsen kommer p\u00e5 b\u00e5de LP, CD og digitalt og det m\u00e5 poengteres at LP-versjonen inneholder alle tekstene trykket i coversleeve. Yokoland og Aslak Gurholt R\u00f8nsen st\u00e5r bak coverdesign.<\/p>\n<p>","protected":false},"excerpt":{"rendered":"<p>From a world of its own, somewhat like ours, yet a bit different. Familiar sound, but in a slightly different order, upside down or backwards, with different instruments or in another language just beyond comprehension, that still, somehow, makes sense and carries us further in search of musical discovery.<\/p>\n<p>Med et lekent og kreativt samspill og en s\u00e6rs god kjemi, tar Mari Kvien Brunvoll, Stein Urheim og Moskus enda et steg inn i upl\u00f8yd musikalsk mark. Resultatet er albumet \u00abBarefoot in Bryophyte\u00bb.<\/p>\n","protected":false},"featured_media":41613,"comment_status":"open","ping_status":"closed","template":"","meta":[],"product_brand":[],"product_cat":[36],"product_tag":[8057,8054,8056,8055],"class_list":{"0":"post-41612","1":"product","2":"type-product","3":"status-publish","4":"has-post-thumbnail","6":"product_cat-hubro","7":"product_tag-barefoot-in-bryophyte","8":"product_tag-mari-kvien-brunvoll","9":"product_tag-moskus","10":"product_tag-stein-urheim","11":"product_shipping_class-cddvd-shipping","12":"uni_artist_tag-mari-kvien-brunvoll","13":"uni_artist_tag-moskus","14":"uni_artist_tag-stein-urheim","15":"uni_main_artist_tag-mari-kvien-brunvoll-stein-urheim-with-moskus","16":"uni_artist_genre-alternative","17":"uni_artist_genre-indie","18":"uni_artist_genre-jazz","19":"uni_artist_genre-pop","21":"first","22":"instock","23":"taxable","24":"shipping-taxable","25":"purchasable","26":"product-type-variable"},"_links":{"self":[{"href":"https:\/\/grappa.no\/no\/wp-json\/wp\/v2\/product\/41612","targetHints":{"allow":["GET"]}}],"collection":[{"href":"https:\/\/grappa.no\/no\/wp-json\/wp\/v2\/product"}],"about":[{"href":"https:\/\/grappa.no\/no\/wp-json\/wp\/v2\/types\/product"}],"replies":[{"embeddable":true,"href":"https:\/\/grappa.no\/no\/wp-json\/wp\/v2\/comments?post=41612"}],"wp:featuredmedia":[{"embeddable":true,"href":"https:\/\/grappa.no\/no\/wp-json\/wp\/v2\/media\/41613"}],"wp:attachment":[{"href":"https:\/\/grappa.no\/no\/wp-json\/wp\/v2\/media?parent=41612"}],"wp:term":[{"taxonomy":"product_brand","embeddable":true,"href":"https:\/\/grappa.no\/no\/wp-json\/wp\/v2\/product_brand?post=41612"},{"taxonomy":"product_cat","embeddable":true,"href":"https:\/\/grappa.no\/no\/wp-json\/wp\/v2\/product_cat?post=41612"},{"taxonomy":"product_tag","embeddable":true,"href":"https:\/\/grappa.no\/no\/wp-json\/wp\/v2\/product_tag?post=41612"}],"curies":[{"name":"wp","href":"https:\/\/api.w.org\/{rel}","templated":true}]}}