{"id":416,"date":"2006-09-18T00:00:00","date_gmt":"2006-09-17T23:00:00","guid":{"rendered":"http:\/\/www.grappa.no\/albums\/uncategorized\/arne-nordheim-draumkvedet-%c2%b7-the-dream-ballad\/"},"modified":"2019-02-22T15:53:09","modified_gmt":"2019-02-22T14:53:09","slug":"arne-nordheim-draumkvedet-%c2%b7-the-dream-ballad","status":"publish","type":"product","link":"https:\/\/grappa.no\/no\/albums\/simax-classics\/arne-nordheim-draumkvedet-%c2%b7-the-dream-ballad\/","title":{"rendered":"Arne Nordheim: Draumkvedet \u00b7 The Dream Ballad"},"content":{"rendered":"<p><\/p>\n<p>Nordheim l\u00f8fter folkemusikk og folketro inn i den moderne tid<\/p>\n<p>Et av Nordheims st\u00f8rste, nyeste og viktigste verk er n\u00e5 tilgjengelig p\u00e5 CD. V\u00e5r mest profilerte komponist griper tilbake til middelalderballaden Draumkvedet \u2013 og skaper et nytt episk mesterverk der folkemusikken og den moderne musikken st\u00e5r sammen. Aldri har Olav \u00c5stesons reise til \u2018den andre siden\u2019 fremst\u00e5tt med slik skremmende realisme og samtidig poetisk undring som her i Arne Nordheims tolkning.<\/p>\n<p>Verket griper tilbake til norsk folketro og forestillingsverden, en viktig del av den kulturelle rammen rundt visjonsdiktet Draumkvedet. Nordheim inkorporerer den tradisjonelle Draumkvedet-melodien samt hardingfele og seljefl\u00f8yte \u2013 og generer ogs\u00e5 klanger av dette som blir et fundamentet for hele verket. Nordheim skaper en dialog med historien som bringer dagens tilh\u00f8rer inn mot kjernen av den evige tematikken som Draumkvedet omhandler.<\/p>\n<p><!--more--><\/p>\n<p>Et av Nordheims st\u00f8rste, nyeste og viktigste verk er n\u00e5 tilgjengelig p\u00e5 CD. V\u00e5r mest profilerte komponist griper tilbake til middelalderballaden Draumkvedet \u2013 og skaper et nytt episk mesterverk der folkemusikken og den moderne musikken st\u00e5r sammen. Aldri har Olav \u00c5stesons reise til \u2018den andre siden\u2019 fremst\u00e5tt med slik skremmende realisme og samtidig poetisk undring som her \u2013 i Arne Nordheims tolkning.<\/p>\n<h4>Nordheim l\u00f8fter folkemusikk og folketro inn i den moderne tid<\/h4>\n<p>Verket griper tilbake til norsk folketro og forestillingsverden, en viktig del av den kulturelle rammen rundt visjonsdiktet Draumkvedet. Nordheim inkorporerer den tradisjonelle Draumkvedet-melodien samt hardingfele og seljefl\u00f8yte \u2013 og generer ogs\u00e5 klanger av dette som blir et fundamentet for hele verket. Han reiser store konstruksjoner med b\u00e5de orkester, kor, solister og elektroniske klanger over dette. Draumkved-teksten er med, likes\u00e5 sitater fra Det Gamle Testamentet og kirkelige messeledd. Nordheim skaper en dialog med historien som bringer dagens tilh\u00f8rer inn mot kjernen av den evige tematikken som Draumkvedet omhandler.<\/p>\n<h4>Sprenger rammeverket<\/h4>\n<p>Under utformingen av musikken til Draumkvedet samarbeidet Nordheim n\u00e6rt med folkemusikere for \u00e5 finne de utrykksm\u00e5ter han s\u00f8kte. Han lar f.eks. syngem\u00e5ten i verket strekke seg fra det klassisk skolerte, via folkemusikalske ideomer og ut forbi grensene for hva den mennesklige stemme kan kontrollere. Der \u2013 utenfor grensen \u2013 oppst\u00e5r et helt egenartet og personlig uttrykk. Nordheim sprenger rammen for hva som kan noteres og slipper slik ogs\u00e5 selv kontrollen over resultatet. Unni L\u00f8vlids bidrag har hele spennet i seg: fra den tradisjonelle Draumkved-melodien til det umiddelbare, nesten vulkanske uttrykket i rollen som Urkvinna.<\/p>\n<h4>Ringen sluttes<\/h4>\n<p>Draumkvedet har fulgt Arne Nordheim gjennom livet. Han h\u00f8rte det i Folkemusikkhalvtimen som sv\u00e6rt ung mann, og pengene fra den f\u00f8rste sommerjobben gikk med til \u00e5 kj\u00f8pe 78-plater med balladen. Og s\u00e5 er det nettopp i hans egen versjon av Draumkvedet \u2013 50 \u00e5r etter debuten \u2013 at han lar alle stemmene i sitt rikholdige uttrykk finne sammen: De rike orkesterfargene, den epokegj\u00f8rende elektroniske musikken, det fokuserte teksttilfanget, spennet mellom lys og m\u00f8rke\u2026 og hele tiden denne Nordheim-klangen som resonerer i oss \u2013 klangen av \u00e5 v\u00e6re til.<\/p>\n<p><\/p>","protected":false},"excerpt":{"rendered":"<p>\u2013 klangen av \u00e5 v\u00e6re til<\/p>\n","protected":false},"featured_media":27571,"comment_status":"closed","ping_status":"open","template":"","meta":[],"product_brand":[],"product_cat":[180],"product_tag":[],"class_list":{"0":"post-416","1":"product","2":"type-product","3":"status-publish","4":"has-post-thumbnail","6":"product_cat-simax-classics","7":"product_shipping_class-cddvd-shipping","8":"uni_artist_tag-arne-nordheim","9":"uni_artist_tag-ashild-breie-nyhus","10":"uni_artist_tag-benjamin-t-isaksen","11":"uni_artist_tag-carl-hogset","12":"uni_artist_tag-frank-havroy","13":"uni_artist_tag-grex-vocalis","14":"uni_artist_tag-halldor-krogh","15":"uni_artist_tag-ingar-bergby","16":"uni_artist_tag-mats-claesson","17":"uni_artist_tag-njal-sparbo","18":"uni_artist_tag-norwegian-radio-orchestra","19":"uni_artist_tag-rasmus-hogset","20":"uni_artist_tag-sigve-boe","21":"uni_main_artist_tag-norwegian-radio-orchestra","22":"uni_artist_genre-choir","23":"uni_artist_genre-contemporary-music","24":"uni_artist_genre-orchestral","25":"uni_artist_genre-religious","27":"first","28":"instock","29":"taxable","30":"shipping-taxable","31":"purchasable","32":"product-type-simple"},"_links":{"self":[{"href":"https:\/\/grappa.no\/no\/wp-json\/wp\/v2\/product\/416","targetHints":{"allow":["GET"]}}],"collection":[{"href":"https:\/\/grappa.no\/no\/wp-json\/wp\/v2\/product"}],"about":[{"href":"https:\/\/grappa.no\/no\/wp-json\/wp\/v2\/types\/product"}],"replies":[{"embeddable":true,"href":"https:\/\/grappa.no\/no\/wp-json\/wp\/v2\/comments?post=416"}],"wp:featuredmedia":[{"embeddable":true,"href":"https:\/\/grappa.no\/no\/wp-json\/wp\/v2\/media\/27571"}],"wp:attachment":[{"href":"https:\/\/grappa.no\/no\/wp-json\/wp\/v2\/media?parent=416"}],"wp:term":[{"taxonomy":"product_brand","embeddable":true,"href":"https:\/\/grappa.no\/no\/wp-json\/wp\/v2\/product_brand?post=416"},{"taxonomy":"product_cat","embeddable":true,"href":"https:\/\/grappa.no\/no\/wp-json\/wp\/v2\/product_cat?post=416"},{"taxonomy":"product_tag","embeddable":true,"href":"https:\/\/grappa.no\/no\/wp-json\/wp\/v2\/product_tag?post=416"}],"curies":[{"name":"wp","href":"https:\/\/api.w.org\/{rel}","templated":true}]}}