{"id":41577,"date":"2024-06-26T14:39:06","date_gmt":"2024-06-26T13:39:06","guid":{"rendered":"https:\/\/grappa.no\/?post_type=product&#038;p=41577"},"modified":"2025-06-24T13:00:31","modified_gmt":"2025-06-24T12:00:31","slug":"who-we-are","status":"publish","type":"product","link":"https:\/\/grappa.no\/no\/albums\/simax-classics\/who-we-are\/","title":{"rendered":"Who We Are"},"content":{"rendered":"<p><br \/>\nVi er stolte av \u00e5 presentere verdenspremiereinnspillingen av samarbeidet mellom saksofonist og komponist Marius Neset og pianist Leif Ove Andsnes, to av verdens fremste ut\u00f8vere innen henholdsvis klassisk musikk og jazz.<br \/>\n\u00a0<br \/>\n\u00a0\u00a0\u00a0\u00a0\u00a0\u00a0\u00a0\u00a0\u00a0\u00a0\u00a0 Som musikere fra ulike tradisjoner arbeider de to vanligvis med ulike stilidealer i sine respektive uttrykk. Eksempelvis improviserer ikke Andsnes, i likhet med de fleste av sine klassiske kollegaer og i motsetning til jazzut\u00f8vere. Men til tross for denne og andre forskjeller, mer enn antyder Who We Are at likhetene i Andsnes og Nesets musikkforst\u00e5else og musikktiln\u00e6rming er flere og viktigere enn forskjellene, og at de jakter p\u00e5 mange av de samme m\u00e5lene i sin musikalske fortellervirksomhet.<br \/>\n\u00a0\u00a0\u00a0\u00a0\u00a0\u00a0\u00a0\u00a0\u00a0\u00a0\u00a0 N\u00e5r de her m\u00f8tes i Nesets komposisjoner, er det en p\u00e5takelig inspirert, hyper-kommuniserende og livgivende fellesskapsf\u00f8lelse som trer fram i musiseringen. Lekent, men med komplett og kontrollert eierskap til s\u00e5 vel storm som stille, skaper de musikk som klinger fullstendig organisk og original, og som i l\u00f8pet av albumets spilletid f\u00e5r ord og begreper som \u00absjanger\u00bb, \u00absjangerm\u00f8te\u00bb og \u00abfusjonering\u00bb til \u00e5 prelle av som underlig irrelevante.<br \/>\n\u00a0\u00a0\u00a0\u00a0\u00a0\u00a0\u00a0\u00a0\u00a0\u00a0\u00a0 Med seg har de skarpt selskap i fl\u00f8ytisten Ingrid S\u00f8fteland Neset og cellisten Louisa Tuck. K\u00f8benhavn-bosatte Ingrid S\u00f8fteland Neset er tidligere solofl\u00f8ytist i Stavanger Symfoniorkester, saxofonistens s\u00f8ster og ved mange anledninger hans medspiller. Britiske, Oslo-bosatte Louisa Tuck har v\u00e6rt solocellist i Oslo-filharmonien siden 2015, og har i tillegg en omfattende solokarriere. Med finslipt klassiske skolering og avansert instrumentbeherskelse klinger de som skapt for Who We Are-albumets kvartetter og duoer, og for en v\u00e5ken lytter er det bare \u00e5 lene seg tilbake i stolen (eventuelt ta plass helt ytterst p\u00e5 stolkanten), la seg rive med og kanskje til og med bryte ut i henrykt latter n\u00e5r samspillet, med alt dets inspirerte interplay, tar av som hetest!<br \/>\n\u00a0<br \/>\nAlbumet er innspilt i Rainbow studios desember 2023 med J\u00f8rn Pedersen som produsent og Martin Abrahamsen som tekniker. Albumet utgis p\u00e5 Simax den 20.september p\u00e5 LP, CD og digitalt.<br \/>\n\u00a0<br \/>\nAlle komposisjoner av Marius Neset<br \/>\nMarius Neset: Tenor- og sopransaksofon<br \/>\nLeif Ove Andsnes: Piano<br \/>\nLouisa Tuck: Cello<br \/>\nIngrid Neset: Fl\u00f8yte<\/p>\n<p>","protected":false},"excerpt":{"rendered":"<p>Verdenspremiereinnspillingen av samarbeidet mellom saksofonist og komponist Marius Neset og pianist Leif Ove Andsnes, to av verdens fremste ut\u00f8vere innen henholdsvis klassisk musikk og jazz. N\u00e5r de her m\u00f8tes i Nesets komposisjoner, er det en p\u00e5takelig inspirert, hyper-kommuniserende og livgivende fellesskapsf\u00f8lelse som trer fram i musiseringen. Lekent, men med komplett og kontrollert eierskap til s\u00e5 vel storm som stille, skaper de musikk som klinger fullstendig organisk og original, og som i l\u00f8pet av albumets spilletid f\u00e5r ord og begreper som \u00absjanger\u00bb, \u00absjangerm\u00f8te\u00bb og \u00abfusjonering\u00bb til \u00e5 prelle av som underlig irrelevante.<\/p>\n","protected":false},"featured_media":41578,"comment_status":"open","ping_status":"closed","template":"","meta":[],"product_brand":[],"product_cat":[180,6984],"product_tag":[8040,8039,8041],"class_list":{"0":"post-41577","1":"product","2":"type-product","3":"status-publish","4":"has-post-thumbnail","6":"product_cat-simax-classics","7":"product_cat-uncategorized","8":"product_tag-leif-ove-andsnes","9":"product_tag-marius-neset","10":"product_tag-who-we-are","11":"product_shipping_class-cddvd-shipping","12":"uni_artist_tag-ingrid-neset","13":"uni_artist_tag-leif-ove-andsnes","14":"uni_artist_tag-louisa-tuck","15":"uni_artist_tag-marius-neset","16":"uni_main_artist_tag-marius-neset-leif-ove-andsnes","17":"uni_artist_genre-jazz","18":"uni_artist_genre-klassisk","20":"first","21":"instock","22":"taxable","23":"shipping-taxable","24":"purchasable","25":"product-type-variable"},"_links":{"self":[{"href":"https:\/\/grappa.no\/no\/wp-json\/wp\/v2\/product\/41577","targetHints":{"allow":["GET"]}}],"collection":[{"href":"https:\/\/grappa.no\/no\/wp-json\/wp\/v2\/product"}],"about":[{"href":"https:\/\/grappa.no\/no\/wp-json\/wp\/v2\/types\/product"}],"replies":[{"embeddable":true,"href":"https:\/\/grappa.no\/no\/wp-json\/wp\/v2\/comments?post=41577"}],"wp:featuredmedia":[{"embeddable":true,"href":"https:\/\/grappa.no\/no\/wp-json\/wp\/v2\/media\/41578"}],"wp:attachment":[{"href":"https:\/\/grappa.no\/no\/wp-json\/wp\/v2\/media?parent=41577"}],"wp:term":[{"taxonomy":"product_brand","embeddable":true,"href":"https:\/\/grappa.no\/no\/wp-json\/wp\/v2\/product_brand?post=41577"},{"taxonomy":"product_cat","embeddable":true,"href":"https:\/\/grappa.no\/no\/wp-json\/wp\/v2\/product_cat?post=41577"},{"taxonomy":"product_tag","embeddable":true,"href":"https:\/\/grappa.no\/no\/wp-json\/wp\/v2\/product_tag?post=41577"}],"curies":[{"name":"wp","href":"https:\/\/api.w.org\/{rel}","templated":true}]}}