{"id":41572,"date":"2024-06-20T13:06:05","date_gmt":"2024-06-20T12:06:05","guid":{"rendered":"https:\/\/grappa.no\/?post_type=product&#038;p=41572"},"modified":"2024-06-20T13:09:30","modified_gmt":"2024-06-20T12:09:30","slug":"henrik-ibsens-terje-vigen","status":"publish","type":"product","link":"https:\/\/grappa.no\/no\/albums\/grappa\/henrik-ibsens-terje-vigen\/","title":{"rendered":"Henrik Ibsens Terje Vigen"},"content":{"rendered":"<p><\/p>\n<p>Syv \u00e5r etter oppf\u00f8ringen av Terje Vigen &#8211; en musikal i Fj\u00e6reheia Amfi, foreligger Henrik Ibsens episke dikt i tonesatt og innspilt form.\u2028\u2028Gjennom 43 vers f\u00f8lger vi Terje Vigen p\u00e5 hans reise gjennom livet &#8211; fra vugge til grav. I 2017, hele 156 \u00e5r etter, fikk Ketil Bj\u00f8rnstad ansvaret for \u00e5 komponere musikken til Kilden teater og konsert- hus&#8217; oppsetning med samme navn. Birgit Amalie Nilssen stod for regien, mens Bj\u00f8rn Ole Rasch ble med som musikkprodusent, kapellmester og arrang\u00f8r.<br \/>\n\u2028I januar 2017 begynte innspillingene i Kongshavn Studios, \u00f8st for Kristiansand. I tillegg til Rasch og Bj\u00f8rnstad selv, medvirket et musikalsk stjernelag; Rolf Kristensen (gitar), Ole Kelly Kvamme (bass), Tom Rudi Torjussen (trommer), Marin Stallemo Bakke (hardingfele, fiolin) og Hilde Norbakken (kor). <\/p>\n<p>","protected":false},"excerpt":{"rendered":"<p>Syv \u00e5r etter oppf\u00f8ringen av Terje Vigen &#8211; en musikal i Fj\u00e6reheia Amfi, foreligger Henrik Ibsens episke dikt i tonesatt og innspilt form.\u2028\u2028Gjennom 43 vers f\u00f8lger vi Terje Vigen p\u00e5 hans reise gjennom livet &#8211; fra vugge til grav. I 2017, hele 156 \u00e5r etter, fikk Ketil Bj\u00f8rnstad ansvaret for \u00e5 komponere musikken til Kilden teater og konsert- hus&#8217; oppsetning med samme navn. Birgit Amalie Nilssen stod for regien, mens Bj\u00f8rn Ole Rasch ble med som musikkprodusent, kapellmester og arrang\u00f8r.<br \/>\n\u2028I januar 2017 begynte innspillingene i Kongshavn Studios, \u00f8st for Kristiansand. I tillegg til Rasch og Bj\u00f8rnstad selv, medvirket et musikalsk stjernelag; Rolf Kristensen (gitar), Ole Kelly Kvamme (bass), Tom Rudi Torjussen (trommer), Marin Stallemo Bakke (hardingfele, fiolin) og Hilde Norbakken (kor).<\/p>\n","protected":false},"featured_media":41573,"comment_status":"open","ping_status":"closed","template":"","meta":[],"product_brand":[],"product_cat":[6],"product_tag":[8037,8035,8036],"class_list":{"0":"post-41572","1":"product","2":"type-product","3":"status-publish","4":"has-post-thumbnail","6":"product_cat-grappa","7":"product_tag-bjorn-ole-rasch","8":"product_tag-henrik-ibsen","9":"product_tag-ketil-bjornstad","10":"product_shipping_class-cddvd-shipping","11":"uni_artist_tag-bjorn-ole-rasch","12":"uni_artist_tag-ketil-bjornstad","13":"uni_main_artist_tag-ketil-bjornstad","14":"uni_artist_genre-musical-theatre","16":"first","17":"instock","18":"taxable","19":"shipping-taxable","20":"purchasable","21":"product-type-simple"},"_links":{"self":[{"href":"https:\/\/grappa.no\/no\/wp-json\/wp\/v2\/product\/41572","targetHints":{"allow":["GET"]}}],"collection":[{"href":"https:\/\/grappa.no\/no\/wp-json\/wp\/v2\/product"}],"about":[{"href":"https:\/\/grappa.no\/no\/wp-json\/wp\/v2\/types\/product"}],"replies":[{"embeddable":true,"href":"https:\/\/grappa.no\/no\/wp-json\/wp\/v2\/comments?post=41572"}],"wp:featuredmedia":[{"embeddable":true,"href":"https:\/\/grappa.no\/no\/wp-json\/wp\/v2\/media\/41573"}],"wp:attachment":[{"href":"https:\/\/grappa.no\/no\/wp-json\/wp\/v2\/media?parent=41572"}],"wp:term":[{"taxonomy":"product_brand","embeddable":true,"href":"https:\/\/grappa.no\/no\/wp-json\/wp\/v2\/product_brand?post=41572"},{"taxonomy":"product_cat","embeddable":true,"href":"https:\/\/grappa.no\/no\/wp-json\/wp\/v2\/product_cat?post=41572"},{"taxonomy":"product_tag","embeddable":true,"href":"https:\/\/grappa.no\/no\/wp-json\/wp\/v2\/product_tag?post=41572"}],"curies":[{"name":"wp","href":"https:\/\/api.w.org\/{rel}","templated":true}]}}