{"id":41555,"date":"2024-06-06T14:09:42","date_gmt":"2024-06-06T13:09:42","guid":{"rendered":"https:\/\/grappa.no\/?post_type=product&#038;p=41555"},"modified":"2024-08-26T09:22:20","modified_gmt":"2024-08-26T08:22:20","slug":"steamdome-iii-beyond-the-end-signert","status":"publish","type":"product","link":"https:\/\/grappa.no\/no\/albums\/grappa\/steamdome-iii-beyond-the-end-signert\/","title":{"rendered":"Steamdome III: Beyond The End  SIGNERT!"},"content":{"rendered":"<p><\/p>\n<p>SIGNERT UTGAVE I MEGET BEGRENSET OPPLAG!<\/p>\n<p>I &#8216;Beyond The End&#8217; forener Ola Kvernberg rytmisk energi og symfonisk slagkraft i et verks om utfordrer alle konvensjonelle musikksjangre.<\/p>\n<p><!--more--><\/p>\n<p>Det er tre \u00e5r siden det kritikerroste albumet \u201cSteamdome II: The Hypogean\u201d boret seg inn i norsk musikkhistorie. N\u00e5 forsterker Ola Kvernberg besetningen med 60 musikere fra Trondheim Symfoniorkester, fyrer opp gravitasjonstoget, og sikter p\u00e5 \u00e5 skyte deg ut i stratosf\u00e6ren &#8211; Beyond The End.<\/p>\n<p>I &#8216;Beyond the End&#8217; forener Ola Kvernberg rytmisk energi og symfonisk slagkraft i et verk som utfordrer alle konvensjonelle musikksjangre.\u00a0Som alltid uten reiseforsikring, men med et knippe av norsk rock og jazz mest innovative instrumentalister og et topp- trent symfoniorkester som lokomotiv.<\/p>\n<p><strong>Likeverdig symfoni<\/strong><\/p>\n<p>Med &#8216;Beyond the End&#8217; har Kvernberg laget et dypt personlig verk som, i enda st\u00f8rre grad enn tidligere, under- streker en enorm allsidighet og urokkelig vilje til \u00e5 pushe musikalske grenser. Resultatet er en 62-minutters sjangerlek hvor Kvernberg inviterer den klassiske tradisjonen til samtidsdans med elektriske stormvinder og symfoniske adrenalinkick, breakbeats, synther, pauker, fl\u00f8yter og elektronikk p\u00e5 et skyh\u00f8yt niv\u00e5. Som Kvernberg selv p\u00e5peker: \u2014 Historien mangler ikke eksempler p\u00e5 band som l\u00e5ner symfoniske fj\u00e6r, men det er f\u00e5 eksempler p\u00e5 hele symfonier hvor alle akt\u00f8rer har en like viktig rolle.<\/p>\n<p><strong>62 minutter lyttefest<\/strong><\/p>\n<p>&#8216;Beyond The End&#8217; er langt fra polerte, ett minutt-lange b\u00e6ngers skreddersydd for et ut\u00e5lmodig publikum. Du skal likevel ikke se bort fra at det er en symfoni i tre satser som runger ut over arenaer og festivalomr\u00e5der de neste \u00e5rene. Den progressive, dansbare klubbestetikken som fra f\u00f8r preger Steamdome-universet er sentral ogs\u00e5 p\u00e5 dette dobbeltalbumet.<\/p>\n<p>&#8216;Steamdome III: Beyond the En&#8217; ble urframf\u00f8rt som avslutningskonsert foran mer enn 3000 publikummere p\u00e5 Olavsfest i Trondheim. Det overordende temaet for festivalen var &#8217;tillit&#8217;. \u2014 Spennvidden p\u00e5 ut\u00f8vere i dette giga- prosjektet ligner i grunn p\u00e5 publikummet v\u00e5rt: 20-70\u00e5ringer &#8211; en tjukk, en tynn, en h\u00f8y og en lav. Om denne turen bl\u00e5ser brillene av deg, gj\u00f8r deg varm i kinna eller gj\u00f8r deg lynforbanna &#8211; s\u00e5 er det garantert noen p\u00e5 scena som f\u00f8ler akkurat det samme som deg. I &#8216;Beyond The End&#8217; kan alle finne noe \u00e5 relatere seg til, og jeg tror tilliten til det ukjente bygges gjennom det kjente. Det h\u00f8res kanskje ambisi\u00f8st ut &#8211; men det er det jo ogs\u00e5!<\/p>\n<p><strong>Besetning<\/strong><\/p>\n<p>Som en av Norges mest allsidige musikere og komponister var det m\u00f8tet med klubbmusikken som skulle tenne gnisten Ola trengte for \u00e5 starte toget Steamdome i 2017. Debutalbumet utviklet seg raskt til bandet Steamdome, og et av de mest oppsiktsvekkende kommersielle gjennombruddene for en norsk jazzmusiker var et<\/p>\n<p>faktum. Steamdome best\u00e5r i dag av Ola Kvernberg, medprodusent\/trommis\/perkusjonist Erik Nylander (Liarbird, Mechanical Fair), trommis Olaf Olsen (Bigbang, Fra Det Onde), bassist Nikolai H\u00e6ngsle (Band of Gold, Bigbang, M\u00f8ster), gitarist \u00d8yvind Blomstr\u00f8m (Orions Belte) og organist\/synthist Daniel Buner Formo (Trondheim Jazzorkester). Trondheim Symfoniorkester, ledet av dirigent Nick Davies (Royal Philharmonic Orchestra), med Daniel Turcina som konsertmester. P\u00e5 albumet gjester ogs\u00e5 gitarist Hans Magnus \u00abSnah\u00bb Ryan og vokalist Kirsti Huke.<\/p>\n<p>Albumet er spilt inn i Monkeybar Studio (Skarnes), Liarbird Studio og i Olavshallen (Trondheim). Albumet er mikset av J\u00f8rgen Tr\u00e6en og mastret av Helge Sten.<\/p>\n<p><strong>Referanser<\/strong><\/p>\n<p>Beyond the End er en interstellar reise med musikalske nikk til bl.a. Krzysztof Penderecki, Prodigy, Gustav Mahler, Maurice Ravel, Igor Stravinsky, John Coltrane, Steve Reich, Hamlet Gonashvili, The Heliocentrics og Arvo P\u00e4rt.<\/p>\n<p><\/p>","protected":false},"excerpt":{"rendered":"<p>Det er tre \u00e5r siden det kritikerroste albumet \u201cSteamdome II: The Hypogean\u201d boret seg inn i norsk musikkhistorie. N\u00e5 forsterker Ola Kvernberg besetningen med 60 musikere fra Trondheim Symfoniorkester, fyrer opp gravitasjonstoget, og sikter p\u00e5 \u00e5 skyte deg ut i stratosf\u00e6ren &#8211; Beyond The End.<\/p>\n","protected":false},"featured_media":41556,"comment_status":"open","ping_status":"closed","template":"","meta":[],"product_brand":[],"product_cat":[6],"product_tag":[8006,8033],"class_list":{"0":"post-41555","1":"product","2":"type-product","3":"status-publish","4":"has-post-thumbnail","6":"product_cat-grappa","7":"product_tag-ola-kvernberg","8":"product_tag-steamdome","9":"product_shipping_class-cddvd-shipping","10":"uni_artist_tag-ola-kvernberg","11":"uni_artist_tag-trondheim-symfoniorkester","12":"uni_main_artist_tag-ola-kvernberg","13":"uni_artist_genre-electronic","14":"uni_artist_genre-progjazz","16":"first","17":"instock","18":"taxable","19":"shipping-taxable","20":"purchasable","21":"product-type-variable"},"_links":{"self":[{"href":"https:\/\/grappa.no\/no\/wp-json\/wp\/v2\/product\/41555","targetHints":{"allow":["GET"]}}],"collection":[{"href":"https:\/\/grappa.no\/no\/wp-json\/wp\/v2\/product"}],"about":[{"href":"https:\/\/grappa.no\/no\/wp-json\/wp\/v2\/types\/product"}],"replies":[{"embeddable":true,"href":"https:\/\/grappa.no\/no\/wp-json\/wp\/v2\/comments?post=41555"}],"wp:featuredmedia":[{"embeddable":true,"href":"https:\/\/grappa.no\/no\/wp-json\/wp\/v2\/media\/41556"}],"wp:attachment":[{"href":"https:\/\/grappa.no\/no\/wp-json\/wp\/v2\/media?parent=41555"}],"wp:term":[{"taxonomy":"product_brand","embeddable":true,"href":"https:\/\/grappa.no\/no\/wp-json\/wp\/v2\/product_brand?post=41555"},{"taxonomy":"product_cat","embeddable":true,"href":"https:\/\/grappa.no\/no\/wp-json\/wp\/v2\/product_cat?post=41555"},{"taxonomy":"product_tag","embeddable":true,"href":"https:\/\/grappa.no\/no\/wp-json\/wp\/v2\/product_tag?post=41555"}],"curies":[{"name":"wp","href":"https:\/\/api.w.org\/{rel}","templated":true}]}}